{"id":6744,"date":"2021-01-25T22:24:52","date_gmt":"2021-01-25T21:24:52","guid":{"rendered":"https:\/\/breezeh2o.com\/?post_type=product&#038;p=6744"},"modified":"2022-12-13T17:50:20","modified_gmt":"2022-12-13T16:50:20","slug":"breeze-gin-miel","status":"publish","type":"product","link":"https:\/\/breezeh2o.com\/fr\/produit\/breeze-gin-miel\/","title":{"rendered":"Breeze + Gin Miel"},"content":{"rendered":"<p>Pack de 2 bouteilles: Breeze 0,5L + Gin Miel<\/p>\n<p>Brise, <strong>brouillard d&#039;eau<\/strong>, c&#039;est probablement l&#039;eau la plus pure du monde, un tr\u00e9sor du ciel!<\/p>\n<p>La brise est une eau obtenue directement de la filtration de la brume de l&#039;un des ciels les plus propres de la plan\u00e8te, sans toucher le sol, <strong>pure<\/strong>.<\/p>\n<p>Eau embouteill\u00e9e durable sans aucun traitement. Filtr\u00e9e par la nature dans son \u00e9vaporation, c&#039;est une eau de <strong>min\u00e9ralisation ultra faible<\/strong> et sans les impuret\u00e9s du sol.<\/p>\n<p>Id\u00e9al pour accompagner les meilleurs vins, whiskies et autres spiritueux, fromages et d\u00e9gustations ib\u00e9riques, et bien s\u00fbr pour faire les meilleurs th\u00e9s, caf\u00e9s et glaces.<\/p>\n<p>Profitez de l&#039;eau la plus pure du monde, accompagn\u00e9 ou seul.<\/p>\n<p class=\"font_8\">Gin Miel, de la Finca La Morilla, a obtenu un score de 91 sur 100 dans l'\u00e9dition 2019 du Guide Pe\u00f1\u00edn des spiritueux, cocktails et vermouth.<\/p>\n<p class=\"font_8\">Avec ce score, GIN MIEL entre pour la premi\u00e8re fois dans ce prestigieux manuel et est class\u00e9 gin &quot;Premium&quot;, se classant ainsi parmi les meilleurs gins et pas seulement en Espagne, en 2019, il a obtenu 2 m\u00e9dailles de bronze (Berlin International Spirits Competition et les World Gin Awards du Royaume-Uni).<\/p>\n<p>La l\u00e9gende raconte que les sorci\u00e8res de Gualba ont enchant\u00e9 les abeilles pour qu&#039;elles partent \u00e0 la recherche des fleurs les plus \u00e9tranges dans l&#039;\u00e9paisse for\u00eat. Les abeilles ensorcel\u00e9es leur ont ob\u00e9i en leur apportant le meilleur pollen qu&#039;elles ont transform\u00e9 en forme de miel. Avec ce miel, les sorci\u00e8res pr\u00e9paraient leurs concoctions les plus secr\u00e8tes. Inspir\u00e9 des sorci\u00e8res de Gualba, GIN MIEL de Finca La Morilla voit le jour, le premier gin au monde \u00e0 transporter du miel parmi ses botanistes.<\/p>\n<p>Gen\u00e9vrier, coriandre, ang\u00e9lique, peau de citron, gingembre, r\u00e9glisse et aussi miel. ALC.40%<\/p>\n<p class=\"font_8\">&nbsp;<\/p>","protected":false},"excerpt":{"rendered":"<p>Pack Breeze 0,5L + Gin Miel<\/p>","protected":false},"featured_media":6745,"comment_status":"open","ping_status":"closed","template":"","meta":{"ngg_post_thumbnail":0},"product_brand":[],"product_cat":[224,231],"product_tag":[225,226,227,232,234],"class_list":{"0":"post-6744","1":"product","2":"type-product","3":"status-publish","4":"has-post-thumbnail","6":"product_cat-agua","7":"product_cat-ginebra","8":"product_tag-breeze","9":"product_tag-agua","10":"product_tag-bebidas","11":"product_tag-ginebra","12":"product_tag-gin-miel","14":"first","15":"instock","16":"sale","17":"taxable","18":"shipping-taxable","19":"purchasable","20":"product-type-woosb"},"yoast_head":"<!-- This site is optimized with the Yoast SEO Premium plugin v21.7 (Yoast SEO v27.3) - https:\/\/yoast.com\/product\/yoast-seo-premium-wordpress\/ -->\n<title>Breeze + Gin Miel - Breeze<\/title>\n<meta name=\"robots\" content=\"index, follow, max-snippet:-1, max-image-preview:large, max-video-preview:-1\" \/>\n<link rel=\"canonical\" href=\"https:\/\/breezeh2o.com\/fr\/produit\/breeze-gin-miel\/\" \/>\n<meta property=\"og:locale\" content=\"fr_FR\" \/>\n<meta property=\"og:type\" content=\"article\" \/>\n<meta property=\"og:title\" content=\"Breeze + Gin Miel\" \/>\n<meta property=\"og:description\" content=\"Pack Breeze 0,5L + Gin Miel\" \/>\n<meta property=\"og:url\" content=\"https:\/\/breezeh2o.com\/fr\/produit\/breeze-gin-miel\/\" \/>\n<meta property=\"og:site_name\" content=\"Breeze\" \/>\n<meta property=\"article:publisher\" content=\"https:\/\/www.facebook.com\/Breeze-probablemente-el-agua-mas-pura-del-mundo-100210431687988\" \/>\n<meta property=\"article:modified_time\" content=\"2022-12-13T16:50:20+00:00\" \/>\n<meta property=\"og:image\" content=\"https:\/\/i0.wp.com\/breezeh2o.com\/wp-content\/uploads\/2021\/01\/gin-miel-breeze-mar-scaled.jpg?fit=1920%2C2560&ssl=1\" \/>\n\t<meta property=\"og:image:width\" content=\"1920\" \/>\n\t<meta property=\"og:image:height\" content=\"2560\" \/>\n\t<meta property=\"og:image:type\" content=\"image\/jpeg\" \/>\n<meta name=\"twitter:card\" content=\"summary_large_image\" \/>\n<meta name=\"twitter:label1\" content=\"Dur\u00e9e de lecture estim\u00e9e\" \/>\n\t<meta name=\"twitter:data1\" content=\"2 minutes\" \/>\n<script type=\"application\/ld+json\" class=\"yoast-schema-graph\">{\"@context\":\"https:\\\/\\\/schema.org\",\"@graph\":[{\"@type\":\"WebPage\",\"@id\":\"https:\\\/\\\/breezeh2o.com\\\/producto\\\/breeze-gin-miel\\\/\",\"url\":\"https:\\\/\\\/breezeh2o.com\\\/producto\\\/breeze-gin-miel\\\/\",\"name\":\"Breeze + Gin Miel - Breeze\",\"isPartOf\":{\"@id\":\"https:\\\/\\\/breezeh2o.com\\\/es\\\/#website\"},\"primaryImageOfPage\":{\"@id\":\"https:\\\/\\\/breezeh2o.com\\\/producto\\\/breeze-gin-miel\\\/#primaryimage\"},\"image\":{\"@id\":\"https:\\\/\\\/breezeh2o.com\\\/producto\\\/breeze-gin-miel\\\/#primaryimage\"},\"thumbnailUrl\":\"https:\\\/\\\/i0.wp.com\\\/breezeh2o.com\\\/wp-content\\\/uploads\\\/2021\\\/01\\\/gin-miel-breeze-mar-scaled.jpg?fit=1920%2C2560&ssl=1\",\"datePublished\":\"2021-01-25T21:24:52+00:00\",\"dateModified\":\"2022-12-13T16:50:20+00:00\",\"breadcrumb\":{\"@id\":\"https:\\\/\\\/breezeh2o.com\\\/producto\\\/breeze-gin-miel\\\/#breadcrumb\"},\"inLanguage\":\"fr-FR\",\"potentialAction\":[{\"@type\":\"ReadAction\",\"target\":[\"https:\\\/\\\/breezeh2o.com\\\/producto\\\/breeze-gin-miel\\\/\"]}]},{\"@type\":\"ImageObject\",\"inLanguage\":\"fr-FR\",\"@id\":\"https:\\\/\\\/breezeh2o.com\\\/producto\\\/breeze-gin-miel\\\/#primaryimage\",\"url\":\"https:\\\/\\\/i0.wp.com\\\/breezeh2o.com\\\/wp-content\\\/uploads\\\/2021\\\/01\\\/gin-miel-breeze-mar-scaled.jpg?fit=1920%2C2560&ssl=1\",\"contentUrl\":\"https:\\\/\\\/i0.wp.com\\\/breezeh2o.com\\\/wp-content\\\/uploads\\\/2021\\\/01\\\/gin-miel-breeze-mar-scaled.jpg?fit=1920%2C2560&ssl=1\",\"width\":1920,\"height\":2560},{\"@type\":\"BreadcrumbList\",\"@id\":\"https:\\\/\\\/breezeh2o.com\\\/producto\\\/breeze-gin-miel\\\/#breadcrumb\",\"itemListElement\":[{\"@type\":\"ListItem\",\"position\":1,\"name\":\"Portada\",\"item\":\"https:\\\/\\\/breezeh2o.com\\\/\"},{\"@type\":\"ListItem\",\"position\":2,\"name\":\"Tienda\",\"item\":\"https:\\\/\\\/breezeh2o.com\\\/es\\\/tienda\\\/\"},{\"@type\":\"ListItem\",\"position\":3,\"name\":\"Breeze + Gin Miel\"}]},{\"@type\":\"WebSite\",\"@id\":\"https:\\\/\\\/breezeh2o.com\\\/es\\\/#website\",\"url\":\"https:\\\/\\\/breezeh2o.com\\\/es\\\/\",\"name\":\"Breeze\",\"description\":\"Breeze, agua de niebla\",\"publisher\":{\"@id\":\"https:\\\/\\\/breezeh2o.com\\\/es\\\/#organization\"},\"potentialAction\":[{\"@type\":\"SearchAction\",\"target\":{\"@type\":\"EntryPoint\",\"urlTemplate\":\"https:\\\/\\\/breezeh2o.com\\\/es\\\/?s={search_term_string}\"},\"query-input\":{\"@type\":\"PropertyValueSpecification\",\"valueRequired\":true,\"valueName\":\"search_term_string\"}}],\"inLanguage\":\"fr-FR\"},{\"@type\":\"Organization\",\"@id\":\"https:\\\/\\\/breezeh2o.com\\\/es\\\/#organization\",\"name\":\"Breeze h2o\",\"url\":\"https:\\\/\\\/breezeh2o.com\\\/es\\\/\",\"logo\":{\"@type\":\"ImageObject\",\"inLanguage\":\"fr-FR\",\"@id\":\"https:\\\/\\\/breezeh2o.com\\\/es\\\/#\\\/schema\\\/logo\\\/image\\\/\",\"url\":\"https:\\\/\\\/i0.wp.com\\\/breezeh2o.com\\\/wp-content\\\/uploads\\\/2020\\\/05\\\/BreezeV.png?fit=912%2C826&ssl=1\",\"contentUrl\":\"https:\\\/\\\/i0.wp.com\\\/breezeh2o.com\\\/wp-content\\\/uploads\\\/2020\\\/05\\\/BreezeV.png?fit=912%2C826&ssl=1\",\"width\":912,\"height\":826,\"caption\":\"Breeze h2o\"},\"image\":{\"@id\":\"https:\\\/\\\/breezeh2o.com\\\/es\\\/#\\\/schema\\\/logo\\\/image\\\/\"},\"sameAs\":[\"https:\\\/\\\/www.facebook.com\\\/Breeze-probablemente-el-agua-mas-pura-del-mundo-100210431687988\",\"https:\\\/\\\/www.instagram.com\\\/breezeh2o\\\/\"]}]}<\/script>\n<!-- \/ Yoast SEO Premium plugin. -->","yoast_head_json":{"title":"Breeze + Gin Honey - Breeze","robots":{"index":"index","follow":"follow","max-snippet":"max-snippet:-1","max-image-preview":"max-image-preview:large","max-video-preview":"max-video-preview:-1"},"canonical":"https:\/\/breezeh2o.com\/fr\/produit\/breeze-gin-miel\/","og_locale":"fr_FR","og_type":"article","og_title":"Breeze + Gin Miel","og_description":"Pack Breeze 0,5L + Gin Miel","og_url":"https:\/\/breezeh2o.com\/fr\/produit\/breeze-gin-miel\/","og_site_name":"Breeze","article_publisher":"https:\/\/www.facebook.com\/Breeze-probablemente-el-agua-mas-pura-del-mundo-100210431687988","article_modified_time":"2022-12-13T16:50:20+00:00","og_image":[{"width":1920,"height":2560,"url":"https:\/\/i0.wp.com\/breezeh2o.com\/wp-content\/uploads\/2021\/01\/gin-miel-breeze-mar-scaled.jpg?fit=1920%2C2560&ssl=1","type":"image\/jpeg"}],"twitter_card":"summary_large_image","twitter_misc":{"Dur\u00e9e de lecture estim\u00e9e":"2 minutes"},"schema":{"@context":"https:\/\/schema.org","@graph":[{"@type":"WebPage","@id":"https:\/\/breezeh2o.com\/producto\/breeze-gin-miel\/","url":"https:\/\/breezeh2o.com\/producto\/breeze-gin-miel\/","name":"Breeze + Gin Honey - Breeze","isPartOf":{"@id":"https:\/\/breezeh2o.com\/es\/#website"},"primaryImageOfPage":{"@id":"https:\/\/breezeh2o.com\/producto\/breeze-gin-miel\/#primaryimage"},"image":{"@id":"https:\/\/breezeh2o.com\/producto\/breeze-gin-miel\/#primaryimage"},"thumbnailUrl":"https:\/\/i0.wp.com\/breezeh2o.com\/wp-content\/uploads\/2021\/01\/gin-miel-breeze-mar-scaled.jpg?fit=1920%2C2560&ssl=1","datePublished":"2021-01-25T21:24:52+00:00","dateModified":"2022-12-13T16:50:20+00:00","breadcrumb":{"@id":"https:\/\/breezeh2o.com\/producto\/breeze-gin-miel\/#breadcrumb"},"inLanguage":"fr-FR","potentialAction":[{"@type":"ReadAction","target":["https:\/\/breezeh2o.com\/producto\/breeze-gin-miel\/"]}]},{"@type":"ImageObject","inLanguage":"fr-FR","@id":"https:\/\/breezeh2o.com\/producto\/breeze-gin-miel\/#primaryimage","url":"https:\/\/i0.wp.com\/breezeh2o.com\/wp-content\/uploads\/2021\/01\/gin-miel-breeze-mar-scaled.jpg?fit=1920%2C2560&ssl=1","contentUrl":"https:\/\/i0.wp.com\/breezeh2o.com\/wp-content\/uploads\/2021\/01\/gin-miel-breeze-mar-scaled.jpg?fit=1920%2C2560&ssl=1","width":1920,"height":2560},{"@type":"BreadcrumbList","@id":"https:\/\/breezeh2o.com\/producto\/breeze-gin-miel\/#breadcrumb","itemListElement":[{"@type":"ListItem","position":1,"name":"Portada","item":"https:\/\/breezeh2o.com\/"},{"@type":"ListItem","position":2,"name":"Tienda","item":"https:\/\/breezeh2o.com\/es\/tienda\/"},{"@type":"ListItem","position":3,"name":"Breeze + Gin Miel"}]},{"@type":"WebSite","@id":"https:\/\/breezeh2o.com\/es\/#website","url":"https:\/\/breezeh2o.com\/es\/","name":"Breeze","description":"Breeze, eau de nuage","publisher":{"@id":"https:\/\/breezeh2o.com\/es\/#organization"},"potentialAction":[{"@type":"SearchAction","target":{"@type":"EntryPoint","urlTemplate":"https:\/\/breezeh2o.com\/es\/?s={search_term_string}"},"query-input":{"@type":"PropertyValueSpecification","valueRequired":true,"valueName":"search_term_string"}}],"inLanguage":"fr-FR"},{"@type":"Organization","@id":"https:\/\/breezeh2o.com\/es\/#organization","name":"Brise h2o","url":"https:\/\/breezeh2o.com\/es\/","logo":{"@type":"ImageObject","inLanguage":"fr-FR","@id":"https:\/\/breezeh2o.com\/es\/#\/schema\/logo\/image\/","url":"https:\/\/i0.wp.com\/breezeh2o.com\/wp-content\/uploads\/2020\/05\/BreezeV.png?fit=912%2C826&ssl=1","contentUrl":"https:\/\/i0.wp.com\/breezeh2o.com\/wp-content\/uploads\/2020\/05\/BreezeV.png?fit=912%2C826&ssl=1","width":912,"height":826,"caption":"Breeze h2o"},"image":{"@id":"https:\/\/breezeh2o.com\/es\/#\/schema\/logo\/image\/"},"sameAs":["https:\/\/www.facebook.com\/Breeze-probablemente-el-agua-mas-pura-del-mundo-100210431687988","https:\/\/www.instagram.com\/breezeh2o\/"]}]}},"jetpack_sharing_enabled":true,"_links":{"self":[{"href":"https:\/\/breezeh2o.com\/fr\/wp-json\/wp\/v2\/product\/6744","targetHints":{"allow":["GET"]}}],"collection":[{"href":"https:\/\/breezeh2o.com\/fr\/wp-json\/wp\/v2\/product"}],"about":[{"href":"https:\/\/breezeh2o.com\/fr\/wp-json\/wp\/v2\/types\/product"}],"replies":[{"embeddable":true,"href":"https:\/\/breezeh2o.com\/fr\/wp-json\/wp\/v2\/comments?post=6744"}],"wp:featuredmedia":[{"embeddable":true,"href":"https:\/\/breezeh2o.com\/fr\/wp-json\/wp\/v2\/media\/6745"}],"wp:attachment":[{"href":"https:\/\/breezeh2o.com\/fr\/wp-json\/wp\/v2\/media?parent=6744"}],"wp:term":[{"taxonomy":"product_brand","embeddable":true,"href":"https:\/\/breezeh2o.com\/fr\/wp-json\/wp\/v2\/product_brand?post=6744"},{"taxonomy":"product_cat","embeddable":true,"href":"https:\/\/breezeh2o.com\/fr\/wp-json\/wp\/v2\/product_cat?post=6744"},{"taxonomy":"product_tag","embeddable":true,"href":"https:\/\/breezeh2o.com\/fr\/wp-json\/wp\/v2\/product_tag?post=6744"}],"curies":[{"name":"wp","href":"https:\/\/api.w.org\/{rel}","templated":true}]}}