{"id":6742,"date":"2021-01-25T22:21:36","date_gmt":"2021-01-25T21:21:36","guid":{"rendered":"https:\/\/breezeh2o.com\/?post_type=product&#038;p=6742"},"modified":"2025-01-28T20:23:40","modified_gmt":"2025-01-28T19:23:40","slug":"breeze-gin-nebula","status":"publish","type":"product","link":"https:\/\/breezeh2o.com\/fr\/produit\/breeze-gin-nebula\/","title":{"rendered":"Breeze +  Gin Nebula"},"content":{"rendered":"<p>Pack de 2 bouteilles: Breeze 0,5L + Gin N\u00e9bula<\/p>\n<p>Brise, <strong>brouillard d&#039;eau<\/strong>, c&#039;est probablement l&#039;eau la plus pure du monde, un tr\u00e9sor du ciel!<\/p>\n<p>La brise est une eau obtenue directement de la filtration de la brume de l&#039;un des ciels les plus propres de la plan\u00e8te, sans toucher le sol, <strong>pure<\/strong>.<\/p>\n<p>Eau embouteill\u00e9e durable sans aucun traitement. Filtr\u00e9e par la nature dans son \u00e9vaporation, c&#039;est une eau de <strong>min\u00e9ralisation ultra faible<\/strong> et sans les impuret\u00e9s du sol.<\/p>\n<p>Id\u00e9al pour accompagner les meilleurs vins, whiskies et autres spiritueux, fromages et d\u00e9gustations ib\u00e9riques, et bien s\u00fbr pour faire les meilleurs th\u00e9s, caf\u00e9s et glaces.<\/p>\n<p>Profitez de l&#039;eau la plus pure du monde, accompagn\u00e9 ou seul.<\/p>\n<p><strong>Nebula Gin<\/strong> est le premier gin au monde fabriqu\u00e9 \u00e0 100% avec de l&#039;eau brumis\u00e9e Breeze.<\/p>\n<div class=\"product-details-module__content\">\n<div id=\"productDescription\" class=\"product-details__product-description\">\n<div>\n<div>Il est obtenu directement de la \u00abMer de nuages\u00bb des \u00eeles Canaries, des nuages propres qui viennent directement de l&#039;Atlantique pouss\u00e9s par les aliz\u00e9s, et dont la condensation est collect\u00e9e dans nos collecteurs brevet\u00e9s avant qu&#039;elle ne touche le sol.<\/div>\n<div>Les baies de geni\u00e8vre, la coriandre, la cardamome, le gingembre, le citron et le pamplemousse sont les plantes qui d\u00e9finissent la personnalit\u00e9 de ce Gin Premium<\/div>\n<\/div>\n<\/div>\n<\/div>","protected":false},"excerpt":{"rendered":"<p>Pack Breeze 0,5L + Gin Nebula<\/p>","protected":false},"featured_media":6743,"comment_status":"open","ping_status":"closed","template":"","meta":{"ngg_post_thumbnail":0},"product_brand":[],"product_cat":[224,231],"product_tag":[227,232,233,225,226],"class_list":{"0":"post-6742","1":"product","2":"type-product","3":"status-publish","4":"has-post-thumbnail","6":"product_cat-agua","7":"product_cat-ginebra","8":"product_tag-bebidas","9":"product_tag-ginebra","10":"product_tag-nebula","11":"product_tag-breeze","12":"product_tag-agua","14":"first","15":"instock","16":"sale","17":"taxable","18":"shipping-taxable","19":"purchasable","20":"product-type-woosb"},"yoast_head":"<!-- This site is optimized with the Yoast SEO Premium plugin v21.7 (Yoast SEO v27.3) - https:\/\/yoast.com\/product\/yoast-seo-premium-wordpress\/ -->\n<title>Breeze + Gin N\u00e9bula - Breeze<\/title>\n<meta name=\"robots\" content=\"index, follow, max-snippet:-1, max-image-preview:large, max-video-preview:-1\" \/>\n<link rel=\"canonical\" href=\"https:\/\/breezeh2o.com\/fr\/produit\/breeze-gin-nebula\/\" \/>\n<meta property=\"og:locale\" content=\"fr_FR\" \/>\n<meta property=\"og:type\" content=\"article\" \/>\n<meta property=\"og:title\" content=\"Breeze + Gin N\u00e9bula\" \/>\n<meta property=\"og:description\" content=\"Pack Breeze 0,5L + Gin N\u00e9bula\" \/>\n<meta property=\"og:url\" content=\"https:\/\/breezeh2o.com\/fr\/produit\/breeze-gin-nebula\/\" \/>\n<meta property=\"og:site_name\" content=\"Breeze\" \/>\n<meta property=\"article:publisher\" content=\"https:\/\/www.facebook.com\/Breeze-probablemente-el-agua-mas-pura-del-mundo-100210431687988\" \/>\n<meta property=\"article:modified_time\" content=\"2025-01-28T19:23:40+00:00\" \/>\n<meta property=\"og:image\" content=\"https:\/\/i0.wp.com\/breezeh2o.com\/wp-content\/uploads\/2021\/01\/breeze-nebula-mar1-scaled.jpg?fit=1920%2C2560&ssl=1\" \/>\n\t<meta property=\"og:image:width\" content=\"1920\" \/>\n\t<meta property=\"og:image:height\" content=\"2560\" \/>\n\t<meta property=\"og:image:type\" content=\"image\/jpeg\" \/>\n<meta name=\"twitter:card\" content=\"summary_large_image\" \/>\n<meta name=\"twitter:label1\" content=\"Dur\u00e9e de lecture estim\u00e9e\" \/>\n\t<meta name=\"twitter:data1\" content=\"1 minute\" \/>\n<script type=\"application\/ld+json\" class=\"yoast-schema-graph\">{\"@context\":\"https:\\\/\\\/schema.org\",\"@graph\":[{\"@type\":\"WebPage\",\"@id\":\"https:\\\/\\\/breezeh2o.com\\\/producto\\\/breeze-gin-nebula\\\/\",\"url\":\"https:\\\/\\\/breezeh2o.com\\\/producto\\\/breeze-gin-nebula\\\/\",\"name\":\"Breeze + Gin N\u00e9bula - Breeze\",\"isPartOf\":{\"@id\":\"https:\\\/\\\/breezeh2o.com\\\/es\\\/#website\"},\"primaryImageOfPage\":{\"@id\":\"https:\\\/\\\/breezeh2o.com\\\/producto\\\/breeze-gin-nebula\\\/#primaryimage\"},\"image\":{\"@id\":\"https:\\\/\\\/breezeh2o.com\\\/producto\\\/breeze-gin-nebula\\\/#primaryimage\"},\"thumbnailUrl\":\"https:\\\/\\\/i0.wp.com\\\/breezeh2o.com\\\/wp-content\\\/uploads\\\/2021\\\/01\\\/breeze-nebula-mar1-scaled.jpg?fit=1920%2C2560&ssl=1\",\"datePublished\":\"2021-01-25T21:21:36+00:00\",\"dateModified\":\"2025-01-28T19:23:40+00:00\",\"breadcrumb\":{\"@id\":\"https:\\\/\\\/breezeh2o.com\\\/producto\\\/breeze-gin-nebula\\\/#breadcrumb\"},\"inLanguage\":\"fr-FR\",\"potentialAction\":[{\"@type\":\"ReadAction\",\"target\":[\"https:\\\/\\\/breezeh2o.com\\\/producto\\\/breeze-gin-nebula\\\/\"]}]},{\"@type\":\"ImageObject\",\"inLanguage\":\"fr-FR\",\"@id\":\"https:\\\/\\\/breezeh2o.com\\\/producto\\\/breeze-gin-nebula\\\/#primaryimage\",\"url\":\"https:\\\/\\\/i0.wp.com\\\/breezeh2o.com\\\/wp-content\\\/uploads\\\/2021\\\/01\\\/breeze-nebula-mar1-scaled.jpg?fit=1920%2C2560&ssl=1\",\"contentUrl\":\"https:\\\/\\\/i0.wp.com\\\/breezeh2o.com\\\/wp-content\\\/uploads\\\/2021\\\/01\\\/breeze-nebula-mar1-scaled.jpg?fit=1920%2C2560&ssl=1\",\"width\":1920,\"height\":2560},{\"@type\":\"BreadcrumbList\",\"@id\":\"https:\\\/\\\/breezeh2o.com\\\/producto\\\/breeze-gin-nebula\\\/#breadcrumb\",\"itemListElement\":[{\"@type\":\"ListItem\",\"position\":1,\"name\":\"Portada\",\"item\":\"https:\\\/\\\/breezeh2o.com\\\/\"},{\"@type\":\"ListItem\",\"position\":2,\"name\":\"Tienda\",\"item\":\"https:\\\/\\\/breezeh2o.com\\\/es\\\/tienda\\\/\"},{\"@type\":\"ListItem\",\"position\":3,\"name\":\"Breeze + Gin N\u00e9bula\"}]},{\"@type\":\"WebSite\",\"@id\":\"https:\\\/\\\/breezeh2o.com\\\/es\\\/#website\",\"url\":\"https:\\\/\\\/breezeh2o.com\\\/es\\\/\",\"name\":\"Breeze\",\"description\":\"Breeze, agua de niebla\",\"publisher\":{\"@id\":\"https:\\\/\\\/breezeh2o.com\\\/es\\\/#organization\"},\"potentialAction\":[{\"@type\":\"SearchAction\",\"target\":{\"@type\":\"EntryPoint\",\"urlTemplate\":\"https:\\\/\\\/breezeh2o.com\\\/es\\\/?s={search_term_string}\"},\"query-input\":{\"@type\":\"PropertyValueSpecification\",\"valueRequired\":true,\"valueName\":\"search_term_string\"}}],\"inLanguage\":\"fr-FR\"},{\"@type\":\"Organization\",\"@id\":\"https:\\\/\\\/breezeh2o.com\\\/es\\\/#organization\",\"name\":\"Breeze h2o\",\"url\":\"https:\\\/\\\/breezeh2o.com\\\/es\\\/\",\"logo\":{\"@type\":\"ImageObject\",\"inLanguage\":\"fr-FR\",\"@id\":\"https:\\\/\\\/breezeh2o.com\\\/es\\\/#\\\/schema\\\/logo\\\/image\\\/\",\"url\":\"https:\\\/\\\/i0.wp.com\\\/breezeh2o.com\\\/wp-content\\\/uploads\\\/2020\\\/05\\\/BreezeV.png?fit=912%2C826&ssl=1\",\"contentUrl\":\"https:\\\/\\\/i0.wp.com\\\/breezeh2o.com\\\/wp-content\\\/uploads\\\/2020\\\/05\\\/BreezeV.png?fit=912%2C826&ssl=1\",\"width\":912,\"height\":826,\"caption\":\"Breeze h2o\"},\"image\":{\"@id\":\"https:\\\/\\\/breezeh2o.com\\\/es\\\/#\\\/schema\\\/logo\\\/image\\\/\"},\"sameAs\":[\"https:\\\/\\\/www.facebook.com\\\/Breeze-probablemente-el-agua-mas-pura-del-mundo-100210431687988\",\"https:\\\/\\\/www.instagram.com\\\/breezeh2o\\\/\"]}]}<\/script>\n<!-- \/ Yoast SEO Premium plugin. -->","yoast_head_json":{"title":"Breeze + Gin Nebula - Breeze","robots":{"index":"index","follow":"follow","max-snippet":"max-snippet:-1","max-image-preview":"max-image-preview:large","max-video-preview":"max-video-preview:-1"},"canonical":"https:\/\/breezeh2o.com\/fr\/produit\/breeze-gin-nebula\/","og_locale":"fr_FR","og_type":"article","og_title":"Breeze + Gin N\u00e9bula","og_description":"Pack Breeze 0,5L + Gin N\u00e9bula","og_url":"https:\/\/breezeh2o.com\/fr\/produit\/breeze-gin-nebula\/","og_site_name":"Breeze","article_publisher":"https:\/\/www.facebook.com\/Breeze-probablemente-el-agua-mas-pura-del-mundo-100210431687988","article_modified_time":"2025-01-28T19:23:40+00:00","og_image":[{"width":1920,"height":2560,"url":"https:\/\/i0.wp.com\/breezeh2o.com\/wp-content\/uploads\/2021\/01\/breeze-nebula-mar1-scaled.jpg?fit=1920%2C2560&ssl=1","type":"image\/jpeg"}],"twitter_card":"summary_large_image","twitter_misc":{"Dur\u00e9e de lecture estim\u00e9e":"1 minute"},"schema":{"@context":"https:\/\/schema.org","@graph":[{"@type":"WebPage","@id":"https:\/\/breezeh2o.com\/producto\/breeze-gin-nebula\/","url":"https:\/\/breezeh2o.com\/producto\/breeze-gin-nebula\/","name":"Breeze + Gin Nebula - Breeze","isPartOf":{"@id":"https:\/\/breezeh2o.com\/es\/#website"},"primaryImageOfPage":{"@id":"https:\/\/breezeh2o.com\/producto\/breeze-gin-nebula\/#primaryimage"},"image":{"@id":"https:\/\/breezeh2o.com\/producto\/breeze-gin-nebula\/#primaryimage"},"thumbnailUrl":"https:\/\/i0.wp.com\/breezeh2o.com\/wp-content\/uploads\/2021\/01\/breeze-nebula-mar1-scaled.jpg?fit=1920%2C2560&ssl=1","datePublished":"2021-01-25T21:21:36+00:00","dateModified":"2025-01-28T19:23:40+00:00","breadcrumb":{"@id":"https:\/\/breezeh2o.com\/producto\/breeze-gin-nebula\/#breadcrumb"},"inLanguage":"fr-FR","potentialAction":[{"@type":"ReadAction","target":["https:\/\/breezeh2o.com\/producto\/breeze-gin-nebula\/"]}]},{"@type":"ImageObject","inLanguage":"fr-FR","@id":"https:\/\/breezeh2o.com\/producto\/breeze-gin-nebula\/#primaryimage","url":"https:\/\/i0.wp.com\/breezeh2o.com\/wp-content\/uploads\/2021\/01\/breeze-nebula-mar1-scaled.jpg?fit=1920%2C2560&ssl=1","contentUrl":"https:\/\/i0.wp.com\/breezeh2o.com\/wp-content\/uploads\/2021\/01\/breeze-nebula-mar1-scaled.jpg?fit=1920%2C2560&ssl=1","width":1920,"height":2560},{"@type":"BreadcrumbList","@id":"https:\/\/breezeh2o.com\/producto\/breeze-gin-nebula\/#breadcrumb","itemListElement":[{"@type":"ListItem","position":1,"name":"Portada","item":"https:\/\/breezeh2o.com\/"},{"@type":"ListItem","position":2,"name":"Tienda","item":"https:\/\/breezeh2o.com\/es\/tienda\/"},{"@type":"ListItem","position":3,"name":"Breeze + Gin N\u00e9bula"}]},{"@type":"WebSite","@id":"https:\/\/breezeh2o.com\/es\/#website","url":"https:\/\/breezeh2o.com\/es\/","name":"Breeze","description":"Breeze, eau de nuage","publisher":{"@id":"https:\/\/breezeh2o.com\/es\/#organization"},"potentialAction":[{"@type":"SearchAction","target":{"@type":"EntryPoint","urlTemplate":"https:\/\/breezeh2o.com\/es\/?s={search_term_string}"},"query-input":{"@type":"PropertyValueSpecification","valueRequired":true,"valueName":"search_term_string"}}],"inLanguage":"fr-FR"},{"@type":"Organization","@id":"https:\/\/breezeh2o.com\/es\/#organization","name":"Brise h2o","url":"https:\/\/breezeh2o.com\/es\/","logo":{"@type":"ImageObject","inLanguage":"fr-FR","@id":"https:\/\/breezeh2o.com\/es\/#\/schema\/logo\/image\/","url":"https:\/\/i0.wp.com\/breezeh2o.com\/wp-content\/uploads\/2020\/05\/BreezeV.png?fit=912%2C826&ssl=1","contentUrl":"https:\/\/i0.wp.com\/breezeh2o.com\/wp-content\/uploads\/2020\/05\/BreezeV.png?fit=912%2C826&ssl=1","width":912,"height":826,"caption":"Breeze h2o"},"image":{"@id":"https:\/\/breezeh2o.com\/es\/#\/schema\/logo\/image\/"},"sameAs":["https:\/\/www.facebook.com\/Breeze-probablemente-el-agua-mas-pura-del-mundo-100210431687988","https:\/\/www.instagram.com\/breezeh2o\/"]}]}},"jetpack_sharing_enabled":true,"_links":{"self":[{"href":"https:\/\/breezeh2o.com\/fr\/wp-json\/wp\/v2\/product\/6742","targetHints":{"allow":["GET"]}}],"collection":[{"href":"https:\/\/breezeh2o.com\/fr\/wp-json\/wp\/v2\/product"}],"about":[{"href":"https:\/\/breezeh2o.com\/fr\/wp-json\/wp\/v2\/types\/product"}],"replies":[{"embeddable":true,"href":"https:\/\/breezeh2o.com\/fr\/wp-json\/wp\/v2\/comments?post=6742"}],"wp:featuredmedia":[{"embeddable":true,"href":"https:\/\/breezeh2o.com\/fr\/wp-json\/wp\/v2\/media\/6743"}],"wp:attachment":[{"href":"https:\/\/breezeh2o.com\/fr\/wp-json\/wp\/v2\/media?parent=6742"}],"wp:term":[{"taxonomy":"product_brand","embeddable":true,"href":"https:\/\/breezeh2o.com\/fr\/wp-json\/wp\/v2\/product_brand?post=6742"},{"taxonomy":"product_cat","embeddable":true,"href":"https:\/\/breezeh2o.com\/fr\/wp-json\/wp\/v2\/product_cat?post=6742"},{"taxonomy":"product_tag","embeddable":true,"href":"https:\/\/breezeh2o.com\/fr\/wp-json\/wp\/v2\/product_tag?post=6742"}],"curies":[{"name":"wp","href":"https:\/\/api.w.org\/{rel}","templated":true}]}}