{"id":6735,"date":"2021-01-25T21:07:51","date_gmt":"2021-01-25T20:07:51","guid":{"rendered":"https:\/\/breezeh2o.com\/?post_type=product&#038;p=6735"},"modified":"2025-08-25T18:04:08","modified_gmt":"2025-08-25T17:04:08","slug":"trio-de-breeze-agua-de-niebla-x3","status":"publish","type":"product","link":"https:\/\/breezeh2o.com\/fr\/produit\/trio-de-breeze-agua-de-niebla-x3\/","title":{"rendered":"Breeze Trio, Eau de nuage x3"},"content":{"rendered":"<p>Pack de 3 bouteilles de Breeze 0,5L<\/p>\n<p>Brise, <strong>brouillard d&#039;eau<\/strong>, c&#039;est probablement l&#039;eau la plus pure du monde, un tr\u00e9sor du ciel!<\/p>\n<p>La brise est une eau obtenue directement de la filtration de la brume de l&#039;un des ciels les plus propres de la plan\u00e8te, sans toucher le sol, <strong>pure<\/strong>.<\/p>\n<p>Eau embouteill\u00e9e durable sans aucun traitement. Filtr\u00e9e par la nature dans son \u00e9vaporation, c&#039;est une eau de <strong>min\u00e9ralisation ultra faible<\/strong> et sans les impuret\u00e9s du sol.<\/p>\n<p>Id\u00e9al pour accompagner les meilleurs vins, whiskies et autres spiritueux, fromages et d\u00e9gustations ib\u00e9riques, et bien s\u00fbr pour faire les meilleurs th\u00e9s, caf\u00e9s et glaces.<\/p>\n<p>Profitez de l&#039;eau la plus pure du monde, accompagn\u00e9 ou seul.<\/p>\n<p>Bouteille en verre de 0,5 L x3<\/p>\n<p>&nbsp;<\/p>","protected":false},"excerpt":{"rendered":"<p>Breeze, eau de nuage, bouteille en verre 0,5L Pack x3<\/p>","protected":false},"featured_media":6761,"comment_status":"open","ping_status":"closed","template":"","meta":{"ngg_post_thumbnail":0},"product_brand":[],"product_cat":[224],"product_tag":[225,226,227],"class_list":{"0":"post-6735","1":"product","2":"type-product","3":"status-publish","4":"has-post-thumbnail","6":"product_cat-agua","7":"product_tag-breeze","8":"product_tag-agua","9":"product_tag-bebidas","11":"first","12":"instock","13":"taxable","14":"shipping-taxable","15":"purchasable","16":"product-type-woosb"},"yoast_head":"<!-- This site is optimized with the Yoast SEO Premium plugin v21.7 (Yoast SEO v27.3) - https:\/\/yoast.com\/product\/yoast-seo-premium-wordpress\/ -->\n<title>Trio de Breeze, agua de niebla x3 - Breeze<\/title>\n<meta name=\"robots\" content=\"index, follow, max-snippet:-1, max-image-preview:large, max-video-preview:-1\" \/>\n<link rel=\"canonical\" href=\"https:\/\/breezeh2o.com\/fr\/produit\/trio-de-breeze-agua-de-niebla-x3\/\" \/>\n<meta property=\"og:locale\" content=\"fr_FR\" \/>\n<meta property=\"og:type\" content=\"article\" \/>\n<meta property=\"og:title\" content=\"Trio de Breeze, agua de niebla x3\" \/>\n<meta property=\"og:description\" content=\"Breeze, agua de niebla, botella cristal 0,5L Pack x3\" \/>\n<meta property=\"og:url\" content=\"https:\/\/breezeh2o.com\/fr\/produit\/trio-de-breeze-agua-de-niebla-x3\/\" \/>\n<meta property=\"og:site_name\" content=\"Breeze\" \/>\n<meta property=\"article:publisher\" content=\"https:\/\/www.facebook.com\/Breeze-probablemente-el-agua-mas-pura-del-mundo-100210431687988\" \/>\n<meta property=\"article:modified_time\" content=\"2025-08-25T17:04:08+00:00\" \/>\n<meta property=\"og:image\" content=\"https:\/\/breezeh2o.com\/wp-content\/uploads\/2021\/01\/3botellas-breeze.jpg\" \/>\n\t<meta property=\"og:image:width\" content=\"300\" \/>\n\t<meta property=\"og:image:height\" content=\"300\" \/>\n\t<meta property=\"og:image:type\" content=\"image\/jpeg\" \/>\n<meta name=\"twitter:card\" content=\"summary_large_image\" \/>\n<meta name=\"twitter:label1\" content=\"Dur\u00e9e de lecture estim\u00e9e\" \/>\n\t<meta name=\"twitter:data1\" content=\"1 minute\" \/>\n<script type=\"application\/ld+json\" class=\"yoast-schema-graph\">{\"@context\":\"https:\\\/\\\/schema.org\",\"@graph\":[{\"@type\":\"WebPage\",\"@id\":\"https:\\\/\\\/breezeh2o.com\\\/producto\\\/trio-de-breeze-agua-de-niebla-x3\\\/\",\"url\":\"https:\\\/\\\/breezeh2o.com\\\/producto\\\/trio-de-breeze-agua-de-niebla-x3\\\/\",\"name\":\"Trio de Breeze, agua de niebla x3 - Breeze\",\"isPartOf\":{\"@id\":\"https:\\\/\\\/breezeh2o.com\\\/es\\\/#website\"},\"primaryImageOfPage\":{\"@id\":\"https:\\\/\\\/breezeh2o.com\\\/producto\\\/trio-de-breeze-agua-de-niebla-x3\\\/#primaryimage\"},\"image\":{\"@id\":\"https:\\\/\\\/breezeh2o.com\\\/producto\\\/trio-de-breeze-agua-de-niebla-x3\\\/#primaryimage\"},\"thumbnailUrl\":\"https:\\\/\\\/i0.wp.com\\\/breezeh2o.com\\\/wp-content\\\/uploads\\\/2021\\\/01\\\/3botellas-breeze.jpg?fit=300%2C300&ssl=1\",\"datePublished\":\"2021-01-25T20:07:51+00:00\",\"dateModified\":\"2025-08-25T17:04:08+00:00\",\"breadcrumb\":{\"@id\":\"https:\\\/\\\/breezeh2o.com\\\/producto\\\/trio-de-breeze-agua-de-niebla-x3\\\/#breadcrumb\"},\"inLanguage\":\"fr-FR\",\"potentialAction\":[{\"@type\":\"ReadAction\",\"target\":[\"https:\\\/\\\/breezeh2o.com\\\/producto\\\/trio-de-breeze-agua-de-niebla-x3\\\/\"]}]},{\"@type\":\"ImageObject\",\"inLanguage\":\"fr-FR\",\"@id\":\"https:\\\/\\\/breezeh2o.com\\\/producto\\\/trio-de-breeze-agua-de-niebla-x3\\\/#primaryimage\",\"url\":\"https:\\\/\\\/i0.wp.com\\\/breezeh2o.com\\\/wp-content\\\/uploads\\\/2021\\\/01\\\/3botellas-breeze.jpg?fit=300%2C300&ssl=1\",\"contentUrl\":\"https:\\\/\\\/i0.wp.com\\\/breezeh2o.com\\\/wp-content\\\/uploads\\\/2021\\\/01\\\/3botellas-breeze.jpg?fit=300%2C300&ssl=1\",\"width\":300,\"height\":300,\"caption\":\"3 botellas breeze\"},{\"@type\":\"BreadcrumbList\",\"@id\":\"https:\\\/\\\/breezeh2o.com\\\/producto\\\/trio-de-breeze-agua-de-niebla-x3\\\/#breadcrumb\",\"itemListElement\":[{\"@type\":\"ListItem\",\"position\":1,\"name\":\"Portada\",\"item\":\"https:\\\/\\\/breezeh2o.com\\\/\"},{\"@type\":\"ListItem\",\"position\":2,\"name\":\"Tienda\",\"item\":\"https:\\\/\\\/breezeh2o.com\\\/es\\\/tienda\\\/\"},{\"@type\":\"ListItem\",\"position\":3,\"name\":\"Trio de Breeze, agua de niebla x3\"}]},{\"@type\":\"WebSite\",\"@id\":\"https:\\\/\\\/breezeh2o.com\\\/es\\\/#website\",\"url\":\"https:\\\/\\\/breezeh2o.com\\\/es\\\/\",\"name\":\"Breeze\",\"description\":\"Breeze, agua de niebla\",\"publisher\":{\"@id\":\"https:\\\/\\\/breezeh2o.com\\\/es\\\/#organization\"},\"potentialAction\":[{\"@type\":\"SearchAction\",\"target\":{\"@type\":\"EntryPoint\",\"urlTemplate\":\"https:\\\/\\\/breezeh2o.com\\\/es\\\/?s={search_term_string}\"},\"query-input\":{\"@type\":\"PropertyValueSpecification\",\"valueRequired\":true,\"valueName\":\"search_term_string\"}}],\"inLanguage\":\"fr-FR\"},{\"@type\":\"Organization\",\"@id\":\"https:\\\/\\\/breezeh2o.com\\\/es\\\/#organization\",\"name\":\"Breeze h2o\",\"url\":\"https:\\\/\\\/breezeh2o.com\\\/es\\\/\",\"logo\":{\"@type\":\"ImageObject\",\"inLanguage\":\"fr-FR\",\"@id\":\"https:\\\/\\\/breezeh2o.com\\\/es\\\/#\\\/schema\\\/logo\\\/image\\\/\",\"url\":\"https:\\\/\\\/i0.wp.com\\\/breezeh2o.com\\\/wp-content\\\/uploads\\\/2020\\\/05\\\/BreezeV.png?fit=912%2C826&ssl=1\",\"contentUrl\":\"https:\\\/\\\/i0.wp.com\\\/breezeh2o.com\\\/wp-content\\\/uploads\\\/2020\\\/05\\\/BreezeV.png?fit=912%2C826&ssl=1\",\"width\":912,\"height\":826,\"caption\":\"Breeze h2o\"},\"image\":{\"@id\":\"https:\\\/\\\/breezeh2o.com\\\/es\\\/#\\\/schema\\\/logo\\\/image\\\/\"},\"sameAs\":[\"https:\\\/\\\/www.facebook.com\\\/Breeze-probablemente-el-agua-mas-pura-del-mundo-100210431687988\",\"https:\\\/\\\/www.instagram.com\\\/breezeh2o\\\/\"]}]}<\/script>\n<!-- \/ Yoast SEO Premium plugin. -->","yoast_head_json":{"title":"Breeze Trio, eau de nuage x3 - Breeze","robots":{"index":"index","follow":"follow","max-snippet":"max-snippet:-1","max-image-preview":"max-image-preview:large","max-video-preview":"max-video-preview:-1"},"canonical":"https:\/\/breezeh2o.com\/fr\/produit\/trio-de-breeze-agua-de-niebla-x3\/","og_locale":"fr_FR","og_type":"article","og_title":"Trio de Breeze, agua de niebla x3","og_description":"Breeze, agua de niebla, botella cristal 0,5L Pack x3","og_url":"https:\/\/breezeh2o.com\/fr\/produit\/trio-de-breeze-agua-de-niebla-x3\/","og_site_name":"Breeze","article_publisher":"https:\/\/www.facebook.com\/Breeze-probablemente-el-agua-mas-pura-del-mundo-100210431687988","article_modified_time":"2025-08-25T17:04:08+00:00","og_image":[{"width":300,"height":300,"url":"https:\/\/breezeh2o.com\/wp-content\/uploads\/2021\/01\/3botellas-breeze.jpg","type":"image\/jpeg"}],"twitter_card":"summary_large_image","twitter_misc":{"Dur\u00e9e de lecture estim\u00e9e":"1 minute"},"schema":{"@context":"https:\/\/schema.org","@graph":[{"@type":"WebPage","@id":"https:\/\/breezeh2o.com\/producto\/trio-de-breeze-agua-de-niebla-x3\/","url":"https:\/\/breezeh2o.com\/producto\/trio-de-breeze-agua-de-niebla-x3\/","name":"Breeze Trio, eau de nuage x3 - Breeze","isPartOf":{"@id":"https:\/\/breezeh2o.com\/es\/#website"},"primaryImageOfPage":{"@id":"https:\/\/breezeh2o.com\/producto\/trio-de-breeze-agua-de-niebla-x3\/#primaryimage"},"image":{"@id":"https:\/\/breezeh2o.com\/producto\/trio-de-breeze-agua-de-niebla-x3\/#primaryimage"},"thumbnailUrl":"https:\/\/i0.wp.com\/breezeh2o.com\/wp-content\/uploads\/2021\/01\/3botellas-breeze.jpg?fit=300%2C300&ssl=1","datePublished":"2021-01-25T20:07:51+00:00","dateModified":"2025-08-25T17:04:08+00:00","breadcrumb":{"@id":"https:\/\/breezeh2o.com\/producto\/trio-de-breeze-agua-de-niebla-x3\/#breadcrumb"},"inLanguage":"fr-FR","potentialAction":[{"@type":"ReadAction","target":["https:\/\/breezeh2o.com\/producto\/trio-de-breeze-agua-de-niebla-x3\/"]}]},{"@type":"ImageObject","inLanguage":"fr-FR","@id":"https:\/\/breezeh2o.com\/producto\/trio-de-breeze-agua-de-niebla-x3\/#primaryimage","url":"https:\/\/i0.wp.com\/breezeh2o.com\/wp-content\/uploads\/2021\/01\/3botellas-breeze.jpg?fit=300%2C300&ssl=1","contentUrl":"https:\/\/i0.wp.com\/breezeh2o.com\/wp-content\/uploads\/2021\/01\/3botellas-breeze.jpg?fit=300%2C300&ssl=1","width":300,"height":300,"caption":"3 botellas breeze"},{"@type":"BreadcrumbList","@id":"https:\/\/breezeh2o.com\/producto\/trio-de-breeze-agua-de-niebla-x3\/#breadcrumb","itemListElement":[{"@type":"ListItem","position":1,"name":"Portada","item":"https:\/\/breezeh2o.com\/"},{"@type":"ListItem","position":2,"name":"Tienda","item":"https:\/\/breezeh2o.com\/es\/tienda\/"},{"@type":"ListItem","position":3,"name":"Trio de Breeze, agua de niebla x3"}]},{"@type":"WebSite","@id":"https:\/\/breezeh2o.com\/es\/#website","url":"https:\/\/breezeh2o.com\/es\/","name":"Breeze","description":"Breeze, eau de nuage","publisher":{"@id":"https:\/\/breezeh2o.com\/es\/#organization"},"potentialAction":[{"@type":"SearchAction","target":{"@type":"EntryPoint","urlTemplate":"https:\/\/breezeh2o.com\/es\/?s={search_term_string}"},"query-input":{"@type":"PropertyValueSpecification","valueRequired":true,"valueName":"search_term_string"}}],"inLanguage":"fr-FR"},{"@type":"Organization","@id":"https:\/\/breezeh2o.com\/es\/#organization","name":"Brise h2o","url":"https:\/\/breezeh2o.com\/es\/","logo":{"@type":"ImageObject","inLanguage":"fr-FR","@id":"https:\/\/breezeh2o.com\/es\/#\/schema\/logo\/image\/","url":"https:\/\/i0.wp.com\/breezeh2o.com\/wp-content\/uploads\/2020\/05\/BreezeV.png?fit=912%2C826&ssl=1","contentUrl":"https:\/\/i0.wp.com\/breezeh2o.com\/wp-content\/uploads\/2020\/05\/BreezeV.png?fit=912%2C826&ssl=1","width":912,"height":826,"caption":"Breeze h2o"},"image":{"@id":"https:\/\/breezeh2o.com\/es\/#\/schema\/logo\/image\/"},"sameAs":["https:\/\/www.facebook.com\/Breeze-probablemente-el-agua-mas-pura-del-mundo-100210431687988","https:\/\/www.instagram.com\/breezeh2o\/"]}]}},"jetpack_sharing_enabled":true,"_links":{"self":[{"href":"https:\/\/breezeh2o.com\/fr\/wp-json\/wp\/v2\/product\/6735","targetHints":{"allow":["GET"]}}],"collection":[{"href":"https:\/\/breezeh2o.com\/fr\/wp-json\/wp\/v2\/product"}],"about":[{"href":"https:\/\/breezeh2o.com\/fr\/wp-json\/wp\/v2\/types\/product"}],"replies":[{"embeddable":true,"href":"https:\/\/breezeh2o.com\/fr\/wp-json\/wp\/v2\/comments?post=6735"}],"wp:featuredmedia":[{"embeddable":true,"href":"https:\/\/breezeh2o.com\/fr\/wp-json\/wp\/v2\/media\/6761"}],"wp:attachment":[{"href":"https:\/\/breezeh2o.com\/fr\/wp-json\/wp\/v2\/media?parent=6735"}],"wp:term":[{"taxonomy":"product_brand","embeddable":true,"href":"https:\/\/breezeh2o.com\/fr\/wp-json\/wp\/v2\/product_brand?post=6735"},{"taxonomy":"product_cat","embeddable":true,"href":"https:\/\/breezeh2o.com\/fr\/wp-json\/wp\/v2\/product_cat?post=6735"},{"taxonomy":"product_tag","embeddable":true,"href":"https:\/\/breezeh2o.com\/fr\/wp-json\/wp\/v2\/product_tag?post=6735"}],"curies":[{"name":"wp","href":"https:\/\/api.w.org\/{rel}","templated":true}]}}