{"id":6454,"date":"2020-06-08T15:10:17","date_gmt":"2020-06-08T14:10:17","guid":{"rendered":"https:\/\/breezeh2o.com\/?post_type=product&#038;p=6454"},"modified":"2025-12-14T18:34:58","modified_gmt":"2025-12-14T17:34:58","slug":"cata-de-ginebras","status":"publish","type":"product","link":"https:\/\/breezeh2o.com\/fr\/produit\/cata-de-ginebras\/","title":{"rendered":"Atelier de d\u00e9gustation de gin"},"content":{"rendered":"<p>Si vous souhaitez assister \u00e0 un atelier de d\u00e9gustation de gin dans lequel vous apprendrez aupr\u00e8s de l&#039;un des barmans les plus renomm\u00e9s, vous \u00eates au lieu id\u00e9al.<\/p>\n<p>D\u00e8s que nous aurons un minimum d&#039;int\u00e9r\u00eat pour votre ville, nous organiserons le prochain atelier.<\/p>\n<p>Si vous souhaitez que nous vous en informions, ins\u00e9rez cet article dans le panier et laissez-nous votre e-mail afin que nous puissions vous en informer et que vous puissiez \u00e9valuer \u00e0 ce moment-l\u00e0 si vous \u00eates int\u00e9ress\u00e9 \u00e0 participer.<\/p>\n<p>&nbsp;<\/p>","protected":false},"excerpt":{"rendered":"<p>Si quieres asistir a un taller de cata de ginebras en el cual aprender de la mano de uno de los m\u00e1s reconocidos bartenders, has llegado al sitio ideal. Tan pronto como tengamos un m\u00ednimo de interesados en tu ciudad [&hellip;]<\/p>\n","protected":false},"featured_media":6671,"comment_status":"open","ping_status":"closed","template":"","meta":{"ngg_post_thumbnail":0},"product_brand":[],"product_cat":[231,229],"product_tag":[230,232,233,234],"class_list":{"0":"post-6454","1":"product","2":"type-product","3":"status-publish","4":"has-post-thumbnail","6":"product_cat-ginebra","7":"product_cat-catas-de-aguas-y-ginebras-disfruta-de-una-experiencia-sensorial-unica","8":"product_tag-cata","9":"product_tag-ginebra","10":"product_tag-nebula","11":"product_tag-gin-miel","13":"first","14":"instock","15":"sale","16":"virtual","17":"taxable","18":"purchasable","19":"product-type-simple"},"yoast_head":"<!-- This site is optimized with the Yoast SEO Premium plugin v21.7 (Yoast SEO v27.3) - https:\/\/yoast.com\/product\/yoast-seo-premium-wordpress\/ -->\n<title>Taller de cata de ginebras - Breeze<\/title>\n<meta name=\"robots\" content=\"index, follow, max-snippet:-1, max-image-preview:large, max-video-preview:-1\" \/>\n<link rel=\"canonical\" href=\"https:\/\/breezeh2o.com\/fr\/produit\/cata-de-ginebras\/\" \/>\n<meta property=\"og:locale\" content=\"fr_FR\" \/>\n<meta property=\"og:type\" content=\"article\" \/>\n<meta property=\"og:title\" content=\"Taller de cata de ginebras\" \/>\n<meta property=\"og:description\" content=\"Si quieres asistir a un taller de cata de ginebras en el cual aprender de la mano de uno de los m\u00e1s reconocidos bartenders, has llegado al sitio ideal. Tan pronto como tengamos un m\u00ednimo de interesados en tu ciudad [&hellip;]\" \/>\n<meta property=\"og:url\" content=\"https:\/\/breezeh2o.com\/fr\/produit\/cata-de-ginebras\/\" \/>\n<meta property=\"og:site_name\" content=\"Breeze\" \/>\n<meta property=\"article:publisher\" content=\"https:\/\/www.facebook.com\/Breeze-probablemente-el-agua-mas-pura-del-mundo-100210431687988\" \/>\n<meta property=\"article:modified_time\" content=\"2025-12-14T17:34:58+00:00\" \/>\n<meta property=\"og:image\" content=\"https:\/\/breezeh2o.com\/wp-content\/uploads\/2020\/06\/pexels-photo-616836.jpeg\" \/>\n\t<meta property=\"og:image:width\" content=\"500\" \/>\n\t<meta property=\"og:image:height\" content=\"333\" \/>\n\t<meta property=\"og:image:type\" content=\"image\/jpeg\" \/>\n<meta name=\"twitter:card\" content=\"summary_large_image\" \/>\n<script type=\"application\/ld+json\" class=\"yoast-schema-graph\">{\"@context\":\"https:\\\/\\\/schema.org\",\"@graph\":[{\"@type\":\"WebPage\",\"@id\":\"https:\\\/\\\/breezeh2o.com\\\/producto\\\/cata-de-ginebras\\\/\",\"url\":\"https:\\\/\\\/breezeh2o.com\\\/producto\\\/cata-de-ginebras\\\/\",\"name\":\"Taller de cata de ginebras - Breeze\",\"isPartOf\":{\"@id\":\"https:\\\/\\\/breezeh2o.com\\\/es\\\/#website\"},\"primaryImageOfPage\":{\"@id\":\"https:\\\/\\\/breezeh2o.com\\\/producto\\\/cata-de-ginebras\\\/#primaryimage\"},\"image\":{\"@id\":\"https:\\\/\\\/breezeh2o.com\\\/producto\\\/cata-de-ginebras\\\/#primaryimage\"},\"thumbnailUrl\":\"https:\\\/\\\/i0.wp.com\\\/breezeh2o.com\\\/wp-content\\\/uploads\\\/2020\\\/06\\\/pexels-photo-616836.jpeg?fit=500%2C333&ssl=1\",\"datePublished\":\"2020-06-08T14:10:17+00:00\",\"dateModified\":\"2025-12-14T17:34:58+00:00\",\"breadcrumb\":{\"@id\":\"https:\\\/\\\/breezeh2o.com\\\/producto\\\/cata-de-ginebras\\\/#breadcrumb\"},\"inLanguage\":\"fr-FR\",\"potentialAction\":[{\"@type\":\"ReadAction\",\"target\":[\"https:\\\/\\\/breezeh2o.com\\\/producto\\\/cata-de-ginebras\\\/\"]}]},{\"@type\":\"ImageObject\",\"inLanguage\":\"fr-FR\",\"@id\":\"https:\\\/\\\/breezeh2o.com\\\/producto\\\/cata-de-ginebras\\\/#primaryimage\",\"url\":\"https:\\\/\\\/i0.wp.com\\\/breezeh2o.com\\\/wp-content\\\/uploads\\\/2020\\\/06\\\/pexels-photo-616836.jpeg?fit=500%2C333&ssl=1\",\"contentUrl\":\"https:\\\/\\\/i0.wp.com\\\/breezeh2o.com\\\/wp-content\\\/uploads\\\/2020\\\/06\\\/pexels-photo-616836.jpeg?fit=500%2C333&ssl=1\",\"width\":500,\"height\":333},{\"@type\":\"BreadcrumbList\",\"@id\":\"https:\\\/\\\/breezeh2o.com\\\/producto\\\/cata-de-ginebras\\\/#breadcrumb\",\"itemListElement\":[{\"@type\":\"ListItem\",\"position\":1,\"name\":\"Portada\",\"item\":\"https:\\\/\\\/breezeh2o.com\\\/\"},{\"@type\":\"ListItem\",\"position\":2,\"name\":\"Tienda\",\"item\":\"https:\\\/\\\/breezeh2o.com\\\/es\\\/tienda\\\/\"},{\"@type\":\"ListItem\",\"position\":3,\"name\":\"Taller de cata de ginebras\"}]},{\"@type\":\"WebSite\",\"@id\":\"https:\\\/\\\/breezeh2o.com\\\/es\\\/#website\",\"url\":\"https:\\\/\\\/breezeh2o.com\\\/es\\\/\",\"name\":\"Breeze\",\"description\":\"Breeze, agua de niebla\",\"publisher\":{\"@id\":\"https:\\\/\\\/breezeh2o.com\\\/es\\\/#organization\"},\"potentialAction\":[{\"@type\":\"SearchAction\",\"target\":{\"@type\":\"EntryPoint\",\"urlTemplate\":\"https:\\\/\\\/breezeh2o.com\\\/es\\\/?s={search_term_string}\"},\"query-input\":{\"@type\":\"PropertyValueSpecification\",\"valueRequired\":true,\"valueName\":\"search_term_string\"}}],\"inLanguage\":\"fr-FR\"},{\"@type\":\"Organization\",\"@id\":\"https:\\\/\\\/breezeh2o.com\\\/es\\\/#organization\",\"name\":\"Breeze h2o\",\"url\":\"https:\\\/\\\/breezeh2o.com\\\/es\\\/\",\"logo\":{\"@type\":\"ImageObject\",\"inLanguage\":\"fr-FR\",\"@id\":\"https:\\\/\\\/breezeh2o.com\\\/es\\\/#\\\/schema\\\/logo\\\/image\\\/\",\"url\":\"https:\\\/\\\/i0.wp.com\\\/breezeh2o.com\\\/wp-content\\\/uploads\\\/2020\\\/05\\\/BreezeV.png?fit=912%2C826&ssl=1\",\"contentUrl\":\"https:\\\/\\\/i0.wp.com\\\/breezeh2o.com\\\/wp-content\\\/uploads\\\/2020\\\/05\\\/BreezeV.png?fit=912%2C826&ssl=1\",\"width\":912,\"height\":826,\"caption\":\"Breeze h2o\"},\"image\":{\"@id\":\"https:\\\/\\\/breezeh2o.com\\\/es\\\/#\\\/schema\\\/logo\\\/image\\\/\"},\"sameAs\":[\"https:\\\/\\\/www.facebook.com\\\/Breeze-probablemente-el-agua-mas-pura-del-mundo-100210431687988\",\"https:\\\/\\\/www.instagram.com\\\/breezeh2o\\\/\"]}]}<\/script>\n<!-- \/ Yoast SEO Premium plugin. -->","yoast_head_json":{"title":"Atelier de d\u00e9gustation de gin - Breeze","robots":{"index":"index","follow":"follow","max-snippet":"max-snippet:-1","max-image-preview":"max-image-preview:large","max-video-preview":"max-video-preview:-1"},"canonical":"https:\/\/breezeh2o.com\/fr\/produit\/cata-de-ginebras\/","og_locale":"fr_FR","og_type":"article","og_title":"Taller de cata de ginebras","og_description":"Si quieres asistir a un taller de cata de ginebras en el cual aprender de la mano de uno de los m\u00e1s reconocidos bartenders, has llegado al sitio ideal. Tan pronto como tengamos un m\u00ednimo de interesados en tu ciudad [&hellip;]","og_url":"https:\/\/breezeh2o.com\/fr\/produit\/cata-de-ginebras\/","og_site_name":"Breeze","article_publisher":"https:\/\/www.facebook.com\/Breeze-probablemente-el-agua-mas-pura-del-mundo-100210431687988","article_modified_time":"2025-12-14T17:34:58+00:00","og_image":[{"width":500,"height":333,"url":"https:\/\/breezeh2o.com\/wp-content\/uploads\/2020\/06\/pexels-photo-616836.jpeg","type":"image\/jpeg"}],"twitter_card":"summary_large_image","schema":{"@context":"https:\/\/schema.org","@graph":[{"@type":"WebPage","@id":"https:\/\/breezeh2o.com\/producto\/cata-de-ginebras\/","url":"https:\/\/breezeh2o.com\/producto\/cata-de-ginebras\/","name":"Atelier de d\u00e9gustation de gin - Breeze","isPartOf":{"@id":"https:\/\/breezeh2o.com\/es\/#website"},"primaryImageOfPage":{"@id":"https:\/\/breezeh2o.com\/producto\/cata-de-ginebras\/#primaryimage"},"image":{"@id":"https:\/\/breezeh2o.com\/producto\/cata-de-ginebras\/#primaryimage"},"thumbnailUrl":"https:\/\/i0.wp.com\/breezeh2o.com\/wp-content\/uploads\/2020\/06\/pexels-photo-616836.jpeg?fit=500%2C333&ssl=1","datePublished":"2020-06-08T14:10:17+00:00","dateModified":"2025-12-14T17:34:58+00:00","breadcrumb":{"@id":"https:\/\/breezeh2o.com\/producto\/cata-de-ginebras\/#breadcrumb"},"inLanguage":"fr-FR","potentialAction":[{"@type":"ReadAction","target":["https:\/\/breezeh2o.com\/producto\/cata-de-ginebras\/"]}]},{"@type":"ImageObject","inLanguage":"fr-FR","@id":"https:\/\/breezeh2o.com\/producto\/cata-de-ginebras\/#primaryimage","url":"https:\/\/i0.wp.com\/breezeh2o.com\/wp-content\/uploads\/2020\/06\/pexels-photo-616836.jpeg?fit=500%2C333&ssl=1","contentUrl":"https:\/\/i0.wp.com\/breezeh2o.com\/wp-content\/uploads\/2020\/06\/pexels-photo-616836.jpeg?fit=500%2C333&ssl=1","width":500,"height":333},{"@type":"BreadcrumbList","@id":"https:\/\/breezeh2o.com\/producto\/cata-de-ginebras\/#breadcrumb","itemListElement":[{"@type":"ListItem","position":1,"name":"Portada","item":"https:\/\/breezeh2o.com\/"},{"@type":"ListItem","position":2,"name":"Tienda","item":"https:\/\/breezeh2o.com\/es\/tienda\/"},{"@type":"ListItem","position":3,"name":"Taller de cata de ginebras"}]},{"@type":"WebSite","@id":"https:\/\/breezeh2o.com\/es\/#website","url":"https:\/\/breezeh2o.com\/es\/","name":"Breeze","description":"Breeze, eau de nuage","publisher":{"@id":"https:\/\/breezeh2o.com\/es\/#organization"},"potentialAction":[{"@type":"SearchAction","target":{"@type":"EntryPoint","urlTemplate":"https:\/\/breezeh2o.com\/es\/?s={search_term_string}"},"query-input":{"@type":"PropertyValueSpecification","valueRequired":true,"valueName":"search_term_string"}}],"inLanguage":"fr-FR"},{"@type":"Organization","@id":"https:\/\/breezeh2o.com\/es\/#organization","name":"Brise h2o","url":"https:\/\/breezeh2o.com\/es\/","logo":{"@type":"ImageObject","inLanguage":"fr-FR","@id":"https:\/\/breezeh2o.com\/es\/#\/schema\/logo\/image\/","url":"https:\/\/i0.wp.com\/breezeh2o.com\/wp-content\/uploads\/2020\/05\/BreezeV.png?fit=912%2C826&ssl=1","contentUrl":"https:\/\/i0.wp.com\/breezeh2o.com\/wp-content\/uploads\/2020\/05\/BreezeV.png?fit=912%2C826&ssl=1","width":912,"height":826,"caption":"Breeze h2o"},"image":{"@id":"https:\/\/breezeh2o.com\/es\/#\/schema\/logo\/image\/"},"sameAs":["https:\/\/www.facebook.com\/Breeze-probablemente-el-agua-mas-pura-del-mundo-100210431687988","https:\/\/www.instagram.com\/breezeh2o\/"]}]}},"jetpack_sharing_enabled":true,"_links":{"self":[{"href":"https:\/\/breezeh2o.com\/fr\/wp-json\/wp\/v2\/product\/6454","targetHints":{"allow":["GET"]}}],"collection":[{"href":"https:\/\/breezeh2o.com\/fr\/wp-json\/wp\/v2\/product"}],"about":[{"href":"https:\/\/breezeh2o.com\/fr\/wp-json\/wp\/v2\/types\/product"}],"replies":[{"embeddable":true,"href":"https:\/\/breezeh2o.com\/fr\/wp-json\/wp\/v2\/comments?post=6454"}],"wp:featuredmedia":[{"embeddable":true,"href":"https:\/\/breezeh2o.com\/fr\/wp-json\/wp\/v2\/media\/6671"}],"wp:attachment":[{"href":"https:\/\/breezeh2o.com\/fr\/wp-json\/wp\/v2\/media?parent=6454"}],"wp:term":[{"taxonomy":"product_brand","embeddable":true,"href":"https:\/\/breezeh2o.com\/fr\/wp-json\/wp\/v2\/product_brand?post=6454"},{"taxonomy":"product_cat","embeddable":true,"href":"https:\/\/breezeh2o.com\/fr\/wp-json\/wp\/v2\/product_cat?post=6454"},{"taxonomy":"product_tag","embeddable":true,"href":"https:\/\/breezeh2o.com\/fr\/wp-json\/wp\/v2\/product_tag?post=6454"}],"curies":[{"name":"wp","href":"https:\/\/api.w.org\/{rel}","templated":true}]}}