{"id":6843,"date":"2022-08-06T14:23:03","date_gmt":"2022-08-06T13:23:03","guid":{"rendered":"https:\/\/breezeh2o.com\/?page_id=6843"},"modified":"2022-08-06T14:23:07","modified_gmt":"2022-08-06T13:23:07","slug":"politica-de-cookies","status":"publish","type":"page","link":"https:\/\/breezeh2o.com\/fr\/politica-de-cookies\/","title":{"rendered":"Politique de cookies"},"content":{"rendered":"<p style=\"font-weight: 400;\"><strong>POLITIQUE DE COOKIES<\/strong><\/p>\n<p style=\"font-weight: 400;\"><em>Derni\u00e8re mise \u00e0 jour:<\/em><em> 28 juin 2022<\/em><em>&nbsp;<\/em><\/p>\n<p style=\"font-weight: 400;\"><strong>Sommaire<\/strong><\/p>\n<ul>\n<li>Cookies utilis\u00e9s : <strong>Propre et Tiers<\/strong><\/li>\n<li>Sont-ils utilis\u00e9s pour les statistiques ? <strong>Oui<\/strong><\/li>\n<li>Sont-ils utilis\u00e9s \u00e0 des fins publicitaires ? <strong>Oui<\/strong><\/li>\n<li>Services tiers qui installent des cookies via ce site Web : <strong>Google Analytics, Facebook, Stripe, WordPress et Woocommerce.<\/strong><\/li>\n<\/ul>\n<p style=\"font-weight: 400;\">&nbsp;<\/p>\n<p style=\"font-weight: 400;\"><strong>Comment configurer et d\u00e9sactiver les cookies<\/strong><\/p>\n<p style=\"font-weight: 400;\">Vous pouvez autoriser, bloquer ou supprimer les cookies install\u00e9s sur votre terminal depuis votre navigateur internet. Si vous n&#039;autorisez pas l&#039;installation de cookies sur votre appareil, l&#039;exp\u00e9rience de navigation peut se d\u00e9grader. Vous trouverez ci-dessous comment configurer les cookies dans chaque navigateur\u00a0:<\/p>\n<p style=\"font-weight: 400;\">\u2013 <a href=\"http:\/\/windows.microsoft.com\/es-es\/windows-10\/edge-privacy-faq\">Bord<\/a><\/p>\n<p style=\"font-weight: 400;\">\u2013 <a href=\"https:\/\/support.google.com\/chrome\/answer\/95647?hl=es\">Google Chrome<\/a><\/p>\n<p style=\"font-weight: 400;\">\u2013<a href=\"https:\/\/support.google.com\/chrome\/answer\/114662?hl=es&amp;visit_id=1-636664625754483085-1648636281&amp;rd=1&amp;co=GENIE.Platform%3DAndroid&amp;oco=1\"> google-android<\/a><\/p>\n<p style=\"font-weight: 400;\">\u2013<a href=\"https:\/\/support.microsoft.com\/es-es\/help\/17442\/windows-internet-explorer-delete-manage-cookies\"> Internet Explorer 8<\/a><\/p>\n<p style=\"font-weight: 400;\">\u2013<a href=\"https:\/\/support.microsoft.com\/es-es\/help\/278835\/how-to-delete-cookie-files-in-internet-explorer\"> Internet Explorer 9<\/a><\/p>\n<p style=\"font-weight: 400;\">\u2013<a href=\"https:\/\/support.microsoft.com\/es-es\/help\/17442\/windows-internet-explorer-delete-manage-cookies#ie=ie-10\"> Internet Explorer 11<\/a><\/p>\n<p style=\"font-weight: 400;\">\u2013 <a href=\"https:\/\/support.mozilla.org\/es\/kb\/habilitar-y-deshabilitar-cookies-que-los-sitios-we\">MozillaFirefox<\/a><\/p>\n<p style=\"font-weight: 400;\">\u2013<a href=\"https:\/\/help.opera.com\/en\/latest\/web-preferences\/#cookies\"> Op\u00e9ra<\/a><\/p>\n<p style=\"font-weight: 400;\">\u2013 <a href=\"https:\/\/support.apple.com\/es-es\/guide\/safari\/sfri11471\/mac\">Safari<\/a><\/p>\n<p style=\"font-weight: 400;\">\u2013 <a href=\"https:\/\/support.apple.com\/es-es\/HT201265\">Mobile Safari<\/a><\/p>\n<p style=\"font-weight: 400;\">\u2013 <a href=\"https:\/\/support.brave.com\/hc\/en-us\/articles\/360050634931-How-Do-I-Manage-Cookies-In-Brave-\">braver<\/a><\/p>\n<p style=\"font-weight: 400;\"><u><a href=\"https:\/\/support.apple.com\/es-es\/HT201265\">&nbsp;<\/a><\/u><\/p>\n<p style=\"font-weight: 400;\"><strong>1.- Types et utilisations<\/strong><\/p>\n<p style=\"font-weight: 400;\">Le service utilise ses propres cookies et ceux de tiers pour am\u00e9liorer la navigation, fournir le service et obtenir des statistiques sur l&#039;utilisation du site Web.<\/p>\n<p style=\"font-weight: 400;\">&nbsp;<\/p>\n<p style=\"font-weight: 400;\"><strong>2.- Qu&#039;est-ce qu&#039;un cookie et \u00e0 quoi sert-il ?<\/strong><\/p>\n<p style=\"font-weight: 400;\">Un cookie est un fichier texte qui est envoy\u00e9 au navigateur web de votre ordinateur, t\u00e9l\u00e9phone portable ou tablette et qui sert \u00e0 stocker et r\u00e9cup\u00e9rer des informations relatives \u00e0 la navigation effectu\u00e9e. Par exemple, m\u00e9moriser votre nom d&#039;utilisateur et votre mot de passe ou vos pr\u00e9f\u00e9rences de profil.<\/p>\n<p style=\"font-weight: 400;\">&nbsp;&nbsp;&nbsp;&nbsp;&nbsp;&nbsp;&nbsp;&nbsp;&nbsp;&nbsp;&nbsp;<\/p>\n<p style=\"font-weight: 400;\"><strong>3.- Quels types de cookies existe-t-il ?<\/strong><\/p>\n<p style=\"font-weight: 400;\">Selon qui les g\u00e8re :<\/p>\n<ul>\n<li><u>Cookies propres<\/u>; sont envoy\u00e9s \u00e0 votre navigateur depuis nos ordinateurs ou domaines Web.<\/li>\n<li><u>Cookies tiers<\/u>; Ils sont envoy\u00e9s \u00e0 votre navigateur \u00e0 partir d&#039;un ordinateur ou d&#039;un domaine Web qui n&#039;est pas g\u00e9r\u00e9 directement par nous, mais par un tiers tel que Google.<\/li>\n<\/ul>\n<p style=\"font-weight: 400;\">Selon leur dur\u00e9e d&#039;activit\u00e9, il y a :<\/p>\n<ul>\n<li><u>cookies de session\u00a0;<\/u> Ils restent dans le fichier cookie de votre navigateur jusqu&#039;\u00e0 ce que vous quittiez la page Web, il n&#039;en reste donc aucun sur votre appareil.<\/li>\n<li><u>Cookies persistants\u00a0;<\/u> ils restent sur votre appareil et notre site Web les lit chaque fois que vous effectuez une nouvelle visite. Ces cookies cessent de fonctionner apr\u00e8s une date pr\u00e9cise.<\/li>\n<\/ul>\n<p style=\"font-weight: 400;\">Enfin, et selon son objectif, nous avons :<\/p>\n<ul>\n<li><u>Cookies techniques\u00a0;<\/u> Ils am\u00e9liorent la navigation et le bon fonctionnement du site.<\/li>\n<li><u>Cookies de personnalisation ;<\/u> Ils permettent d&#039;acc\u00e9der au service avec des caract\u00e9ristiques pr\u00e9d\u00e9finies en fonction d&#039;une s\u00e9rie de crit\u00e8res.<\/li>\n<li><u>Cookies d&#039;analyse\u00a0;<\/u> Ils permettent de mesurer et d&#039;analyser statistiquement l&#039;utilisation faite du service fourni.<\/li>\n<\/ul>\n<p style=\"font-weight: 400;\">Cookies utilis\u00e9s par <strong>Breezeh2o<\/strong>:<\/p>\n<table style=\"font-weight: 400;\" width=\"591\">\n<tbody>\n<tr>\n<td width=\"152\"><strong>Nom<\/strong><\/td>\n<td width=\"158\"><strong>Origine<\/strong><\/td>\n<td width=\"120\"><strong>Objectif<\/strong><\/td>\n<td width=\"69\"><strong>Type<\/strong><\/td>\n<td width=\"92\"><strong>Expiration<\/strong><\/td>\n<\/tr>\n<tr>\n<td width=\"152\">_flingue<\/td>\n<td width=\"158\">.breezeh2o.com<\/td>\n<td width=\"120\">Analytique (performances)<\/td>\n<td width=\"69\">Troisi\u00e8me<\/td>\n<td width=\"92\">Session<\/td>\n<\/tr>\n<tr>\n<td width=\"152\">_gid<\/td>\n<td width=\"158\">.breezeh2o.com<\/td>\n<td width=\"120\">Analytique (fonctionnalit\u00e9)<\/td>\n<td width=\"69\">Troisi\u00e8me<\/td>\n<td width=\"92\">1 jour<\/td>\n<\/tr>\n<tr>\n<td width=\"152\">_G\u00e9orgie<\/td>\n<td width=\"158\">.breezeh2o.com<\/td>\n<td width=\"120\">Analytique (performances)<\/td>\n<td width=\"69\">Troisi\u00e8me<\/td>\n<td width=\"92\">2 ans<\/td>\n<\/tr>\n<tr>\n<td width=\"152\">_fbp<\/td>\n<td width=\"158\">.breezeh2o.com<\/td>\n<td width=\"120\">Analytique (Segmentation\/&nbsp;<\/p>\n<p>La publicit\u00e9)<\/td>\n<td width=\"69\">Troisi\u00e8me<\/td>\n<td width=\"92\">3 mois<\/td>\n<\/tr>\n<tr>\n<td width=\"152\">_swa_u<\/td>\n<td width=\"158\">.breezeh2o.com<\/td>\n<td width=\"120\">Analytique (Segmentation\/&nbsp;<\/p>\n<p>La publicit\u00e9)<\/td>\n<td width=\"69\">poss\u00e9der<\/td>\n<td width=\"92\">3 ans<\/td>\n<\/tr>\n<tr>\n<td width=\"152\">catAccCookies<\/td>\n<td width=\"158\">.breezeh2o.com<\/td>\n<td width=\"120\">Technique (fonctionnalit\u00e9)<\/td>\n<td width=\"69\">poss\u00e9der<\/td>\n<td width=\"92\">1 mois<\/td>\n<\/tr>\n<tr>\n<td width=\"152\">tk_lr<\/td>\n<td width=\"158\">.breezeh2o.com<\/td>\n<td width=\"120\">Analytique (performances)<\/td>\n<td width=\"69\">poss\u00e9der<\/td>\n<td width=\"92\">1 ann\u00e9e<\/td>\n<\/tr>\n<tr>\n<td width=\"152\">tk_r3d<\/td>\n<td width=\"158\">.breezeh2o.com<\/td>\n<td width=\"120\">Analytique (performances)<\/td>\n<td width=\"69\">poss\u00e9der<\/td>\n<td width=\"92\">Trois jours<\/td>\n<\/tr>\n<tr>\n<td width=\"152\">tk_or<\/td>\n<td width=\"158\">.breezeh2o.com<\/td>\n<td width=\"120\">Analytique (performances)<\/td>\n<td width=\"69\">poss\u00e9der<\/td>\n<td width=\"92\">5 ans<\/td>\n<\/tr>\n<tr>\n<td width=\"152\">PHPSESSID<\/td>\n<td width=\"158\">.breezeh2o.com<\/td>\n<td width=\"120\">Technique (fonctionnalit\u00e9)<\/td>\n<td width=\"69\">poss\u00e9der<\/td>\n<td width=\"92\">Session<\/td>\n<\/tr>\n<tr>\n<td width=\"152\">__stripe_sid<\/td>\n<td width=\"158\">.breezeh2o.com<\/td>\n<td width=\"120\">Analytique<\/td>\n<td width=\"69\">Troisi\u00e8me<\/td>\n<td width=\"92\">Session<\/td>\n<\/tr>\n<tr>\n<td width=\"152\">tk_qs<\/td>\n<td width=\"158\">.breezeh2o.com<\/td>\n<td width=\"120\">Analytique (performances)<\/td>\n<td width=\"69\">poss\u00e9der<\/td>\n<td width=\"92\">Session<\/td>\n<\/tr>\n<tr>\n<td width=\"152\">tk_ai<\/td>\n<td width=\"158\">.breezeh2o.com<\/td>\n<td width=\"120\">Analytique (performances)<\/td>\n<td width=\"69\">poss\u00e9der<\/td>\n<td width=\"92\">5 ans<\/td>\n<\/tr>\n<tr>\n<td width=\"152\">woocommerce_cart_hash<\/td>\n<td width=\"158\">.breezeh2o.com<\/td>\n<td width=\"120\">Analytique (fonctionnalit\u00e9)<\/td>\n<td width=\"69\">Troisi\u00e8me<\/td>\n<td width=\"92\">Session<\/td>\n<\/tr>\n<tr>\n<td width=\"152\">wp_woocommerce_session_c3cd008591f113f6e8c69ac56a9b5a96<\/td>\n<td width=\"158\">.breezeh2o.com<\/td>\n<td width=\"120\">Analytique (fonctionnalit\u00e9)<\/td>\n<td width=\"69\">Troisi\u00e8me<\/td>\n<td width=\"92\">Deux jours<\/td>\n<\/tr>\n<tr>\n<td width=\"152\">woocommerce_items_in_cart<\/td>\n<td width=\"158\">.breezeh2o.com<\/td>\n<td width=\"120\">Analytique (fonctionnalit\u00e9)<\/td>\n<td width=\"69\">Troisi\u00e8me<\/td>\n<td width=\"92\">Session<\/td>\n<\/tr>\n<tr>\n<td width=\"152\">__stripe_mid<\/td>\n<td width=\"158\">.breezeh2o.com<\/td>\n<td width=\"120\">Analytique<\/td>\n<td width=\"69\">Troisi\u00e8me<\/td>\n<td width=\"92\">1 an et 1 mois<\/td>\n<\/tr>\n<tr>\n<td width=\"152\">mailchimp_landing_site<\/td>\n<td width=\"158\">.breezeh2o.com<\/td>\n<td width=\"120\">Analytique<\/td>\n<td width=\"69\">Troisi\u00e8me<\/td>\n<td width=\"92\">1 mois<\/td>\n<\/tr>\n<\/tbody>\n<\/table>\n<p style=\"font-weight: 400;\">&nbsp;<\/p>\n<p style=\"font-weight: 400;\">Liste des cookies tiers\u00a0:<\/p>\n<p style=\"font-weight: 400;\"><a href=\"https:\/\/developers.google.com\/analytics\/devguides\/collection\/analyticsjs\/cookie-usage\">Google Analytics<\/a>: Ses cookies (tels que _ga) permettent de compter les fois qu&#039;un utilisateur visite un site Web, comment, quand et d&#039;o\u00f9 il le fait.<\/p>\n<p style=\"font-weight: 400;\">Dans tous les cas, vous pouvez d\u00e9sactiver les cookies de Google Analytics \u00e0 partir de <a href=\"https:\/\/tools.google.com\/dlpage\/gaoptout\">ici.<\/a><\/p>\n<p style=\"font-weight: 400;\"><a href=\"https:\/\/www.facebook.com\/policies\/cookies\/\">Facebook<\/a>: Vos cookies (tels que _fbp) sont utilis\u00e9s pour proposer une s\u00e9rie de produits publicitaires, tels que des offres en temps r\u00e9el d&#039;annonceurs tiers.<\/p>\n<p style=\"font-weight: 400;\"><a href=\"https:\/\/stripe.com\/cookies-policy\/legal\">Bande:<\/a> Vos cookies (par exemple nsr) sont utilis\u00e9s pour le traitement des paiements de commande via le site Web.<\/p>\n<p style=\"font-weight: 400;\"><a href=\"https:\/\/automattic.com\/es\/cookies\/\">wordpress<\/a>: Vos cookies (tels que wp-wpml_current_language) permettent au site Web de fonctionner efficacement. Ils aident \u00e0 adapter le langage afin que l&#039;utilisateur puisse utiliser correctement tous les \u00e9l\u00e9ments du Web.<\/p>\n<p style=\"font-weight: 400;\"><a href=\"https:\/\/woocommerce.com\/document\/woocommerce-cookies\/\">woocommerce<\/a>: Vos cookies (tels que woocommerce_cart_hash) permettent \u00e0 WooCommerce de d\u00e9terminer quand le contenu\/les donn\u00e9es du panier changent.<\/p>\n<p style=\"font-weight: 400;\">&nbsp;<\/p>\n<p style=\"font-weight: 400;\">&nbsp;<\/p>","protected":false},"excerpt":{"rendered":"<p>POL\u00cdTICA DE COOKIES \u00daltima actualizaci\u00f3n: 28 de junio de 2022&nbsp; Sumario Cookies usadas: Propias y de Terceros \u00bfSe usan para obtener estad\u00edsticas? S\u00ed \u00bfSe usan para publicidad? S\u00ed Servicios de terceros que instalan cookies a trav\u00e9s de esta web: Google [&hellip;]<\/p>\n","protected":false},"author":2,"featured_media":0,"parent":0,"menu_order":0,"comment_status":"closed","ping_status":"closed","template":"","meta":{"ngg_post_thumbnail":0,"inspiro_page_layout":"narrow","inspiro_hide_title":false,"footnotes":""},"class_list":["post-6843","page","type-page","status-publish","hentry"],"yoast_head":"<!-- This site is optimized with the Yoast SEO Premium plugin v21.7 (Yoast SEO v27.3) - https:\/\/yoast.com\/product\/yoast-seo-premium-wordpress\/ -->\n<title>Pol\u00edtica de cookies - Breeze<\/title>\n<meta name=\"description\" content=\"POL\u00cdTICA DE COOKIES \u00daltima actualizaci\u00f3n: 28 de junio de 2022&nbsp; Sumario Cookies usadas: Propias y de Terceros \u00bfSe usan para obtener estad\u00edsticas? S\u00ed\" \/>\n<meta name=\"robots\" content=\"noindex, nofollow\" \/>\n<meta property=\"og:locale\" content=\"fr_FR\" \/>\n<meta property=\"og:type\" content=\"article\" \/>\n<meta property=\"og:title\" content=\"Pol\u00edtica de cookies\" \/>\n<meta property=\"og:description\" content=\"POL\u00cdTICA DE COOKIES \u00daltima actualizaci\u00f3n: 28 de junio de 2022&nbsp; Sumario Cookies usadas: Propias y de Terceros \u00bfSe usan para obtener estad\u00edsticas? S\u00ed\" \/>\n<meta property=\"og:url\" content=\"https:\/\/breezeh2o.com\/fr\/politica-de-cookies\/\" \/>\n<meta property=\"og:site_name\" content=\"Breeze\" \/>\n<meta property=\"article:publisher\" content=\"https:\/\/www.facebook.com\/Breeze-probablemente-el-agua-mas-pura-del-mundo-100210431687988\" \/>\n<meta property=\"article:modified_time\" content=\"2022-08-06T13:23:07+00:00\" \/>\n<meta name=\"twitter:card\" content=\"summary_large_image\" \/>\n<meta name=\"twitter:label1\" content=\"Dur\u00e9e de lecture estim\u00e9e\" \/>\n\t<meta name=\"twitter:data1\" content=\"3 minutes\" \/>\n<script type=\"application\/ld+json\" class=\"yoast-schema-graph\">{\"@context\":\"https:\\\/\\\/schema.org\",\"@graph\":[{\"@type\":\"WebPage\",\"@id\":\"https:\\\/\\\/breezeh2o.com\\\/politica-de-cookies\\\/\",\"url\":\"https:\\\/\\\/breezeh2o.com\\\/politica-de-cookies\\\/\",\"name\":\"Pol\u00edtica de cookies - Breeze\",\"isPartOf\":{\"@id\":\"https:\\\/\\\/breezeh2o.com\\\/es\\\/#website\"},\"datePublished\":\"2022-08-06T13:23:03+00:00\",\"dateModified\":\"2022-08-06T13:23:07+00:00\",\"description\":\"POL\u00cdTICA DE COOKIES \u00daltima actualizaci\u00f3n: 28 de junio de 2022&nbsp; Sumario Cookies usadas: Propias y de Terceros \u00bfSe usan para obtener estad\u00edsticas? S\u00ed\",\"breadcrumb\":{\"@id\":\"https:\\\/\\\/breezeh2o.com\\\/politica-de-cookies\\\/#breadcrumb\"},\"inLanguage\":\"fr-FR\",\"potentialAction\":[{\"@type\":\"ReadAction\",\"target\":[\"https:\\\/\\\/breezeh2o.com\\\/politica-de-cookies\\\/\"]}]},{\"@type\":\"BreadcrumbList\",\"@id\":\"https:\\\/\\\/breezeh2o.com\\\/politica-de-cookies\\\/#breadcrumb\",\"itemListElement\":[{\"@type\":\"ListItem\",\"position\":1,\"name\":\"Portada\",\"item\":\"https:\\\/\\\/breezeh2o.com\\\/\"},{\"@type\":\"ListItem\",\"position\":2,\"name\":\"Pol\u00edtica de cookies\"}]},{\"@type\":\"WebSite\",\"@id\":\"https:\\\/\\\/breezeh2o.com\\\/es\\\/#website\",\"url\":\"https:\\\/\\\/breezeh2o.com\\\/es\\\/\",\"name\":\"Breeze\",\"description\":\"Breeze, agua de niebla\",\"publisher\":{\"@id\":\"https:\\\/\\\/breezeh2o.com\\\/es\\\/#organization\"},\"potentialAction\":[{\"@type\":\"SearchAction\",\"target\":{\"@type\":\"EntryPoint\",\"urlTemplate\":\"https:\\\/\\\/breezeh2o.com\\\/es\\\/?s={search_term_string}\"},\"query-input\":{\"@type\":\"PropertyValueSpecification\",\"valueRequired\":true,\"valueName\":\"search_term_string\"}}],\"inLanguage\":\"fr-FR\"},{\"@type\":\"Organization\",\"@id\":\"https:\\\/\\\/breezeh2o.com\\\/es\\\/#organization\",\"name\":\"Breeze h2o\",\"url\":\"https:\\\/\\\/breezeh2o.com\\\/es\\\/\",\"logo\":{\"@type\":\"ImageObject\",\"inLanguage\":\"fr-FR\",\"@id\":\"https:\\\/\\\/breezeh2o.com\\\/es\\\/#\\\/schema\\\/logo\\\/image\\\/\",\"url\":\"https:\\\/\\\/i0.wp.com\\\/breezeh2o.com\\\/wp-content\\\/uploads\\\/2020\\\/05\\\/BreezeV.png?fit=912%2C826&ssl=1\",\"contentUrl\":\"https:\\\/\\\/i0.wp.com\\\/breezeh2o.com\\\/wp-content\\\/uploads\\\/2020\\\/05\\\/BreezeV.png?fit=912%2C826&ssl=1\",\"width\":912,\"height\":826,\"caption\":\"Breeze h2o\"},\"image\":{\"@id\":\"https:\\\/\\\/breezeh2o.com\\\/es\\\/#\\\/schema\\\/logo\\\/image\\\/\"},\"sameAs\":[\"https:\\\/\\\/www.facebook.com\\\/Breeze-probablemente-el-agua-mas-pura-del-mundo-100210431687988\",\"https:\\\/\\\/www.instagram.com\\\/breezeh2o\\\/\"]}]}<\/script>\n<!-- \/ Yoast SEO Premium plugin. -->","yoast_head_json":{"title":"Politique relative aux cookies - Breeze","description":"POLITIQUE RELATIVE AUX COOKIES Derni\u00e8re mise \u00e0 jour\u00a0: 28 juin 2022 R\u00e9sum\u00e9 Cookies utilis\u00e9s\u00a0: Cookies internes et tiers Sont-ils utilis\u00e9s pour obtenir des statistiques\u00a0? Oui","robots":{"index":"noindex","follow":"nofollow"},"og_locale":"fr_FR","og_type":"article","og_title":"Pol\u00edtica de cookies","og_description":"POL\u00cdTICA DE COOKIES \u00daltima actualizaci\u00f3n: 28 de junio de 2022&nbsp; Sumario Cookies usadas: Propias y de Terceros \u00bfSe usan para obtener estad\u00edsticas? S\u00ed","og_url":"https:\/\/breezeh2o.com\/fr\/politica-de-cookies\/","og_site_name":"Breeze","article_publisher":"https:\/\/www.facebook.com\/Breeze-probablemente-el-agua-mas-pura-del-mundo-100210431687988","article_modified_time":"2022-08-06T13:23:07+00:00","twitter_card":"summary_large_image","twitter_misc":{"Dur\u00e9e de lecture estim\u00e9e":"3 minutes"},"schema":{"@context":"https:\/\/schema.org","@graph":[{"@type":"WebPage","@id":"https:\/\/breezeh2o.com\/politica-de-cookies\/","url":"https:\/\/breezeh2o.com\/politica-de-cookies\/","name":"Politique relative aux cookies - Breeze","isPartOf":{"@id":"https:\/\/breezeh2o.com\/es\/#website"},"datePublished":"2022-08-06T13:23:03+00:00","dateModified":"2022-08-06T13:23:07+00:00","description":"POLITIQUE RELATIVE AUX COOKIES Derni\u00e8re mise \u00e0 jour\u00a0: 28 juin 2022 R\u00e9sum\u00e9 Cookies utilis\u00e9s\u00a0: Cookies internes et tiers Sont-ils utilis\u00e9s pour obtenir des statistiques\u00a0? Oui","breadcrumb":{"@id":"https:\/\/breezeh2o.com\/politica-de-cookies\/#breadcrumb"},"inLanguage":"fr-FR","potentialAction":[{"@type":"ReadAction","target":["https:\/\/breezeh2o.com\/politica-de-cookies\/"]}]},{"@type":"BreadcrumbList","@id":"https:\/\/breezeh2o.com\/politica-de-cookies\/#breadcrumb","itemListElement":[{"@type":"ListItem","position":1,"name":"Portada","item":"https:\/\/breezeh2o.com\/"},{"@type":"ListItem","position":2,"name":"Pol\u00edtica de cookies"}]},{"@type":"WebSite","@id":"https:\/\/breezeh2o.com\/es\/#website","url":"https:\/\/breezeh2o.com\/es\/","name":"Breeze","description":"Breeze, eau de nuage","publisher":{"@id":"https:\/\/breezeh2o.com\/es\/#organization"},"potentialAction":[{"@type":"SearchAction","target":{"@type":"EntryPoint","urlTemplate":"https:\/\/breezeh2o.com\/es\/?s={search_term_string}"},"query-input":{"@type":"PropertyValueSpecification","valueRequired":true,"valueName":"search_term_string"}}],"inLanguage":"fr-FR"},{"@type":"Organization","@id":"https:\/\/breezeh2o.com\/es\/#organization","name":"Brise h2o","url":"https:\/\/breezeh2o.com\/es\/","logo":{"@type":"ImageObject","inLanguage":"fr-FR","@id":"https:\/\/breezeh2o.com\/es\/#\/schema\/logo\/image\/","url":"https:\/\/i0.wp.com\/breezeh2o.com\/wp-content\/uploads\/2020\/05\/BreezeV.png?fit=912%2C826&ssl=1","contentUrl":"https:\/\/i0.wp.com\/breezeh2o.com\/wp-content\/uploads\/2020\/05\/BreezeV.png?fit=912%2C826&ssl=1","width":912,"height":826,"caption":"Breeze h2o"},"image":{"@id":"https:\/\/breezeh2o.com\/es\/#\/schema\/logo\/image\/"},"sameAs":["https:\/\/www.facebook.com\/Breeze-probablemente-el-agua-mas-pura-del-mundo-100210431687988","https:\/\/www.instagram.com\/breezeh2o\/"]}]}},"jetpack_sharing_enabled":true,"_links":{"self":[{"href":"https:\/\/breezeh2o.com\/fr\/wp-json\/wp\/v2\/pages\/6843","targetHints":{"allow":["GET"]}}],"collection":[{"href":"https:\/\/breezeh2o.com\/fr\/wp-json\/wp\/v2\/pages"}],"about":[{"href":"https:\/\/breezeh2o.com\/fr\/wp-json\/wp\/v2\/types\/page"}],"author":[{"embeddable":true,"href":"https:\/\/breezeh2o.com\/fr\/wp-json\/wp\/v2\/users\/2"}],"replies":[{"embeddable":true,"href":"https:\/\/breezeh2o.com\/fr\/wp-json\/wp\/v2\/comments?post=6843"}],"version-history":[{"count":1,"href":"https:\/\/breezeh2o.com\/fr\/wp-json\/wp\/v2\/pages\/6843\/revisions"}],"predecessor-version":[{"id":6844,"href":"https:\/\/breezeh2o.com\/fr\/wp-json\/wp\/v2\/pages\/6843\/revisions\/6844"}],"wp:attachment":[{"href":"https:\/\/breezeh2o.com\/fr\/wp-json\/wp\/v2\/media?parent=6843"}],"curies":[{"name":"wp","href":"https:\/\/api.w.org\/{rel}","templated":true}]}}