{"id":6728,"date":"2021-01-26T00:15:41","date_gmt":"2021-01-25T23:15:41","guid":{"rendered":"https:\/\/breezeh2o.com\/?page_id=6728"},"modified":"2024-04-03T15:56:37","modified_gmt":"2024-04-03T14:56:37","slug":"agua-pura-niebla","status":"publish","type":"page","link":"https:\/\/breezeh2o.com\/fr\/oui-votre-eau\/","title":{"rendered":"Oui, votre eau"},"content":{"rendered":"<img data-recalc-dims=\"1\" height=\"1024\" width=\"683\" decoding=\"async\" src=\"https:\/\/i0.wp.com\/breezeh2o.com\/wp-content\/uploads\/2021\/01\/pexels-freestocksorg-312080.jpg?resize=683%2C1024&#038;ssl=1\" alt=\"D\u00e9gustation de vins\" itemprop=\"image\" title=\"pexels-freestocksorg-312080\" onerror=\"this.style.display='none'\">\n<h2>\n\t\tD\u00e9gustation de vins\n\t<\/h2>\n\t<p>Pour appr\u00e9cier toutes les nuances d&#039;un bon vin, il faut pr\u00e9parer la bouche et nettoyer les papilles.<\/p>\n<p>Breeze, car il a une min\u00e9ralisation ultra faible et une saveur neutre, ne modifiera pas la saveur recherch\u00e9e par le vigneron.<\/p>\n<p>Que vous organisiez une d\u00e9gustation ou que vous soyez amateur de bons vins, vous devriez envisager d&#039;int\u00e9grer Breeze dans votre cave.<\/p>\n\t\t\t<a href=\"https:\/\/breezeh2o.com\/fr\/tienda\/\" target=\"_self\" role=\"button\" rel=\"noopener\">\n\t\t\t\t\t\t\tACHETER\n\t\t\t<\/a>\n\t\t\t\t<img data-recalc-dims=\"1\" loading=\"lazy\" decoding=\"async\" src=\"https:\/\/i0.wp.com\/breezeh2o.com\/wp-content\/uploads\/2021\/01\/pexels-prem-pal-singh-602750-scaled.jpg?resize=930%2C979&#038;ssl=1\" alt=\"pexels-prem-pal-singh-602750\" itemprop=\"image\" height=\"979\" width=\"930\" title=\"pexels-prem-pal-singh-602750\" onerror=\"this.style.display='none'\">\n<h2>\n\t\tWhisky et spiritueux\n\t<\/h2>\n\t<p>Si vous \u00eates amateur de bonnes liqueurs, vous ne voudrez pas changer leur saveur avec n&#039;importe quelle eau ou avec de la mauvaise glace. Prot\u00e9gez sa saveur et votre investissement avec Breeze. Si vous essayez, vous ne voudrez plus une autre eau.<\/p>\n\t\t\t<a href=\"https:\/\/breezeh2o.com\/fr\/tienda\/\" target=\"_self\" role=\"button\" rel=\"noopener\">\n\t\t\t\t\t\t\tACHETER\n\t\t\t<\/a>\n<h2>\n\t\tD\u00e9gustation ib\u00e9rique ou fromage\n\t<\/h2>\n\t<p>Si vous avez organis\u00e9 une d\u00e9gustation de fromages, ou si vous essayez ib\u00e9rique, vous voudrez en appr\u00e9cier toute sa saveur.<\/p>\n<p>Avec Breeze, vous pouvez nettoyer votre palais pour appr\u00e9cier les diff\u00e9rentes saveurs de chacun d&#039;eux.<\/p>\n\t\t\t<a href=\"https:\/\/breezeh2o.com\/fr\/tienda\/\" target=\"_self\" role=\"button\" rel=\"noopener\">\n\t\t\t\t\t\t\tACHETER\n\t\t\t<\/a>\n\t\t\t\t<img data-recalc-dims=\"1\" loading=\"lazy\" decoding=\"async\" src=\"https:\/\/i0.wp.com\/breezeh2o.com\/wp-content\/uploads\/2021\/01\/pexels-monserrat-soldAo-808196-scaled.jpg?resize=930%2C620&#038;ssl=1\" alt=\"pexels-monserrat-sold\u00c3\u00ba-808196\" itemprop=\"image\" height=\"620\" width=\"930\" title=\"pexels-monserrat-sold\u00c3\u00ba-808196\" onerror=\"this.style.display='none'\">\n\t\t\t\t<img data-recalc-dims=\"1\" loading=\"lazy\" decoding=\"async\" src=\"https:\/\/i0.wp.com\/breezeh2o.com\/wp-content\/uploads\/2020\/07\/water-1761027__340.jpg?resize=637%2C340&#038;ssl=1\" alt=\"eau-pure\" itemprop=\"image\" height=\"340\" width=\"637\" title=\"eau-pure\" onerror=\"this.style.display='none'\">\n<h2>\n\t\tFaible min\u00e9ralisation\n\t<\/h2>\n\t<p>Consultez la composition unique de Breeze si vous recherchez une eau \u00e0 faible min\u00e9ralisation.<\/p>\n<p>L&#039;eau de brouillard \u00e9tant un nouveau type d&#039;eau qui n&#039;est pas sp\u00e9cifiquement envisag\u00e9 dans la l\u00e9gislation espagnole, elle n&#039;est pas consid\u00e9r\u00e9e comme m\u00e9dicinale.<\/p>\n<p>Cependant, vous pouvez v\u00e9rifier aupr\u00e8s de votre m\u00e9decin si c&#039;est l&#039;eau id\u00e9ale au cas o\u00f9 vous auriez des besoins particuliers.<\/p>\n\t\t\t<a href=\"https:\/\/breezeh2o.com\/fr\/tienda\/\" target=\"_self\" role=\"button\" rel=\"noopener\">\n\t\t\t\t\t\t\tACHETER\n\t\t\t<\/a>\n<h2>\n\t\tUne table tr\u00e8s sp\u00e9ciale\n\t<\/h2>\n\t<p>Vous voulez surprendre vos invit\u00e9s et vous ne voulez pas n\u00e9gliger le moindre d\u00e9tail.<\/p>\n<p>Si vous cherchez une eau \u00e0 la hauteur de la t\u00e2che, vous avez besoin d&#039;une eau unique et originale, vous avez besoin de Breeze.<\/p>\n\t\t\t<a href=\"https:\/\/breezeh2o.com\/fr\/tienda\/\" target=\"_self\" role=\"button\" rel=\"noopener\">\n\t\t\t\t\t\t\tACHETER\n\t\t\t<\/a>\n\t\t\t\t<img data-recalc-dims=\"1\" loading=\"lazy\" decoding=\"async\" src=\"https:\/\/i0.wp.com\/breezeh2o.com\/wp-content\/uploads\/2021\/01\/pexels-craig-adderley-2306281-scaled.jpg?resize=930%2C620&#038;ssl=1\" alt=\"pexels-craig-adderley-2306281\" itemprop=\"image\" height=\"620\" width=\"930\" title=\"pexels-craig-adderley-2306281\" onerror=\"this.style.display='none'\">\n\t\t\t\t<img data-recalc-dims=\"1\" loading=\"lazy\" decoding=\"async\" src=\"https:\/\/i0.wp.com\/breezeh2o.com\/wp-content\/uploads\/2021\/01\/pexels-suzy-hazelwood-3631685-scaled.jpg?resize=930%2C930&#038;ssl=1\" alt=\"pexels-suzy-noisetier-3631685\" itemprop=\"image\" height=\"930\" width=\"930\" title=\"pexels-suzy-noisetier-3631685\" onerror=\"this.style.display='none'\">\n<h2>\n\t\tCadeau original\n\t<\/h2>\n\t<p>Vous cherchez un cadeau sp\u00e9cial?<\/p>\n<p>Breeze est ce que vous recherchiez.<\/p>\n<p>Convient \u00e0 tous les publics, durable, \u00e9cologique, original, unique. Nous buvons tous de l&#039;eau, mais Breeze n&#039;est pas n&#039;importe quelle eau, c&#039;est l&#039;eau la plus pure du monde.<\/p>\n<p>Vous ne pouvez jamais oublier la premi\u00e8re fois que vous avez bu de l&#039;eau de brouillard.<\/p>\n\t\t\t<a href=\"https:\/\/breezeh2o.com\/fr\/tienda\/\" target=\"_self\" role=\"button\" rel=\"noopener\">\n\t\t\t\t\t\t\tACHETER\n\t\t\t<\/a>\n<h2>\n\t\tMariages - \u00c9v\u00e9nements - Restauration\n\t<\/h2>\n\t<p>Breeze ne peut \u00eatre absent de la table des c\u00e9l\u00e9brations et des \u00e9v\u00e9nements les plus exclusifs.<\/p>\n<p>Si vous ne vous contentez de rien et que vous recherchez toujours le meilleur r\u00e9sultat, avec Breeze vous formerez la meilleure \u00e9quipe.<\/p>\n\t\t\t<a href=\"https:\/\/breezeh2o.com\/fr\/tienda\/\" target=\"_self\" role=\"button\" rel=\"noopener\">\n\t\t\t\t\t\t\tACHETER\n\t\t\t<\/a>\n\t\t\t\t<img data-recalc-dims=\"1\" loading=\"lazy\" decoding=\"async\" src=\"https:\/\/i0.wp.com\/breezeh2o.com\/wp-content\/uploads\/2021\/01\/pexels-asad-photo-maldives-169193-scaled.jpg?resize=930%2C619&#038;ssl=1\" alt=\"pexels-asad-photo-maldives-169193\" itemprop=\"image\" height=\"619\" width=\"930\" title=\"pexels-asad-photo-maldives-169193\" onerror=\"this.style.display='none'\">","protected":false},"excerpt":{"rendered":"<p>Cata de vino Para apreciar todos los matices de un buen vino, es necesario preparar la boca y limpiar las papilas gustativas. Breeze al tener una ultra baja mineralizaci\u00f3 y un sabor neutro &nbsp;no modificar\u00e1 el sabor perseguido por el [&hellip;]<\/p>\n","protected":false},"author":2,"featured_media":0,"parent":0,"menu_order":0,"comment_status":"closed","ping_status":"closed","template":"","meta":{"ngg_post_thumbnail":0,"inspiro_page_layout":"narrow","inspiro_hide_title":false,"footnotes":""},"class_list":["post-6728","page","type-page","status-publish","hentry"],"yoast_head":"<!-- This site is optimized with the Yoast SEO Premium plugin v21.7 (Yoast SEO v27.3) - https:\/\/yoast.com\/product\/yoast-seo-premium-wordpress\/ -->\n<title>Agua pura de niebla. Neutra. Ideal catas. Mineralizaci\u00f3n ultrajaba<\/title>\n<meta name=\"description\" content=\"El Agua pura de niebla no puede faltar en las mejores catas. Ideal para acompa\u00f1ar los mejores vinos, whiskies y otras bebidas espirituosas\" \/>\n<meta name=\"robots\" content=\"index, follow, max-snippet:-1, max-image-preview:large, max-video-preview:-1\" \/>\n<link rel=\"canonical\" href=\"https:\/\/breezeh2o.com\/fr\/agua-pura-niebla\/\" \/>\n<meta property=\"og:locale\" content=\"fr_FR\" \/>\n<meta property=\"og:type\" content=\"article\" \/>\n<meta property=\"og:title\" content=\"Si, tu agua\" \/>\n<meta property=\"og:description\" content=\"El Agua pura de niebla no puede faltar en las mejores catas. Ideal para acompa\u00f1ar los mejores vinos, whiskies y otras bebidas espirituosas\" \/>\n<meta property=\"og:url\" content=\"https:\/\/breezeh2o.com\/fr\/agua-pura-niebla\/\" \/>\n<meta property=\"og:site_name\" content=\"Breeze\" \/>\n<meta property=\"article:publisher\" content=\"https:\/\/www.facebook.com\/Breeze-probablemente-el-agua-mas-pura-del-mundo-100210431687988\" \/>\n<meta property=\"article:modified_time\" content=\"2024-04-03T14:56:37+00:00\" \/>\n<meta property=\"og:image\" content=\"https:\/\/breezeh2o.com\/wp-content\/uploads\/2021\/01\/pexels-freestocksorg-312080-683x1024.jpg\" \/>\n<meta name=\"twitter:card\" content=\"summary_large_image\" \/>\n<meta name=\"twitter:label1\" content=\"Dur\u00e9e de lecture estim\u00e9e\" \/>\n\t<meta name=\"twitter:data1\" content=\"3 minutes\" \/>\n<script type=\"application\/ld+json\" class=\"yoast-schema-graph\">{\"@context\":\"https:\\\/\\\/schema.org\",\"@graph\":[{\"@type\":\"WebPage\",\"@id\":\"https:\\\/\\\/breezeh2o.com\\\/agua-pura-niebla\\\/\",\"url\":\"https:\\\/\\\/breezeh2o.com\\\/agua-pura-niebla\\\/\",\"name\":\"Agua pura de niebla. Neutra. Ideal catas. Mineralizaci\u00f3n ultrajaba\",\"isPartOf\":{\"@id\":\"https:\\\/\\\/breezeh2o.com\\\/es\\\/#website\"},\"primaryImageOfPage\":{\"@id\":\"https:\\\/\\\/breezeh2o.com\\\/agua-pura-niebla\\\/#primaryimage\"},\"image\":{\"@id\":\"https:\\\/\\\/breezeh2o.com\\\/agua-pura-niebla\\\/#primaryimage\"},\"thumbnailUrl\":\"https:\\\/\\\/breezeh2o.com\\\/wp-content\\\/uploads\\\/2021\\\/01\\\/pexels-freestocksorg-312080-683x1024.jpg\",\"datePublished\":\"2021-01-25T23:15:41+00:00\",\"dateModified\":\"2024-04-03T14:56:37+00:00\",\"description\":\"El Agua pura de niebla no puede faltar en las mejores catas. Ideal para acompa\u00f1ar los mejores vinos, whiskies y otras bebidas espirituosas\",\"breadcrumb\":{\"@id\":\"https:\\\/\\\/breezeh2o.com\\\/agua-pura-niebla\\\/#breadcrumb\"},\"inLanguage\":\"fr-FR\",\"potentialAction\":[{\"@type\":\"ReadAction\",\"target\":[\"https:\\\/\\\/breezeh2o.com\\\/agua-pura-niebla\\\/\"]}]},{\"@type\":\"ImageObject\",\"inLanguage\":\"fr-FR\",\"@id\":\"https:\\\/\\\/breezeh2o.com\\\/agua-pura-niebla\\\/#primaryimage\",\"url\":\"https:\\\/\\\/breezeh2o.com\\\/wp-content\\\/uploads\\\/2021\\\/01\\\/pexels-freestocksorg-312080-683x1024.jpg\",\"contentUrl\":\"https:\\\/\\\/breezeh2o.com\\\/wp-content\\\/uploads\\\/2021\\\/01\\\/pexels-freestocksorg-312080-683x1024.jpg\"},{\"@type\":\"BreadcrumbList\",\"@id\":\"https:\\\/\\\/breezeh2o.com\\\/agua-pura-niebla\\\/#breadcrumb\",\"itemListElement\":[{\"@type\":\"ListItem\",\"position\":1,\"name\":\"Portada\",\"item\":\"https:\\\/\\\/breezeh2o.com\\\/\"},{\"@type\":\"ListItem\",\"position\":2,\"name\":\"Si, tu agua\"}]},{\"@type\":\"WebSite\",\"@id\":\"https:\\\/\\\/breezeh2o.com\\\/es\\\/#website\",\"url\":\"https:\\\/\\\/breezeh2o.com\\\/es\\\/\",\"name\":\"Breeze\",\"description\":\"Breeze, agua de niebla\",\"publisher\":{\"@id\":\"https:\\\/\\\/breezeh2o.com\\\/es\\\/#organization\"},\"potentialAction\":[{\"@type\":\"SearchAction\",\"target\":{\"@type\":\"EntryPoint\",\"urlTemplate\":\"https:\\\/\\\/breezeh2o.com\\\/es\\\/?s={search_term_string}\"},\"query-input\":{\"@type\":\"PropertyValueSpecification\",\"valueRequired\":true,\"valueName\":\"search_term_string\"}}],\"inLanguage\":\"fr-FR\"},{\"@type\":\"Organization\",\"@id\":\"https:\\\/\\\/breezeh2o.com\\\/es\\\/#organization\",\"name\":\"Breeze h2o\",\"url\":\"https:\\\/\\\/breezeh2o.com\\\/es\\\/\",\"logo\":{\"@type\":\"ImageObject\",\"inLanguage\":\"fr-FR\",\"@id\":\"https:\\\/\\\/breezeh2o.com\\\/es\\\/#\\\/schema\\\/logo\\\/image\\\/\",\"url\":\"https:\\\/\\\/i0.wp.com\\\/breezeh2o.com\\\/wp-content\\\/uploads\\\/2020\\\/05\\\/BreezeV.png?fit=912%2C826&ssl=1\",\"contentUrl\":\"https:\\\/\\\/i0.wp.com\\\/breezeh2o.com\\\/wp-content\\\/uploads\\\/2020\\\/05\\\/BreezeV.png?fit=912%2C826&ssl=1\",\"width\":912,\"height\":826,\"caption\":\"Breeze h2o\"},\"image\":{\"@id\":\"https:\\\/\\\/breezeh2o.com\\\/es\\\/#\\\/schema\\\/logo\\\/image\\\/\"},\"sameAs\":[\"https:\\\/\\\/www.facebook.com\\\/Breeze-probablemente-el-agua-mas-pura-del-mundo-100210431687988\",\"https:\\\/\\\/www.instagram.com\\\/breezeh2o\\\/\"]}]}<\/script>\n<!-- \/ Yoast SEO Premium plugin. -->","yoast_head_json":{"title":"Eau de brouillard pure. Neutre. D\u00e9gustations id\u00e9ales. Min\u00e9ralisation scandaleuse","description":"L&#039;eau de brouillard pure ne peut manquer dans les meilleures d\u00e9gustations. Id\u00e9al pour accompagner les meilleurs vins, whiskies et autres spiritueux","robots":{"index":"index","follow":"follow","max-snippet":"max-snippet:-1","max-image-preview":"max-image-preview:large","max-video-preview":"max-video-preview:-1"},"canonical":"https:\/\/breezeh2o.com\/fr\/agua-pura-niebla\/","og_locale":"fr_FR","og_type":"article","og_title":"Si, tu agua","og_description":"El Agua pura de niebla no puede faltar en las mejores catas. Ideal para acompa\u00f1ar los mejores vinos, whiskies y otras bebidas espirituosas","og_url":"https:\/\/breezeh2o.com\/fr\/agua-pura-niebla\/","og_site_name":"Breeze","article_publisher":"https:\/\/www.facebook.com\/Breeze-probablemente-el-agua-mas-pura-del-mundo-100210431687988","article_modified_time":"2024-04-03T14:56:37+00:00","og_image":[{"url":"https:\/\/breezeh2o.com\/wp-content\/uploads\/2021\/01\/pexels-freestocksorg-312080-683x1024.jpg","type":"","width":"","height":""}],"twitter_card":"summary_large_image","twitter_misc":{"Dur\u00e9e de lecture estim\u00e9e":"3 minutes"},"schema":{"@context":"https:\/\/schema.org","@graph":[{"@type":"WebPage","@id":"https:\/\/breezeh2o.com\/agua-pura-niebla\/","url":"https:\/\/breezeh2o.com\/agua-pura-niebla\/","name":"Eau de brouillard pure. Neutre. D\u00e9gustations id\u00e9ales. Min\u00e9ralisation scandaleuse","isPartOf":{"@id":"https:\/\/breezeh2o.com\/es\/#website"},"primaryImageOfPage":{"@id":"https:\/\/breezeh2o.com\/agua-pura-niebla\/#primaryimage"},"image":{"@id":"https:\/\/breezeh2o.com\/agua-pura-niebla\/#primaryimage"},"thumbnailUrl":"https:\/\/breezeh2o.com\/wp-content\/uploads\/2021\/01\/pexels-freestocksorg-312080-683x1024.jpg","datePublished":"2021-01-25T23:15:41+00:00","dateModified":"2024-04-03T14:56:37+00:00","description":"L&#039;eau de brouillard pure ne peut manquer dans les meilleures d\u00e9gustations. Id\u00e9al pour accompagner les meilleurs vins, whiskies et autres spiritueux","breadcrumb":{"@id":"https:\/\/breezeh2o.com\/agua-pura-niebla\/#breadcrumb"},"inLanguage":"fr-FR","potentialAction":[{"@type":"ReadAction","target":["https:\/\/breezeh2o.com\/agua-pura-niebla\/"]}]},{"@type":"ImageObject","inLanguage":"fr-FR","@id":"https:\/\/breezeh2o.com\/agua-pura-niebla\/#primaryimage","url":"https:\/\/breezeh2o.com\/wp-content\/uploads\/2021\/01\/pexels-freestocksorg-312080-683x1024.jpg","contentUrl":"https:\/\/breezeh2o.com\/wp-content\/uploads\/2021\/01\/pexels-freestocksorg-312080-683x1024.jpg"},{"@type":"BreadcrumbList","@id":"https:\/\/breezeh2o.com\/agua-pura-niebla\/#breadcrumb","itemListElement":[{"@type":"ListItem","position":1,"name":"Portada","item":"https:\/\/breezeh2o.com\/"},{"@type":"ListItem","position":2,"name":"Si, tu agua"}]},{"@type":"WebSite","@id":"https:\/\/breezeh2o.com\/es\/#website","url":"https:\/\/breezeh2o.com\/es\/","name":"Breeze","description":"Breeze, eau de nuage","publisher":{"@id":"https:\/\/breezeh2o.com\/es\/#organization"},"potentialAction":[{"@type":"SearchAction","target":{"@type":"EntryPoint","urlTemplate":"https:\/\/breezeh2o.com\/es\/?s={search_term_string}"},"query-input":{"@type":"PropertyValueSpecification","valueRequired":true,"valueName":"search_term_string"}}],"inLanguage":"fr-FR"},{"@type":"Organization","@id":"https:\/\/breezeh2o.com\/es\/#organization","name":"Brise h2o","url":"https:\/\/breezeh2o.com\/es\/","logo":{"@type":"ImageObject","inLanguage":"fr-FR","@id":"https:\/\/breezeh2o.com\/es\/#\/schema\/logo\/image\/","url":"https:\/\/i0.wp.com\/breezeh2o.com\/wp-content\/uploads\/2020\/05\/BreezeV.png?fit=912%2C826&ssl=1","contentUrl":"https:\/\/i0.wp.com\/breezeh2o.com\/wp-content\/uploads\/2020\/05\/BreezeV.png?fit=912%2C826&ssl=1","width":912,"height":826,"caption":"Breeze h2o"},"image":{"@id":"https:\/\/breezeh2o.com\/es\/#\/schema\/logo\/image\/"},"sameAs":["https:\/\/www.facebook.com\/Breeze-probablemente-el-agua-mas-pura-del-mundo-100210431687988","https:\/\/www.instagram.com\/breezeh2o\/"]}]}},"jetpack_sharing_enabled":true,"_links":{"self":[{"href":"https:\/\/breezeh2o.com\/fr\/wp-json\/wp\/v2\/pages\/6728","targetHints":{"allow":["GET"]}}],"collection":[{"href":"https:\/\/breezeh2o.com\/fr\/wp-json\/wp\/v2\/pages"}],"about":[{"href":"https:\/\/breezeh2o.com\/fr\/wp-json\/wp\/v2\/types\/page"}],"author":[{"embeddable":true,"href":"https:\/\/breezeh2o.com\/fr\/wp-json\/wp\/v2\/users\/2"}],"replies":[{"embeddable":true,"href":"https:\/\/breezeh2o.com\/fr\/wp-json\/wp\/v2\/comments?post=6728"}],"version-history":[{"count":5,"href":"https:\/\/breezeh2o.com\/fr\/wp-json\/wp\/v2\/pages\/6728\/revisions"}],"predecessor-version":[{"id":6795,"href":"https:\/\/breezeh2o.com\/fr\/wp-json\/wp\/v2\/pages\/6728\/revisions\/6795"}],"wp:attachment":[{"href":"https:\/\/breezeh2o.com\/fr\/wp-json\/wp\/v2\/media?parent=6728"}],"curies":[{"name":"wp","href":"https:\/\/api.w.org\/{rel}","templated":true}]}}