{"id":6395,"date":"2020-08-10T09:36:53","date_gmt":"2020-08-10T09:36:53","guid":{"rendered":"https:\/\/breezeh2o.com\/?page_id=6395"},"modified":"2021-04-12T11:31:37","modified_gmt":"2021-04-12T10:31:37","slug":"preguntas-frecuentes","status":"publish","type":"page","link":"https:\/\/breezeh2o.com\/fr\/questions-frequentes\/","title":{"rendered":"Questions fr\u00e9quentes"},"content":{"rendered":"<section id=\"section_id-16395\" class=\"fw-main-row fw-section-no-padding\">\n<div class=\"fw-col-inner fw-container\">\n<div class=\"fw-row\">\n<div id=\"column-5f31153608add\" class=\"fw-col-xs-12\">\n<div class=\"fw-col-inner\">\n<div class=\"fw-accordion\">\n<h3 class=\"fw-accordion-title\">Comment obtenez-vous Breeze, Mist Water?<\/h3>\n<div class=\"fw-accordion-content\">\n<p>Comme dans les feuilles des arbres, l&#039;humidit\u00e9 se condense pour former des gouttes d&#039;eau qui tombent par la suite, la brume se condense sur nos collecteurs brevet\u00e9s, formant des gouttes que nous collectons avant qu&#039;elles ne tombent au sol pour la mise en bouteille.<br \/>\nLa brume du ciel des \u00eeles Canaries, l&#039;une des plus propres au monde, provenant de l&#039;\u00e9vaporation de l&#039;oc\u00e9an Atlantique, est pouss\u00e9e par le vent vers nos collecteurs o\u00f9 se forment les gouttes d&#039;eau pure que nous collectons sans avoir besoin de \u00e9nergie.<\/p>\n<p>&nbsp;<\/p>\n<\/div>\n<h3 class=\"fw-accordion-title\">L&#039;eau Breeze Fog, contient-elle des min\u00e9raux ou est-elle comparable \u00e0 l&#039;eau distill\u00e9e?<\/h3>\n<div class=\"fw-accordion-content\">\n<p>L\u2019Eau des Nuages, bienqu\u2019elle ne touche pas le sol, contient en quantit\u00e9 minimales des min\u00e9raux. Ils proviennent des embruns sal\u00e9s de l\u2019oc\u00e9an Atlantique que transportent les nuages lors de leur course au dessus de l\u2019oc\u00e9an. Il ne s\u2019agit donc pas d\u2019une eau distill\u00e9e.<\/p>\n<p>&nbsp;<\/p>\n<\/div>\n<h3 class=\"fw-accordion-title\">Pourquoi en particulier Breeze Mist Water est-elle une eau si pure et sans contaminant?<\/h3>\n<div class=\"fw-accordion-content\">\n<p>Parce qu\u2019elle est capt\u00e9e aux sommets des \u00celes Canaries, un des ciels les plus limpides au monde. C\u2019est d\u2019ailleurs l\u00e0 que sont install\u00e9s quelquesuns des plus importants t\u00e9lescopes du monde. Les sites de captation sont situ\u00e9s sur des \u00eeles class\u00e9es \u201cReserve de la Biosph\u00e8re\u201d.<br \/>\nDe plus, en ne touchant pas le sol, il ne collecte pas ses impuret\u00e9s.<\/p>\n<p>&nbsp;<\/p>\n<\/div>\n<h3 class=\"fw-accordion-title\">Pourrait-elle \u00eatre consid\u00e9r\u00e9e comme une eau \u00e9cologique?<\/h3>\n<div class=\"fw-accordion-content\">\n<p>Oui, aucune autre \u00e9nergie que le vent n\u2019est utilis\u00e9e pour la captation de la brume de nuages. La brume s\u2019accroche dans les filets \u00e0 nuages, les gouttelettes suspendues s\u2019ajoutent les unes aux autres jusqu\u2019\u00e0 descendre par gravit\u00e9. Breeze est n\u00e9e\u2026<\/p>\n<p>&nbsp;<\/p>\n<\/div>\n<h3 class=\"fw-accordion-title\">Comment puis-je profiter de la brume d&#039;eau Breeze?<\/h3>\n<div class=\"fw-accordion-content\">\n<p>Breeze est tellement pure qu\u2019elle accompagne parfaitement tous les mets et convient tout particuli\u00e8rement aux d\u00e9gustations car elle permet de maintenir le palais frais et d\u00e9gag\u00e9 pour mettre en valeur toutes  les notes. Elle est la compagne id\u00e9ale du go\u00fbt, et sur les tables les plus exclusives, la complice du th\u00e9, des infusions, du caf\u00e9 et m\u00eame du vino ou ds digestifs car elle d\u00e9multiplie et sublime leurs saveurs sans les alt\u00e9rer.<br \/>\nIl peut \u00e9galement \u00eatre utilis\u00e9 dans les d\u00e9gustations, \u00e0 la fois pour les boissons et les aliments, pour nettoyer notre palais de saveur.<\/p>\n<p>&nbsp;<\/p>\n<\/div>\n<h3 class=\"fw-accordion-title\">Breeze est-elle l&#039;eau la plus pure du monde?<\/h3>\n<div class=\"fw-accordion-content\">\n<p>C&#039;est probablement le cas, puisqu&#039;elle ne traverse pas le sol, elle ne contient pratiquement pas d&#039;impuret\u00e9s, le reste de l&#039;eau peut \u00eatre filtr\u00e9 par la nature de diff\u00e9rentes mani\u00e8res, mais partout o\u00f9 il se d\u00e9pose, il recueille des impuret\u00e9s. La brise est capt\u00e9e directement hors de la brume avant qu&#039;elle ne touche le sol. Du paradis directement \u00e0 votre palais!<\/p>\n<p>&nbsp;<\/p>\n<\/div>\n<h3 class=\"fw-accordion-title\">\u00c0 quelle cat\u00e9gorie d&#039;eau appartient l&#039;eau de brouillard?<\/h3>\n<div class=\"fw-accordion-content\">\n<p>Comme il s&#039;agit d&#039;un nouveau type d&#039;eau, il n&#039;y a pas de cat\u00e9gorie dans laquelle il peut \u00eatre correctement inclus, puisque le reste des eaux sont obtenues \u00e0 partir de sources ou sont trait\u00e9es, aucune d&#039;entre elles n&#039;\u00e9tant Breeze. Breeze n&#039;est pas de l&#039;eau min\u00e9rale naturelle ou de l&#039;eau de source, c&#039;est de l&#039;eau de brume!<\/p>\n<p>&nbsp;<\/p>\n<\/div>\n<h3 class=\"fw-accordion-title\">Quel est le go\u00fbt de l&#039;eau de brouillard?<\/h3>\n<div class=\"fw-accordion-content\">\n<p>De l&#039;eau tout simplement!<br \/>\nBreeze est une eau au go\u00fbt neutre, elle n&#039;a que le go\u00fbt de l&#039;eau.<br \/>\nCeux qui ont eu l&#039;occasion de boire de la neige propre disent que Breeze est encore plus pure, et qu&#039;elle semble une eau plus l\u00e9g\u00e8re, moins \u00e9paisse que les autres eaux.<\/p>\n<p>&nbsp;<\/p>\n<\/div>\n<h3 class=\"fw-accordion-title\">O\u00f9 puis-je trouver Breeze?<\/h3>\n<div class=\"fw-accordion-content\">\n<p>Breeze est une eau Premium que vous pouvez trouver dans certains des meilleurs magasins et distributeurs gastronomiques en Espagne. Vous pouvez \u00e9galement passer votre commande en ligne et nous la livrerons directement \u00e0 votre domicile.<br \/>\nEn France, vous pouvez retrouver nos produits \u00e0 La Grande Epicerie de Paris.<\/p>\n<p>&nbsp;<\/p>\n<\/div>\n<h3 class=\"fw-accordion-title\">Quelle est la composition de Breeze?<\/h3>\n<div class=\"fw-accordion-content\">\n<p>Composition en mg \/ l<br \/>\nTDS 30<br \/>\nCe 47,4<br \/>\nPH 6.2<br \/>\nBicarbonates 2,23<br \/>\nCalcium 0,9<br \/>\nMagn\u00e9sium 1,1<br \/>\nSodium 6,8<br \/>\nPotassium 0,8<br \/>\nChlorures 15<br \/>\nSulfates 1<br \/>\nFluorures 0,14<br \/>\nSilice &lt;0,5<\/p>\n<h3 class=\"fw-accordion-title\">Le bouchon de la bouteille est-il en li\u00e8ge?<\/h3>\n<div class=\"fw-accordion-content\">\n<p>Non, la l\u00e9gislation sanitaire n&#039;autorise pas l&#039;utilisation du li\u00e8ge dans le cas des bouteilles d&#039;eau. Nous aurions aim\u00e9 utiliser des bouchons en li\u00e8ge pour maximiser la durabilit\u00e9 de l&#039;ensemble du produit, mais le li\u00e8ge transmettrait des impuret\u00e9s \u00e0 l&#039;eau et lui permettrait de \u00abrespirer\u00bb. Pour cette raison, nous avons utilis\u00e9 des produits qui garantissent la puret\u00e9 maximale de notre eau.<\/p>\n<p>&nbsp;<\/p>\n<\/div>\n<\/div>\n<p>&nbsp;<\/p>\n<\/div>\n<div class=\"fw-divider-space\" style=\"padding-top: 50px;\">&nbsp;<\/div>\n<p>&nbsp;<\/p>\n<\/div>\n<\/div>\n<\/div>\n<\/div>\n<\/section>\n<p><!-- 9b466172d68dec343434a8f150228546 --><\/p>","protected":false},"excerpt":{"rendered":"<p>\u00bfC\u00f3mo se obtiene Breeze, Agua de niebla? Al igual que en las hojas de los arboles se condensa la humedad para formar gotas de agua que posteriormente caen, la niebla se condensa en nuestros captadores patentados formando gotas que recogemos [&hellip;]<\/p>\n","protected":false},"author":2,"featured_media":6604,"parent":0,"menu_order":0,"comment_status":"closed","ping_status":"closed","template":"page-templates\/full-width-builder.php","meta":{"ngg_post_thumbnail":0,"inspiro_page_layout":"narrow","inspiro_hide_title":false,"footnotes":""},"class_list":["post-6395","page","type-page","status-publish","has-post-thumbnail","hentry"],"yoast_head":"<!-- This site is optimized with the Yoast SEO Premium plugin v21.7 (Yoast SEO v27.3) - https:\/\/yoast.com\/product\/yoast-seo-premium-wordpress\/ -->\n<title>Agua pura de niebla Preguntas Frecuentes - Breeze<\/title>\n<meta name=\"description\" content=\"\u00bfC\u00f3mo se obtiene Breeze, Agua de niebla? Al igual que en las hojas de los arboles se condensa la humedad para formar gotas de agua que posteriormente\" \/>\n<meta name=\"robots\" content=\"index, follow, max-snippet:-1, max-image-preview:large, max-video-preview:-1\" \/>\n<link rel=\"canonical\" href=\"https:\/\/breezeh2o.com\/fr\/preguntas-frecuentes\/\" \/>\n<meta property=\"og:locale\" content=\"fr_FR\" \/>\n<meta property=\"og:type\" content=\"article\" \/>\n<meta property=\"og:title\" content=\"Preguntas Frecuentes\" \/>\n<meta property=\"og:description\" content=\"\u00bfC\u00f3mo se obtiene Breeze, Agua de niebla? Al igual que en las hojas de los arboles se condensa la humedad para formar gotas de agua que posteriormente\" \/>\n<meta property=\"og:url\" content=\"https:\/\/breezeh2o.com\/fr\/preguntas-frecuentes\/\" \/>\n<meta property=\"og:site_name\" content=\"Breeze\" \/>\n<meta property=\"article:publisher\" content=\"https:\/\/www.facebook.com\/Breeze-probablemente-el-agua-mas-pura-del-mundo-100210431687988\" \/>\n<meta property=\"article:modified_time\" content=\"2021-04-12T10:31:37+00:00\" \/>\n<meta property=\"og:image\" content=\"https:\/\/breezeh2o.com\/wp-content\/uploads\/2021\/01\/pexels-photo-356079.jpeg\" \/>\n\t<meta property=\"og:image:width\" content=\"1239\" \/>\n\t<meta property=\"og:image:height\" content=\"750\" \/>\n\t<meta property=\"og:image:type\" content=\"image\/jpeg\" \/>\n<meta name=\"twitter:card\" content=\"summary_large_image\" \/>\n<meta name=\"twitter:label1\" content=\"Dur\u00e9e de lecture estim\u00e9e\" \/>\n\t<meta name=\"twitter:data1\" content=\"3 minutes\" \/>\n<script type=\"application\/ld+json\" class=\"yoast-schema-graph\">{\"@context\":\"https:\\\/\\\/schema.org\",\"@graph\":[{\"@type\":\"WebPage\",\"@id\":\"https:\\\/\\\/breezeh2o.com\\\/preguntas-frecuentes\\\/\",\"url\":\"https:\\\/\\\/breezeh2o.com\\\/preguntas-frecuentes\\\/\",\"name\":\"Agua pura de niebla Preguntas Frecuentes - Breeze\",\"isPartOf\":{\"@id\":\"https:\\\/\\\/breezeh2o.com\\\/es\\\/#website\"},\"primaryImageOfPage\":{\"@id\":\"https:\\\/\\\/breezeh2o.com\\\/preguntas-frecuentes\\\/#primaryimage\"},\"image\":{\"@id\":\"https:\\\/\\\/breezeh2o.com\\\/preguntas-frecuentes\\\/#primaryimage\"},\"thumbnailUrl\":\"https:\\\/\\\/i0.wp.com\\\/breezeh2o.com\\\/wp-content\\\/uploads\\\/2021\\\/01\\\/pexels-photo-356079.jpeg?fit=1239%2C750&ssl=1\",\"datePublished\":\"2020-08-10T09:36:53+00:00\",\"dateModified\":\"2021-04-12T10:31:37+00:00\",\"description\":\"\u00bfC\u00f3mo se obtiene Breeze, Agua de niebla? Al igual que en las hojas de los arboles se condensa la humedad para formar gotas de agua que posteriormente\",\"breadcrumb\":{\"@id\":\"https:\\\/\\\/breezeh2o.com\\\/preguntas-frecuentes\\\/#breadcrumb\"},\"inLanguage\":\"fr-FR\",\"potentialAction\":[{\"@type\":\"ReadAction\",\"target\":[\"https:\\\/\\\/breezeh2o.com\\\/preguntas-frecuentes\\\/\"]}]},{\"@type\":\"ImageObject\",\"inLanguage\":\"fr-FR\",\"@id\":\"https:\\\/\\\/breezeh2o.com\\\/preguntas-frecuentes\\\/#primaryimage\",\"url\":\"https:\\\/\\\/i0.wp.com\\\/breezeh2o.com\\\/wp-content\\\/uploads\\\/2021\\\/01\\\/pexels-photo-356079.jpeg?fit=1239%2C750&ssl=1\",\"contentUrl\":\"https:\\\/\\\/i0.wp.com\\\/breezeh2o.com\\\/wp-content\\\/uploads\\\/2021\\\/01\\\/pexels-photo-356079.jpeg?fit=1239%2C750&ssl=1\",\"width\":1239,\"height\":750},{\"@type\":\"BreadcrumbList\",\"@id\":\"https:\\\/\\\/breezeh2o.com\\\/preguntas-frecuentes\\\/#breadcrumb\",\"itemListElement\":[{\"@type\":\"ListItem\",\"position\":1,\"name\":\"Portada\",\"item\":\"https:\\\/\\\/breezeh2o.com\\\/\"},{\"@type\":\"ListItem\",\"position\":2,\"name\":\"Preguntas Frecuentes\"}]},{\"@type\":\"WebSite\",\"@id\":\"https:\\\/\\\/breezeh2o.com\\\/es\\\/#website\",\"url\":\"https:\\\/\\\/breezeh2o.com\\\/es\\\/\",\"name\":\"Breeze\",\"description\":\"Breeze, agua de niebla\",\"publisher\":{\"@id\":\"https:\\\/\\\/breezeh2o.com\\\/es\\\/#organization\"},\"potentialAction\":[{\"@type\":\"SearchAction\",\"target\":{\"@type\":\"EntryPoint\",\"urlTemplate\":\"https:\\\/\\\/breezeh2o.com\\\/es\\\/?s={search_term_string}\"},\"query-input\":{\"@type\":\"PropertyValueSpecification\",\"valueRequired\":true,\"valueName\":\"search_term_string\"}}],\"inLanguage\":\"fr-FR\"},{\"@type\":\"Organization\",\"@id\":\"https:\\\/\\\/breezeh2o.com\\\/es\\\/#organization\",\"name\":\"Breeze h2o\",\"url\":\"https:\\\/\\\/breezeh2o.com\\\/es\\\/\",\"logo\":{\"@type\":\"ImageObject\",\"inLanguage\":\"fr-FR\",\"@id\":\"https:\\\/\\\/breezeh2o.com\\\/es\\\/#\\\/schema\\\/logo\\\/image\\\/\",\"url\":\"https:\\\/\\\/i0.wp.com\\\/breezeh2o.com\\\/wp-content\\\/uploads\\\/2020\\\/05\\\/BreezeV.png?fit=912%2C826&ssl=1\",\"contentUrl\":\"https:\\\/\\\/i0.wp.com\\\/breezeh2o.com\\\/wp-content\\\/uploads\\\/2020\\\/05\\\/BreezeV.png?fit=912%2C826&ssl=1\",\"width\":912,\"height\":826,\"caption\":\"Breeze h2o\"},\"image\":{\"@id\":\"https:\\\/\\\/breezeh2o.com\\\/es\\\/#\\\/schema\\\/logo\\\/image\\\/\"},\"sameAs\":[\"https:\\\/\\\/www.facebook.com\\\/Breeze-probablemente-el-agua-mas-pura-del-mundo-100210431687988\",\"https:\\\/\\\/www.instagram.com\\\/breezeh2o\\\/\"]}]}<\/script>\n<!-- \/ Yoast SEO Premium plugin. -->","yoast_head_json":{"title":"FAQ sur la brume d&#039;eau pure - Breeze","description":"Comment obtenez-vous Breeze, Mist Water? Comme dans les feuilles des arbres, l&#039;humidit\u00e9 se condense pour former des gouttes d&#039;eau qui plus tard","robots":{"index":"index","follow":"follow","max-snippet":"max-snippet:-1","max-image-preview":"max-image-preview:large","max-video-preview":"max-video-preview:-1"},"canonical":"https:\/\/breezeh2o.com\/fr\/preguntas-frecuentes\/","og_locale":"fr_FR","og_type":"article","og_title":"Preguntas Frecuentes","og_description":"\u00bfC\u00f3mo se obtiene Breeze, Agua de niebla? Al igual que en las hojas de los arboles se condensa la humedad para formar gotas de agua que posteriormente","og_url":"https:\/\/breezeh2o.com\/fr\/preguntas-frecuentes\/","og_site_name":"Breeze","article_publisher":"https:\/\/www.facebook.com\/Breeze-probablemente-el-agua-mas-pura-del-mundo-100210431687988","article_modified_time":"2021-04-12T10:31:37+00:00","og_image":[{"width":1239,"height":750,"url":"https:\/\/breezeh2o.com\/wp-content\/uploads\/2021\/01\/pexels-photo-356079.jpeg","type":"image\/jpeg"}],"twitter_card":"summary_large_image","twitter_misc":{"Dur\u00e9e de lecture estim\u00e9e":"3 minutes"},"schema":{"@context":"https:\/\/schema.org","@graph":[{"@type":"WebPage","@id":"https:\/\/breezeh2o.com\/preguntas-frecuentes\/","url":"https:\/\/breezeh2o.com\/preguntas-frecuentes\/","name":"FAQ sur la brume d&#039;eau pure - Breeze","isPartOf":{"@id":"https:\/\/breezeh2o.com\/es\/#website"},"primaryImageOfPage":{"@id":"https:\/\/breezeh2o.com\/preguntas-frecuentes\/#primaryimage"},"image":{"@id":"https:\/\/breezeh2o.com\/preguntas-frecuentes\/#primaryimage"},"thumbnailUrl":"https:\/\/i0.wp.com\/breezeh2o.com\/wp-content\/uploads\/2021\/01\/pexels-photo-356079.jpeg?fit=1239%2C750&ssl=1","datePublished":"2020-08-10T09:36:53+00:00","dateModified":"2021-04-12T10:31:37+00:00","description":"Comment obtenez-vous Breeze, Mist Water? Comme dans les feuilles des arbres, l&#039;humidit\u00e9 se condense pour former des gouttes d&#039;eau qui plus tard","breadcrumb":{"@id":"https:\/\/breezeh2o.com\/preguntas-frecuentes\/#breadcrumb"},"inLanguage":"fr-FR","potentialAction":[{"@type":"ReadAction","target":["https:\/\/breezeh2o.com\/preguntas-frecuentes\/"]}]},{"@type":"ImageObject","inLanguage":"fr-FR","@id":"https:\/\/breezeh2o.com\/preguntas-frecuentes\/#primaryimage","url":"https:\/\/i0.wp.com\/breezeh2o.com\/wp-content\/uploads\/2021\/01\/pexels-photo-356079.jpeg?fit=1239%2C750&ssl=1","contentUrl":"https:\/\/i0.wp.com\/breezeh2o.com\/wp-content\/uploads\/2021\/01\/pexels-photo-356079.jpeg?fit=1239%2C750&ssl=1","width":1239,"height":750},{"@type":"BreadcrumbList","@id":"https:\/\/breezeh2o.com\/preguntas-frecuentes\/#breadcrumb","itemListElement":[{"@type":"ListItem","position":1,"name":"Portada","item":"https:\/\/breezeh2o.com\/"},{"@type":"ListItem","position":2,"name":"Preguntas Frecuentes"}]},{"@type":"WebSite","@id":"https:\/\/breezeh2o.com\/es\/#website","url":"https:\/\/breezeh2o.com\/es\/","name":"Breeze","description":"Breeze, eau de nuage","publisher":{"@id":"https:\/\/breezeh2o.com\/es\/#organization"},"potentialAction":[{"@type":"SearchAction","target":{"@type":"EntryPoint","urlTemplate":"https:\/\/breezeh2o.com\/es\/?s={search_term_string}"},"query-input":{"@type":"PropertyValueSpecification","valueRequired":true,"valueName":"search_term_string"}}],"inLanguage":"fr-FR"},{"@type":"Organization","@id":"https:\/\/breezeh2o.com\/es\/#organization","name":"Brise h2o","url":"https:\/\/breezeh2o.com\/es\/","logo":{"@type":"ImageObject","inLanguage":"fr-FR","@id":"https:\/\/breezeh2o.com\/es\/#\/schema\/logo\/image\/","url":"https:\/\/i0.wp.com\/breezeh2o.com\/wp-content\/uploads\/2020\/05\/BreezeV.png?fit=912%2C826&ssl=1","contentUrl":"https:\/\/i0.wp.com\/breezeh2o.com\/wp-content\/uploads\/2020\/05\/BreezeV.png?fit=912%2C826&ssl=1","width":912,"height":826,"caption":"Breeze h2o"},"image":{"@id":"https:\/\/breezeh2o.com\/es\/#\/schema\/logo\/image\/"},"sameAs":["https:\/\/www.facebook.com\/Breeze-probablemente-el-agua-mas-pura-del-mundo-100210431687988","https:\/\/www.instagram.com\/breezeh2o\/"]}]}},"jetpack_sharing_enabled":true,"_links":{"self":[{"href":"https:\/\/breezeh2o.com\/fr\/wp-json\/wp\/v2\/pages\/6395","targetHints":{"allow":["GET"]}}],"collection":[{"href":"https:\/\/breezeh2o.com\/fr\/wp-json\/wp\/v2\/pages"}],"about":[{"href":"https:\/\/breezeh2o.com\/fr\/wp-json\/wp\/v2\/types\/page"}],"author":[{"embeddable":true,"href":"https:\/\/breezeh2o.com\/fr\/wp-json\/wp\/v2\/users\/2"}],"replies":[{"embeddable":true,"href":"https:\/\/breezeh2o.com\/fr\/wp-json\/wp\/v2\/comments?post=6395"}],"version-history":[{"count":5,"href":"https:\/\/breezeh2o.com\/fr\/wp-json\/wp\/v2\/pages\/6395\/revisions"}],"predecessor-version":[{"id":6797,"href":"https:\/\/breezeh2o.com\/fr\/wp-json\/wp\/v2\/pages\/6395\/revisions\/6797"}],"wp:featuredmedia":[{"embeddable":true,"href":"https:\/\/breezeh2o.com\/fr\/wp-json\/wp\/v2\/media\/6604"}],"wp:attachment":[{"href":"https:\/\/breezeh2o.com\/fr\/wp-json\/wp\/v2\/media?parent=6395"}],"curies":[{"name":"wp","href":"https:\/\/api.w.org\/{rel}","templated":true}]}}