{"id":5992,"date":"2018-02-11T22:55:37","date_gmt":"2018-02-11T22:55:37","guid":{"rendered":"https:\/\/breezeh2o.com\/beta\/?page_id=5992"},"modified":"2021-04-11T21:00:05","modified_gmt":"2021-04-11T20:00:05","slug":"contacto","status":"publish","type":"page","link":"https:\/\/breezeh2o.com\/fr\/contact\/","title":{"rendered":"Contact"},"content":{"rendered":"<section id=\"section_id-15992\" class=\"fw-main-row-custom fw-main-row-top fw-section-no-padding\" style=\" \" >\n\t<div class=\"fw-col-inner fw-container-fluid\" >\n\t\t<div class=\"fw-row\">\n\t\n<div id=\"column-69ef7829237c2\" class=\"fw-col-xs-12 fw-col-sm-6\" style=\" \">\n        <div class=\"fw-col-inner\" >\n\t\t\n\t<div class=\"fw-divider-space\" style=\"padding-top: 50px;\"><\/div>\n<div class=\"fw-heading fw-heading-center\" style=\"color:#000000;\">\n\t\t<h2 class='fw-special-title'style=\"color:#000000;\">Nous voulons vous entendre<\/h2>\t\t\t<div class=\"fw-special-subtitle\">Nos coordonn\u00e9es<\/div>\n\t<\/div>\n\t<div class=\"fw-divider-space\" style=\"padding-top: 50px;\"><\/div>\n<div class=\"flexBox\"><div><p><img data-recalc-dims=\"1\" decoding=\"async\" src=\"https:\/\/i0.wp.com\/breezeh2o.com\/wp-content\/uploads\/2018\/02\/mail.png?w=930&#038;ssl=1\"><\/p><\/div><\/div><div class=\"flexBox\"><div><p>comercial@breezeh2o.es<\/p><\/div><\/div><div class=\"flexBoxDireccion\"><div class=\"iconDiv\"><img data-recalc-dims=\"1\" decoding=\"async\" src=\"https:\/\/i0.wp.com\/breezeh2o.com\/wp-content\/uploads\/2018\/02\/placeholder.png?w=930&#038;ssl=1\" \/><\/div><div><p>NIEBLA ATLANTICA SL<br \/>Innovaparq - ULL<br \/>Avenida Trinidad, 61 - Planta 6 - Of. 7<br \/>38204 San Crist\u00f3bal de La LAGUNA<br \/>Santa Cruz de Tenerife<\/p><\/div><\/div>\t<\/div>\n<\/div>\n<div id=\"column-69ef782923ace\" class=\"fw-col-xs-12 fw-col-sm-6  fw_theme_bg_color_1\" style=\" \">\n        <div class=\"fw-col-inner\" >\n\t\t\n\t<div class=\"fw-divider-space\" style=\"padding-top: 50px;\"><\/div>\n<div class=\"fw-heading fw-heading-center\" >\n\t\t<h2 class='fw-special-title'>Envoyer votre message<\/h2>\t<\/div>\n\t<div class=\"fw-divider-space\" style=\"padding-top: 10px;\"><\/div>\n<p>\n<div class=\"wpcf7 no-js\" id=\"wpcf7-f5856-o1\" lang=\"es-ES\" dir=\"ltr\" data-wpcf7-id=\"5856\">\n<div class=\"screen-reader-response\"><p role=\"status\" aria-live=\"polite\" aria-atomic=\"true\"><\/p> <ul><\/ul><\/div>\n<form action=\"\/fr\/wp-json\/wp\/v2\/pages\/5992#wpcf7-f5856-o1\" method=\"post\" class=\"wpcf7-form init\" aria-label=\"Formulaire de contact\" novalidate=\"novalidate\" data-status=\"init\" data-trp-original-action=\"\/fr\/wp-json\/wp\/v2\/pages\/5992#wpcf7-f5856-o1\">\n<fieldset class=\"hidden-fields-container\"><input type=\"hidden\" name=\"_wpcf7\" value=\"5856\" \/><input type=\"hidden\" name=\"_wpcf7_version\" value=\"6.1.5\" \/><input type=\"hidden\" name=\"_wpcf7_locale\" value=\"es_ES\" \/><input type=\"hidden\" name=\"_wpcf7_unit_tag\" value=\"wpcf7-f5856-o1\" \/><input type=\"hidden\" name=\"_wpcf7_container_post\" value=\"0\" \/><input type=\"hidden\" name=\"_wpcf7_posted_data_hash\" value=\"\" \/><input type=\"hidden\" name=\"_wpcf7_recaptcha_response\" value=\"\" \/>\n<\/fieldset>\n<p><span class=\"wpcf7-form-control-wrap\" data-name=\"Name\"><input size=\"40\" maxlength=\"400\" class=\"wpcf7-form-control wpcf7-text wpcf7-validates-as-required\" aria-required=\"true\" aria-invalid=\"false\" placeholder=\"Nom\" value=\"\" type=\"text\" name=\"Name\" \/><\/span>\n<\/p>\n<p><span class=\"wpcf7-form-control-wrap\" data-name=\"Email\"><input size=\"40\" maxlength=\"400\" class=\"wpcf7-form-control wpcf7-email wpcf7-validates-as-required wpcf7-text wpcf7-validates-as-email\" aria-required=\"true\" aria-invalid=\"false\" placeholder=\"Courrier \u00e9lectronique\" value=\"\" type=\"email\" name=\"Email\" \/><\/span>\n<\/p>\n<p><span class=\"wpcf7-form-control-wrap\" data-name=\"Phone\"><input size=\"40\" maxlength=\"400\" class=\"wpcf7-form-control wpcf7-tel wpcf7-text wpcf7-validates-as-tel\" aria-invalid=\"false\" placeholder=\"T\u00e9l\u00e9phone\" value=\"\" type=\"tel\" name=\"Phone\" \/><\/span>\n<\/p>\n<p><span class=\"wpcf7-form-control-wrap\" data-name=\"your-message\"><textarea cols=\"40\" rows=\"10\" maxlength=\"2000\" class=\"wpcf7-form-control wpcf7-textarea\" aria-invalid=\"false\" placeholder=\"Message\" name=\"your-message\"><\/textarea><\/span>\n<\/p>\n<p>Breezeh2o collecte vos donn\u00e9es pour r\u00e9pondre \u00e0 votre requ\u00eate. Vous pouvez exercer vos droits d&#039;acc\u00e8s, de rectification, de suppression et d&#039;opposition, entre autres, conform\u00e9ment \u00e0 notre politique de confidentialit\u00e9.<br \/>\n<span class=\"wpcf7-form-control-wrap\" data-name=\"acceptance-183\"><span class=\"wpcf7-form-control wpcf7-acceptance\"><span class=\"wpcf7-list-item\"><label><input type=\"checkbox\" name=\"acceptance-183\" value=\"1\" aria-invalid=\"false\" \/><span class=\"wpcf7-list-item-label\">J\u2019ai lu et accepte la <a href=\"https:\/\/breezeh2o.com\/fr\/politica-de-privacidad\/\" target=\"_blank\">politique de confidentialit\u00e9<\/a><\/span><\/label><\/span><\/span><\/span>\n<\/p>\n<span class=\"wpcf7-form-control-wrap recaptcha\" data-name=\"recaptcha\"><span data-sitekey=\"6LcR9S0aAAAAAJwJ7ebFNKdmiEwHUO2TLyTMOPrN\" class=\"wpcf7-form-control wpcf7-recaptcha g-recaptcha\"><\/span>\r\n<noscript>\r\n\t<div class=\"grecaptcha-noscript\">\r\n\t\t<iframe loading=\"lazy\" src=\"https:\/\/www.google.com\/recaptcha\/api\/fallback?k=6LcR9S0aAAAAAJwJ7ebFNKdmiEwHUO2TLyTMOPrN\" frameborder=\"0\" scrolling=\"no\" width=\"310\" height=\"430\">\r\n\t\t<\/iframe>\r\n\t\t<textarea name=\"g-recaptcha-response\" rows=\"3\" cols=\"40\" placeholder=\"Voici la r\u00e9ponse reCAPTCHA\">\r\n\t\t<\/textarea>\r\n\t<\/div>\r\n<\/noscript>\r\n<\/span>\n<p><input class=\"wpcf7-form-control wpcf7-submit has-spinner btn btn-block btn-primary\" type=\"submit\" value=\"Envoyer\" \/>\n<\/p><p style=\"display: none !important;\" class=\"akismet-fields-container\" data-prefix=\"_wpcf7_ak_\"><label>\u0394<textarea name=\"_wpcf7_ak_hp_textarea\" cols=\"45\" rows=\"8\" maxlength=\"100\"><\/textarea><\/label><input type=\"hidden\" id=\"ak_js_1\" name=\"_wpcf7_ak_js\" value=\"192\"\/><script>document.getElementById( \"ak_js_1\" ).setAttribute( \"value\", ( new Date() ).getTime() );<\/script><\/p><div class=\"wpcf7-response-output\" aria-hidden=\"true\"><\/div>\n<input type=\"hidden\" name=\"trp-form-language\" value=\"fr\"\/><\/form>\n<\/div>\n<\/p>\n\t<div class=\"fw-divider-space\" style=\"padding-top: 50px;\"><\/div>\n\t<\/div>\n<\/div><\/div>\n\n\t<\/div>\n<\/section>","protected":false},"excerpt":{"rendered":"<p>Queremos escucharte Datos de contacto comercial@breezeh2o.esNIEBLA ATLANTICA SLInnovaparq &#8211; ULLAvenida Trinidad, 61 &#8211; Planta 6 &#8211; Of. 738204 San Crist\u00f3bal de La LAGUNASanta Cruz de Tenerife Env\u00edanos tus dudas Breezeh2o recopila tus datos para responder tu consulta. Puedes ejercer tus [&hellip;]<\/p>\n","protected":false},"author":2,"featured_media":6603,"parent":0,"menu_order":0,"comment_status":"closed","ping_status":"closed","template":"","meta":{"ngg_post_thumbnail":0,"inspiro_page_layout":"narrow","inspiro_hide_title":false,"footnotes":""},"class_list":["post-5992","page","type-page","status-publish","has-post-thumbnail","hentry"],"yoast_head":"<!-- This site is optimized with the Yoast SEO Premium plugin v21.7 (Yoast SEO v27.3) - https:\/\/yoast.com\/product\/yoast-seo-premium-wordpress\/ -->\n<title>Contacto - Breeze Agua de niebla, la m\u00e1s pura del mundo<\/title>\n<meta name=\"description\" content=\"Queremos escucharte Datos de contacto comercial@breezeh2o.esNIEBLA ATLANTICA SLInnovaparq - ULLAvenida Trinidad, 61 - Planta 6 - Of. 738204 San Crist\u00f3bal\" \/>\n<meta name=\"robots\" content=\"index, follow, max-snippet:-1, max-image-preview:large, max-video-preview:-1\" \/>\n<link rel=\"canonical\" href=\"https:\/\/breezeh2o.com\/fr\/contacto\/\" \/>\n<meta property=\"og:locale\" content=\"fr_FR\" \/>\n<meta property=\"og:type\" content=\"article\" \/>\n<meta property=\"og:title\" content=\"Contacto\" \/>\n<meta property=\"og:description\" content=\"Queremos escucharte Datos de contacto comercial@breezeh2o.esNIEBLA ATLANTICA SLInnovaparq - ULLAvenida Trinidad, 61 - Planta 6 - Of. 738204 San Crist\u00f3bal\" \/>\n<meta property=\"og:url\" content=\"https:\/\/breezeh2o.com\/fr\/contacto\/\" \/>\n<meta property=\"og:site_name\" content=\"Breeze\" \/>\n<meta property=\"article:publisher\" content=\"https:\/\/www.facebook.com\/Breeze-probablemente-el-agua-mas-pura-del-mundo-100210431687988\" \/>\n<meta property=\"article:modified_time\" content=\"2021-04-11T20:00:05+00:00\" \/>\n<meta property=\"og:image\" content=\"https:\/\/breezeh2o.com\/wp-content\/uploads\/2021\/01\/ssp063-scaled.jpg\" \/>\n\t<meta property=\"og:image:width\" content=\"2560\" \/>\n\t<meta property=\"og:image:height\" content=\"1707\" \/>\n\t<meta property=\"og:image:type\" content=\"image\/jpeg\" \/>\n<meta name=\"twitter:card\" content=\"summary_large_image\" \/>\n<meta name=\"twitter:label1\" content=\"Dur\u00e9e de lecture estim\u00e9e\" \/>\n\t<meta name=\"twitter:data1\" content=\"1 minute\" \/>\n<script type=\"application\/ld+json\" class=\"yoast-schema-graph\">{\"@context\":\"https:\\\/\\\/schema.org\",\"@graph\":[{\"@type\":\"WebPage\",\"@id\":\"https:\\\/\\\/breezeh2o.com\\\/contacto\\\/\",\"url\":\"https:\\\/\\\/breezeh2o.com\\\/contacto\\\/\",\"name\":\"Contacto - Breeze Agua de niebla, la m\u00e1s pura del mundo\",\"isPartOf\":{\"@id\":\"https:\\\/\\\/breezeh2o.com\\\/es\\\/#website\"},\"primaryImageOfPage\":{\"@id\":\"https:\\\/\\\/breezeh2o.com\\\/contacto\\\/#primaryimage\"},\"image\":{\"@id\":\"https:\\\/\\\/breezeh2o.com\\\/contacto\\\/#primaryimage\"},\"thumbnailUrl\":\"https:\\\/\\\/i0.wp.com\\\/breezeh2o.com\\\/wp-content\\\/uploads\\\/2021\\\/01\\\/ssp063-scaled.jpg?fit=2560%2C1707&ssl=1\",\"datePublished\":\"2018-02-11T22:55:37+00:00\",\"dateModified\":\"2021-04-11T20:00:05+00:00\",\"description\":\"Queremos escucharte Datos de contacto comercial@breezeh2o.esNIEBLA ATLANTICA SLInnovaparq - ULLAvenida Trinidad, 61 - Planta 6 - Of. 738204 San Crist\u00f3bal\",\"breadcrumb\":{\"@id\":\"https:\\\/\\\/breezeh2o.com\\\/contacto\\\/#breadcrumb\"},\"inLanguage\":\"fr-FR\",\"potentialAction\":[{\"@type\":\"ReadAction\",\"target\":[\"https:\\\/\\\/breezeh2o.com\\\/contacto\\\/\"]}]},{\"@type\":\"ImageObject\",\"inLanguage\":\"fr-FR\",\"@id\":\"https:\\\/\\\/breezeh2o.com\\\/contacto\\\/#primaryimage\",\"url\":\"https:\\\/\\\/i0.wp.com\\\/breezeh2o.com\\\/wp-content\\\/uploads\\\/2021\\\/01\\\/ssp063-scaled.jpg?fit=2560%2C1707&ssl=1\",\"contentUrl\":\"https:\\\/\\\/i0.wp.com\\\/breezeh2o.com\\\/wp-content\\\/uploads\\\/2021\\\/01\\\/ssp063-scaled.jpg?fit=2560%2C1707&ssl=1\",\"width\":2560,\"height\":1707},{\"@type\":\"BreadcrumbList\",\"@id\":\"https:\\\/\\\/breezeh2o.com\\\/contacto\\\/#breadcrumb\",\"itemListElement\":[{\"@type\":\"ListItem\",\"position\":1,\"name\":\"Portada\",\"item\":\"https:\\\/\\\/breezeh2o.com\\\/\"},{\"@type\":\"ListItem\",\"position\":2,\"name\":\"Contacto\"}]},{\"@type\":\"WebSite\",\"@id\":\"https:\\\/\\\/breezeh2o.com\\\/es\\\/#website\",\"url\":\"https:\\\/\\\/breezeh2o.com\\\/es\\\/\",\"name\":\"Breeze\",\"description\":\"Breeze, agua de niebla\",\"publisher\":{\"@id\":\"https:\\\/\\\/breezeh2o.com\\\/es\\\/#organization\"},\"potentialAction\":[{\"@type\":\"SearchAction\",\"target\":{\"@type\":\"EntryPoint\",\"urlTemplate\":\"https:\\\/\\\/breezeh2o.com\\\/es\\\/?s={search_term_string}\"},\"query-input\":{\"@type\":\"PropertyValueSpecification\",\"valueRequired\":true,\"valueName\":\"search_term_string\"}}],\"inLanguage\":\"fr-FR\"},{\"@type\":\"Organization\",\"@id\":\"https:\\\/\\\/breezeh2o.com\\\/es\\\/#organization\",\"name\":\"Breeze h2o\",\"url\":\"https:\\\/\\\/breezeh2o.com\\\/es\\\/\",\"logo\":{\"@type\":\"ImageObject\",\"inLanguage\":\"fr-FR\",\"@id\":\"https:\\\/\\\/breezeh2o.com\\\/es\\\/#\\\/schema\\\/logo\\\/image\\\/\",\"url\":\"https:\\\/\\\/i0.wp.com\\\/breezeh2o.com\\\/wp-content\\\/uploads\\\/2020\\\/05\\\/BreezeV.png?fit=912%2C826&ssl=1\",\"contentUrl\":\"https:\\\/\\\/i0.wp.com\\\/breezeh2o.com\\\/wp-content\\\/uploads\\\/2020\\\/05\\\/BreezeV.png?fit=912%2C826&ssl=1\",\"width\":912,\"height\":826,\"caption\":\"Breeze h2o\"},\"image\":{\"@id\":\"https:\\\/\\\/breezeh2o.com\\\/es\\\/#\\\/schema\\\/logo\\\/image\\\/\"},\"sameAs\":[\"https:\\\/\\\/www.facebook.com\\\/Breeze-probablemente-el-agua-mas-pura-del-mundo-100210431687988\",\"https:\\\/\\\/www.instagram.com\\\/breezeh2o\\\/\"]}]}<\/script>\n<!-- \/ Yoast SEO Premium plugin. -->","yoast_head_json":{"title":"Contact - L&#039;eau Breeze Fog, la plus pure du monde","description":"Nous voulons vous entendre.\nInformations de contact comercial@breezeh2o.esNIEBLA ATLANTICA SLInnovaparq - ULLAvenida Trinidad, 61 - Planta 6 - Of. 738204 San Cristobal","robots":{"index":"index","follow":"follow","max-snippet":"max-snippet:-1","max-image-preview":"max-image-preview:large","max-video-preview":"max-video-preview:-1"},"canonical":"https:\/\/breezeh2o.com\/fr\/contacto\/","og_locale":"fr_FR","og_type":"article","og_title":"Contacto","og_description":"Queremos escucharte Datos de contacto comercial@breezeh2o.esNIEBLA ATLANTICA SLInnovaparq - ULLAvenida Trinidad, 61 - Planta 6 - Of. 738204 San Crist\u00f3bal","og_url":"https:\/\/breezeh2o.com\/fr\/contacto\/","og_site_name":"Breeze","article_publisher":"https:\/\/www.facebook.com\/Breeze-probablemente-el-agua-mas-pura-del-mundo-100210431687988","article_modified_time":"2021-04-11T20:00:05+00:00","og_image":[{"width":2560,"height":1707,"url":"https:\/\/breezeh2o.com\/wp-content\/uploads\/2021\/01\/ssp063-scaled.jpg","type":"image\/jpeg"}],"twitter_card":"summary_large_image","twitter_misc":{"Dur\u00e9e de lecture estim\u00e9e":"1 minute"},"schema":{"@context":"https:\/\/schema.org","@graph":[{"@type":"WebPage","@id":"https:\/\/breezeh2o.com\/contacto\/","url":"https:\/\/breezeh2o.com\/contacto\/","name":"Contact - L&#039;eau Breeze Fog, la plus pure du monde","isPartOf":{"@id":"https:\/\/breezeh2o.com\/es\/#website"},"primaryImageOfPage":{"@id":"https:\/\/breezeh2o.com\/contacto\/#primaryimage"},"image":{"@id":"https:\/\/breezeh2o.com\/contacto\/#primaryimage"},"thumbnailUrl":"https:\/\/i0.wp.com\/breezeh2o.com\/wp-content\/uploads\/2021\/01\/ssp063-scaled.jpg?fit=2560%2C1707&ssl=1","datePublished":"2018-02-11T22:55:37+00:00","dateModified":"2021-04-11T20:00:05+00:00","description":"Nous voulons vous entendre.\nInformations de contact comercial@breezeh2o.esNIEBLA ATLANTICA SLInnovaparq - ULLAvenida Trinidad, 61 - Planta 6 - Of. 738204 San Cristobal","breadcrumb":{"@id":"https:\/\/breezeh2o.com\/contacto\/#breadcrumb"},"inLanguage":"fr-FR","potentialAction":[{"@type":"ReadAction","target":["https:\/\/breezeh2o.com\/contacto\/"]}]},{"@type":"ImageObject","inLanguage":"fr-FR","@id":"https:\/\/breezeh2o.com\/contacto\/#primaryimage","url":"https:\/\/i0.wp.com\/breezeh2o.com\/wp-content\/uploads\/2021\/01\/ssp063-scaled.jpg?fit=2560%2C1707&ssl=1","contentUrl":"https:\/\/i0.wp.com\/breezeh2o.com\/wp-content\/uploads\/2021\/01\/ssp063-scaled.jpg?fit=2560%2C1707&ssl=1","width":2560,"height":1707},{"@type":"BreadcrumbList","@id":"https:\/\/breezeh2o.com\/contacto\/#breadcrumb","itemListElement":[{"@type":"ListItem","position":1,"name":"Portada","item":"https:\/\/breezeh2o.com\/"},{"@type":"ListItem","position":2,"name":"Contacto"}]},{"@type":"WebSite","@id":"https:\/\/breezeh2o.com\/es\/#website","url":"https:\/\/breezeh2o.com\/es\/","name":"Breeze","description":"Breeze, eau de nuage","publisher":{"@id":"https:\/\/breezeh2o.com\/es\/#organization"},"potentialAction":[{"@type":"SearchAction","target":{"@type":"EntryPoint","urlTemplate":"https:\/\/breezeh2o.com\/es\/?s={search_term_string}"},"query-input":{"@type":"PropertyValueSpecification","valueRequired":true,"valueName":"search_term_string"}}],"inLanguage":"fr-FR"},{"@type":"Organization","@id":"https:\/\/breezeh2o.com\/es\/#organization","name":"Brise h2o","url":"https:\/\/breezeh2o.com\/es\/","logo":{"@type":"ImageObject","inLanguage":"fr-FR","@id":"https:\/\/breezeh2o.com\/es\/#\/schema\/logo\/image\/","url":"https:\/\/i0.wp.com\/breezeh2o.com\/wp-content\/uploads\/2020\/05\/BreezeV.png?fit=912%2C826&ssl=1","contentUrl":"https:\/\/i0.wp.com\/breezeh2o.com\/wp-content\/uploads\/2020\/05\/BreezeV.png?fit=912%2C826&ssl=1","width":912,"height":826,"caption":"Breeze h2o"},"image":{"@id":"https:\/\/breezeh2o.com\/es\/#\/schema\/logo\/image\/"},"sameAs":["https:\/\/www.facebook.com\/Breeze-probablemente-el-agua-mas-pura-del-mundo-100210431687988","https:\/\/www.instagram.com\/breezeh2o\/"]}]}},"jetpack_sharing_enabled":true,"_links":{"self":[{"href":"https:\/\/breezeh2o.com\/fr\/wp-json\/wp\/v2\/pages\/5992","targetHints":{"allow":["GET"]}}],"collection":[{"href":"https:\/\/breezeh2o.com\/fr\/wp-json\/wp\/v2\/pages"}],"about":[{"href":"https:\/\/breezeh2o.com\/fr\/wp-json\/wp\/v2\/types\/page"}],"author":[{"embeddable":true,"href":"https:\/\/breezeh2o.com\/fr\/wp-json\/wp\/v2\/users\/2"}],"replies":[{"embeddable":true,"href":"https:\/\/breezeh2o.com\/fr\/wp-json\/wp\/v2\/comments?post=5992"}],"version-history":[{"count":5,"href":"https:\/\/breezeh2o.com\/fr\/wp-json\/wp\/v2\/pages\/5992\/revisions"}],"predecessor-version":[{"id":6608,"href":"https:\/\/breezeh2o.com\/fr\/wp-json\/wp\/v2\/pages\/5992\/revisions\/6608"}],"wp:featuredmedia":[{"embeddable":true,"href":"https:\/\/breezeh2o.com\/fr\/wp-json\/wp\/v2\/media\/6603"}],"wp:attachment":[{"href":"https:\/\/breezeh2o.com\/fr\/wp-json\/wp\/v2\/media?parent=5992"}],"curies":[{"name":"wp","href":"https:\/\/api.w.org\/{rel}","templated":true}]}}