{"id":6744,"date":"2021-01-25T22:24:52","date_gmt":"2021-01-25T21:24:52","guid":{"rendered":"https:\/\/breezeh2o.com\/?post_type=product&#038;p=6744"},"modified":"2022-12-13T17:50:20","modified_gmt":"2022-12-13T16:50:20","slug":"breeze-gin-miel","status":"publish","type":"product","link":"https:\/\/breezeh2o.com\/es\/producto\/breeze-gin-miel\/","title":{"rendered":"Breeze + Gin Miel"},"content":{"rendered":"<p>Pack de 2 botellas: &nbsp;Breeze 0,5L + Gin Miel<\/p>\n<p>Breeze, <strong>agua de niebla<\/strong>, es probablemente el agua m\u00e1s pura del mundo, \u00a1Un tesoro del cielo!<\/p>\n<p>Breeze es agua obtenida directamente de la filtraci\u00f3n de la niebla de uno de los cielos m\u00e1s limpios del planeta, sin tocar el suelo, <strong>pura<\/strong>.<\/p>\n<p>Agua sostenible &nbsp;embotellada sin ning\u00fan procesado. Filtrada por la naturaleza en su evaporaci\u00f3n, es un agua de <strong>mineralizaci\u00f3n ultra baja<\/strong> y sin las impurezas del suelo.<\/p>\n<p>Ideal para &nbsp;acompa\u00f1ar los mejores vinos, whiskies y otras bebidas espirituosas, catas de quesos e ib\u00e9ricos, y por supuesto para realizar los mejores t\u00e9s, caf\u00e9s y hielos.<\/p>\n<p>Disfruta del agua m\u00e1s pura del mundo, acompa\u00f1ada o en solitario.<\/p>\n<p class=\"font_8\">La Ginebra Gin Miel, de&nbsp;Finca La Morilla, ha obtenido una puntuaci\u00f3n de 91&nbsp; sobre 100 en la edici\u00f3n 2019 de la Gu\u00eda Pe\u00f1\u00edn de los Destilados, la Cocteler\u00eda y el Vermut.<\/p>\n<p class=\"font_8\">Con esta puntuaci\u00f3n, GIN MIEL irrumpe por primera vez en este prestigioso manual y pasa a ser catalogada como una ginebra \u201cPremium\u201d, situ\u00e1ndose as\u00ed como una de las mejores ginebras y no solo de Espa\u00f1a, durante &nbsp;2019 ha obtenido 2 medallas de Bronce (Berlin International Spirits Competition &nbsp;y los World Gin Awards de Reino Unido).<\/p>\n<p>Cuenta la leyenda que las Brujas de Gualba hechizaban a las abejas para que estas fueran en busca de las flores m\u00e1s extra\u00f1as del espeso bosque. Las abejas embrujadas las obedec\u00edan tray\u00e9ndoles el mejor polen que transformaban en forma de miel. Con esta miel&nbsp; las hechiceras preparaban sus brebajes m\u00e1s secretos. Inspirados en las Brujas de Gualba nace GIN MIEL&nbsp; de Finca La Morilla la primera ginebra del mundo que entre sus botanicos lleva miel.<\/p>\n<p>Enebro, Cilantro, Angelica, Piel de Lim\u00f3n, Jengibre, Regaliz y adem\u00e1s Miel. ALC.40%<\/p>\n<p class=\"font_8\">&nbsp;<\/p>\n","protected":false},"excerpt":{"rendered":"<p>Pack Breeze 0,5L + Gin Miel<\/p>\n","protected":false},"featured_media":6745,"comment_status":"open","ping_status":"closed","template":"","meta":{"ngg_post_thumbnail":0},"product_brand":[],"product_cat":[224,231],"product_tag":[227,232,234,225,226],"class_list":{"0":"post-6744","1":"product","2":"type-product","3":"status-publish","4":"has-post-thumbnail","6":"product_cat-agua","7":"product_cat-ginebra","8":"product_tag-bebidas","9":"product_tag-ginebra","10":"product_tag-gin-miel","11":"product_tag-breeze","12":"product_tag-agua","14":"first","15":"instock","16":"sale","17":"taxable","18":"shipping-taxable","19":"purchasable","20":"product-type-woosb"},"yoast_head":"<!-- This site is optimized with the Yoast SEO Premium plugin v21.7 (Yoast SEO v27.3) - https:\/\/yoast.com\/product\/yoast-seo-premium-wordpress\/ -->\n<title>Breeze + Gin Miel - Breeze<\/title>\n<meta name=\"robots\" content=\"index, follow, max-snippet:-1, max-image-preview:large, max-video-preview:-1\" \/>\n<link rel=\"canonical\" href=\"https:\/\/breezeh2o.com\/es\/producto\/breeze-gin-miel\/\" \/>\n<meta property=\"og:locale\" content=\"es_ES\" \/>\n<meta property=\"og:type\" content=\"article\" \/>\n<meta property=\"og:title\" content=\"Breeze + Gin Miel\" \/>\n<meta property=\"og:description\" content=\"Pack Breeze 0,5L + Gin Miel\" \/>\n<meta property=\"og:url\" content=\"https:\/\/breezeh2o.com\/es\/producto\/breeze-gin-miel\/\" \/>\n<meta property=\"og:site_name\" content=\"Breeze\" \/>\n<meta property=\"article:publisher\" content=\"https:\/\/www.facebook.com\/Breeze-probablemente-el-agua-mas-pura-del-mundo-100210431687988\" \/>\n<meta property=\"article:modified_time\" content=\"2022-12-13T16:50:20+00:00\" \/>\n<meta property=\"og:image\" content=\"https:\/\/i0.wp.com\/breezeh2o.com\/wp-content\/uploads\/2021\/01\/gin-miel-breeze-mar-scaled.jpg?fit=1920%2C2560&ssl=1\" \/>\n\t<meta property=\"og:image:width\" content=\"1920\" \/>\n\t<meta property=\"og:image:height\" content=\"2560\" \/>\n\t<meta property=\"og:image:type\" content=\"image\/jpeg\" \/>\n<meta name=\"twitter:card\" content=\"summary_large_image\" \/>\n<meta name=\"twitter:label1\" content=\"Tiempo de lectura\" \/>\n\t<meta name=\"twitter:data1\" content=\"2 minutos\" \/>\n<script type=\"application\/ld+json\" class=\"yoast-schema-graph\">{\"@context\":\"https:\\\/\\\/schema.org\",\"@graph\":[{\"@type\":\"WebPage\",\"@id\":\"https:\\\/\\\/breezeh2o.com\\\/producto\\\/breeze-gin-miel\\\/\",\"url\":\"https:\\\/\\\/breezeh2o.com\\\/producto\\\/breeze-gin-miel\\\/\",\"name\":\"Breeze + Gin Miel - Breeze\",\"isPartOf\":{\"@id\":\"https:\\\/\\\/breezeh2o.com\\\/es\\\/#website\"},\"primaryImageOfPage\":{\"@id\":\"https:\\\/\\\/breezeh2o.com\\\/producto\\\/breeze-gin-miel\\\/#primaryimage\"},\"image\":{\"@id\":\"https:\\\/\\\/breezeh2o.com\\\/producto\\\/breeze-gin-miel\\\/#primaryimage\"},\"thumbnailUrl\":\"https:\\\/\\\/i0.wp.com\\\/breezeh2o.com\\\/wp-content\\\/uploads\\\/2021\\\/01\\\/gin-miel-breeze-mar-scaled.jpg?fit=1920%2C2560&ssl=1\",\"datePublished\":\"2021-01-25T21:24:52+00:00\",\"dateModified\":\"2022-12-13T16:50:20+00:00\",\"breadcrumb\":{\"@id\":\"https:\\\/\\\/breezeh2o.com\\\/producto\\\/breeze-gin-miel\\\/#breadcrumb\"},\"inLanguage\":\"es\",\"potentialAction\":[{\"@type\":\"ReadAction\",\"target\":[\"https:\\\/\\\/breezeh2o.com\\\/producto\\\/breeze-gin-miel\\\/\"]}]},{\"@type\":\"ImageObject\",\"inLanguage\":\"es\",\"@id\":\"https:\\\/\\\/breezeh2o.com\\\/producto\\\/breeze-gin-miel\\\/#primaryimage\",\"url\":\"https:\\\/\\\/i0.wp.com\\\/breezeh2o.com\\\/wp-content\\\/uploads\\\/2021\\\/01\\\/gin-miel-breeze-mar-scaled.jpg?fit=1920%2C2560&ssl=1\",\"contentUrl\":\"https:\\\/\\\/i0.wp.com\\\/breezeh2o.com\\\/wp-content\\\/uploads\\\/2021\\\/01\\\/gin-miel-breeze-mar-scaled.jpg?fit=1920%2C2560&ssl=1\",\"width\":1920,\"height\":2560},{\"@type\":\"BreadcrumbList\",\"@id\":\"https:\\\/\\\/breezeh2o.com\\\/producto\\\/breeze-gin-miel\\\/#breadcrumb\",\"itemListElement\":[{\"@type\":\"ListItem\",\"position\":1,\"name\":\"Portada\",\"item\":\"https:\\\/\\\/breezeh2o.com\\\/\"},{\"@type\":\"ListItem\",\"position\":2,\"name\":\"Tienda\",\"item\":\"https:\\\/\\\/breezeh2o.com\\\/es\\\/tienda\\\/\"},{\"@type\":\"ListItem\",\"position\":3,\"name\":\"Breeze + Gin Miel\"}]},{\"@type\":\"WebSite\",\"@id\":\"https:\\\/\\\/breezeh2o.com\\\/es\\\/#website\",\"url\":\"https:\\\/\\\/breezeh2o.com\\\/es\\\/\",\"name\":\"Breeze\",\"description\":\"Breeze, agua de niebla\",\"publisher\":{\"@id\":\"https:\\\/\\\/breezeh2o.com\\\/es\\\/#organization\"},\"potentialAction\":[{\"@type\":\"SearchAction\",\"target\":{\"@type\":\"EntryPoint\",\"urlTemplate\":\"https:\\\/\\\/breezeh2o.com\\\/es\\\/?s={search_term_string}\"},\"query-input\":{\"@type\":\"PropertyValueSpecification\",\"valueRequired\":true,\"valueName\":\"search_term_string\"}}],\"inLanguage\":\"es\"},{\"@type\":\"Organization\",\"@id\":\"https:\\\/\\\/breezeh2o.com\\\/es\\\/#organization\",\"name\":\"Breeze h2o\",\"url\":\"https:\\\/\\\/breezeh2o.com\\\/es\\\/\",\"logo\":{\"@type\":\"ImageObject\",\"inLanguage\":\"es\",\"@id\":\"https:\\\/\\\/breezeh2o.com\\\/es\\\/#\\\/schema\\\/logo\\\/image\\\/\",\"url\":\"https:\\\/\\\/i0.wp.com\\\/breezeh2o.com\\\/wp-content\\\/uploads\\\/2020\\\/05\\\/BreezeV.png?fit=912%2C826&ssl=1\",\"contentUrl\":\"https:\\\/\\\/i0.wp.com\\\/breezeh2o.com\\\/wp-content\\\/uploads\\\/2020\\\/05\\\/BreezeV.png?fit=912%2C826&ssl=1\",\"width\":912,\"height\":826,\"caption\":\"Breeze h2o\"},\"image\":{\"@id\":\"https:\\\/\\\/breezeh2o.com\\\/es\\\/#\\\/schema\\\/logo\\\/image\\\/\"},\"sameAs\":[\"https:\\\/\\\/www.facebook.com\\\/Breeze-probablemente-el-agua-mas-pura-del-mundo-100210431687988\",\"https:\\\/\\\/www.instagram.com\\\/breezeh2o\\\/\"]}]}<\/script>\n<!-- \/ Yoast SEO Premium plugin. -->","yoast_head_json":{"title":"Breeze + Gin Miel - Breeze","robots":{"index":"index","follow":"follow","max-snippet":"max-snippet:-1","max-image-preview":"max-image-preview:large","max-video-preview":"max-video-preview:-1"},"canonical":"https:\/\/breezeh2o.com\/es\/producto\/breeze-gin-miel\/","og_locale":"es_ES","og_type":"article","og_title":"Breeze + Gin Miel","og_description":"Pack Breeze 0,5L + Gin Miel","og_url":"https:\/\/breezeh2o.com\/es\/producto\/breeze-gin-miel\/","og_site_name":"Breeze","article_publisher":"https:\/\/www.facebook.com\/Breeze-probablemente-el-agua-mas-pura-del-mundo-100210431687988","article_modified_time":"2022-12-13T16:50:20+00:00","og_image":[{"width":1920,"height":2560,"url":"https:\/\/i0.wp.com\/breezeh2o.com\/wp-content\/uploads\/2021\/01\/gin-miel-breeze-mar-scaled.jpg?fit=1920%2C2560&ssl=1","type":"image\/jpeg"}],"twitter_card":"summary_large_image","twitter_misc":{"Tiempo de lectura":"2 minutos"},"schema":{"@context":"https:\/\/schema.org","@graph":[{"@type":"WebPage","@id":"https:\/\/breezeh2o.com\/producto\/breeze-gin-miel\/","url":"https:\/\/breezeh2o.com\/producto\/breeze-gin-miel\/","name":"Breeze + Gin Miel - Breeze","isPartOf":{"@id":"https:\/\/breezeh2o.com\/es\/#website"},"primaryImageOfPage":{"@id":"https:\/\/breezeh2o.com\/producto\/breeze-gin-miel\/#primaryimage"},"image":{"@id":"https:\/\/breezeh2o.com\/producto\/breeze-gin-miel\/#primaryimage"},"thumbnailUrl":"https:\/\/i0.wp.com\/breezeh2o.com\/wp-content\/uploads\/2021\/01\/gin-miel-breeze-mar-scaled.jpg?fit=1920%2C2560&ssl=1","datePublished":"2021-01-25T21:24:52+00:00","dateModified":"2022-12-13T16:50:20+00:00","breadcrumb":{"@id":"https:\/\/breezeh2o.com\/producto\/breeze-gin-miel\/#breadcrumb"},"inLanguage":"es","potentialAction":[{"@type":"ReadAction","target":["https:\/\/breezeh2o.com\/producto\/breeze-gin-miel\/"]}]},{"@type":"ImageObject","inLanguage":"es","@id":"https:\/\/breezeh2o.com\/producto\/breeze-gin-miel\/#primaryimage","url":"https:\/\/i0.wp.com\/breezeh2o.com\/wp-content\/uploads\/2021\/01\/gin-miel-breeze-mar-scaled.jpg?fit=1920%2C2560&ssl=1","contentUrl":"https:\/\/i0.wp.com\/breezeh2o.com\/wp-content\/uploads\/2021\/01\/gin-miel-breeze-mar-scaled.jpg?fit=1920%2C2560&ssl=1","width":1920,"height":2560},{"@type":"BreadcrumbList","@id":"https:\/\/breezeh2o.com\/producto\/breeze-gin-miel\/#breadcrumb","itemListElement":[{"@type":"ListItem","position":1,"name":"Portada","item":"https:\/\/breezeh2o.com\/"},{"@type":"ListItem","position":2,"name":"Tienda","item":"https:\/\/breezeh2o.com\/es\/tienda\/"},{"@type":"ListItem","position":3,"name":"Breeze + Gin Miel"}]},{"@type":"WebSite","@id":"https:\/\/breezeh2o.com\/es\/#website","url":"https:\/\/breezeh2o.com\/es\/","name":"Breeze","description":"Breeze, agua de niebla","publisher":{"@id":"https:\/\/breezeh2o.com\/es\/#organization"},"potentialAction":[{"@type":"SearchAction","target":{"@type":"EntryPoint","urlTemplate":"https:\/\/breezeh2o.com\/es\/?s={search_term_string}"},"query-input":{"@type":"PropertyValueSpecification","valueRequired":true,"valueName":"search_term_string"}}],"inLanguage":"es"},{"@type":"Organization","@id":"https:\/\/breezeh2o.com\/es\/#organization","name":"Breeze h2o","url":"https:\/\/breezeh2o.com\/es\/","logo":{"@type":"ImageObject","inLanguage":"es","@id":"https:\/\/breezeh2o.com\/es\/#\/schema\/logo\/image\/","url":"https:\/\/i0.wp.com\/breezeh2o.com\/wp-content\/uploads\/2020\/05\/BreezeV.png?fit=912%2C826&ssl=1","contentUrl":"https:\/\/i0.wp.com\/breezeh2o.com\/wp-content\/uploads\/2020\/05\/BreezeV.png?fit=912%2C826&ssl=1","width":912,"height":826,"caption":"Breeze h2o"},"image":{"@id":"https:\/\/breezeh2o.com\/es\/#\/schema\/logo\/image\/"},"sameAs":["https:\/\/www.facebook.com\/Breeze-probablemente-el-agua-mas-pura-del-mundo-100210431687988","https:\/\/www.instagram.com\/breezeh2o\/"]}]}},"jetpack_sharing_enabled":true,"_links":{"self":[{"href":"https:\/\/breezeh2o.com\/es\/wp-json\/wp\/v2\/product\/6744","targetHints":{"allow":["GET"]}}],"collection":[{"href":"https:\/\/breezeh2o.com\/es\/wp-json\/wp\/v2\/product"}],"about":[{"href":"https:\/\/breezeh2o.com\/es\/wp-json\/wp\/v2\/types\/product"}],"replies":[{"embeddable":true,"href":"https:\/\/breezeh2o.com\/es\/wp-json\/wp\/v2\/comments?post=6744"}],"wp:featuredmedia":[{"embeddable":true,"href":"https:\/\/breezeh2o.com\/es\/wp-json\/wp\/v2\/media\/6745"}],"wp:attachment":[{"href":"https:\/\/breezeh2o.com\/es\/wp-json\/wp\/v2\/media?parent=6744"}],"wp:term":[{"taxonomy":"product_brand","embeddable":true,"href":"https:\/\/breezeh2o.com\/es\/wp-json\/wp\/v2\/product_brand?post=6744"},{"taxonomy":"product_cat","embeddable":true,"href":"https:\/\/breezeh2o.com\/es\/wp-json\/wp\/v2\/product_cat?post=6744"},{"taxonomy":"product_tag","embeddable":true,"href":"https:\/\/breezeh2o.com\/es\/wp-json\/wp\/v2\/product_tag?post=6744"}],"curies":[{"name":"wp","href":"https:\/\/api.w.org\/{rel}","templated":true}]}}