{"id":6450,"date":"2020-06-08T15:08:43","date_gmt":"2020-06-08T14:08:43","guid":{"rendered":"https:\/\/breezeh2o.com\/?post_type=product&#038;p=6450"},"modified":"2025-12-14T18:34:58","modified_gmt":"2025-12-14T17:34:58","slug":"gin-miel","status":"publish","type":"product","link":"https:\/\/breezeh2o.com\/es\/producto\/gin-miel\/","title":{"rendered":"Gin Miel"},"content":{"rendered":"<p>Cuenta la leyenda que las Brujas de Gualba hechizaban a las abejas para que estas fueran en busca de las flores m\u00e1s extra\u00f1as del espeso bosque. Las abejas embrujadas las obedec\u00edan tray\u00e9ndoles el mejor polen que transformaban en forma de miel. Con esta miel&nbsp; las hechiceras preparaban sus brebajes m\u00e1s secretos. Inspirados en las Brujas de Gualba nace GIN MIEL&nbsp; de Finca La Morilla la primera ginebra del mundo que entre sus botanicos lleva miel.<\/p>\n<p>Enebro, Cilantro, Angelica, Piel de Lim\u00f3n, Jengibre, Regaliz y adem\u00e1s Miel. ALC.40%<\/p>\n<p class=\"font_8\">La Ginebra Gin Miel, de&nbsp;Finca La Morilla, ha obtenido una puntuaci\u00f3n de 91&nbsp; sobre 100 en la edici\u00f3n 2019 de la Gu\u00eda Pe\u00f1\u00edn de los Destilados, la Cocteler\u00eda y el Vermut.<\/p>\n<p class=\"font_8\">Con esta puntuaci\u00f3n, GIN MIEL irrumpe por primera vez en este prestigioso manual y pasa a ser catalogada como una ginebra \u201cPremium\u201d, situ\u00e1ndose as\u00ed como una de las mejores ginebras y no solo de Espa\u00f1a, durante &nbsp;2019 ha obtenido 2 medallas de Bronce (Berlin International Spirits Competition &nbsp;y los World Gin Awards de Reino Unido).<\/p>\n","protected":false},"excerpt":{"rendered":"<p>Gin Miel<\/p>\n","protected":false},"featured_media":6772,"comment_status":"open","ping_status":"closed","template":"","meta":{"ngg_post_thumbnail":0},"product_brand":[],"product_cat":[231],"product_tag":[225,227,232,234],"class_list":{"0":"post-6450","1":"product","2":"type-product","3":"status-publish","4":"has-post-thumbnail","6":"product_cat-ginebra","7":"product_tag-breeze","8":"product_tag-bebidas","9":"product_tag-ginebra","10":"product_tag-gin-miel","11":"product_shipping_class-caja-1-unidad","13":"first","14":"instock","15":"taxable","16":"shipping-taxable","17":"purchasable","18":"product-type-simple"},"yoast_head":"<!-- This site is optimized with the Yoast SEO Premium plugin v21.7 (Yoast SEO v27.3) - https:\/\/yoast.com\/product\/yoast-seo-premium-wordpress\/ -->\n<title>Gin Miel - Breeze La primera ginebra del mundo con miel entre sus bot\u00e1nicos<\/title>\n<meta name=\"robots\" content=\"index, follow, max-snippet:-1, max-image-preview:large, max-video-preview:-1\" \/>\n<link rel=\"canonical\" href=\"https:\/\/breezeh2o.com\/es\/producto\/gin-miel\/\" \/>\n<meta property=\"og:locale\" content=\"es_ES\" \/>\n<meta property=\"og:type\" content=\"article\" \/>\n<meta property=\"og:title\" content=\"Gin Miel\" \/>\n<meta property=\"og:description\" content=\"Gin Miel\" \/>\n<meta property=\"og:url\" content=\"https:\/\/breezeh2o.com\/es\/producto\/gin-miel\/\" \/>\n<meta property=\"og:site_name\" content=\"Breeze\" \/>\n<meta property=\"article:publisher\" content=\"https:\/\/www.facebook.com\/Breeze-probablemente-el-agua-mas-pura-del-mundo-100210431687988\" \/>\n<meta property=\"article:modified_time\" content=\"2025-12-14T17:34:58+00:00\" \/>\n<meta property=\"og:image\" content=\"https:\/\/i0.wp.com\/breezeh2o.com\/wp-content\/uploads\/2020\/04\/gin-miel-bottle.jpg?fit=300%2C300&ssl=1\" \/>\n\t<meta property=\"og:image:width\" content=\"300\" \/>\n\t<meta property=\"og:image:height\" content=\"300\" \/>\n\t<meta property=\"og:image:type\" content=\"image\/jpeg\" \/>\n<meta name=\"twitter:card\" content=\"summary_large_image\" \/>\n<meta name=\"twitter:label1\" content=\"Tiempo de lectura\" \/>\n\t<meta name=\"twitter:data1\" content=\"1 minuto\" \/>\n<script type=\"application\/ld+json\" class=\"yoast-schema-graph\">{\"@context\":\"https:\\\/\\\/schema.org\",\"@graph\":[{\"@type\":\"WebPage\",\"@id\":\"https:\\\/\\\/breezeh2o.com\\\/producto\\\/gin-miel\\\/\",\"url\":\"https:\\\/\\\/breezeh2o.com\\\/producto\\\/gin-miel\\\/\",\"name\":\"Gin Miel - Breeze La primera ginebra del mundo con miel entre sus bot\u00e1nicos\",\"isPartOf\":{\"@id\":\"https:\\\/\\\/breezeh2o.com\\\/es\\\/#website\"},\"primaryImageOfPage\":{\"@id\":\"https:\\\/\\\/breezeh2o.com\\\/producto\\\/gin-miel\\\/#primaryimage\"},\"image\":{\"@id\":\"https:\\\/\\\/breezeh2o.com\\\/producto\\\/gin-miel\\\/#primaryimage\"},\"thumbnailUrl\":\"https:\\\/\\\/i0.wp.com\\\/breezeh2o.com\\\/wp-content\\\/uploads\\\/2020\\\/04\\\/gin-miel-bottle.jpg?fit=300%2C300&ssl=1\",\"datePublished\":\"2020-06-08T14:08:43+00:00\",\"dateModified\":\"2025-12-14T17:34:58+00:00\",\"breadcrumb\":{\"@id\":\"https:\\\/\\\/breezeh2o.com\\\/producto\\\/gin-miel\\\/#breadcrumb\"},\"inLanguage\":\"es\",\"potentialAction\":[{\"@type\":\"ReadAction\",\"target\":[\"https:\\\/\\\/breezeh2o.com\\\/producto\\\/gin-miel\\\/\"]}]},{\"@type\":\"ImageObject\",\"inLanguage\":\"es\",\"@id\":\"https:\\\/\\\/breezeh2o.com\\\/producto\\\/gin-miel\\\/#primaryimage\",\"url\":\"https:\\\/\\\/i0.wp.com\\\/breezeh2o.com\\\/wp-content\\\/uploads\\\/2020\\\/04\\\/gin-miel-bottle.jpg?fit=300%2C300&ssl=1\",\"contentUrl\":\"https:\\\/\\\/i0.wp.com\\\/breezeh2o.com\\\/wp-content\\\/uploads\\\/2020\\\/04\\\/gin-miel-bottle.jpg?fit=300%2C300&ssl=1\",\"width\":300,\"height\":300,\"caption\":\"gin miel\"},{\"@type\":\"BreadcrumbList\",\"@id\":\"https:\\\/\\\/breezeh2o.com\\\/producto\\\/gin-miel\\\/#breadcrumb\",\"itemListElement\":[{\"@type\":\"ListItem\",\"position\":1,\"name\":\"Portada\",\"item\":\"https:\\\/\\\/breezeh2o.com\\\/\"},{\"@type\":\"ListItem\",\"position\":2,\"name\":\"Tienda\",\"item\":\"https:\\\/\\\/breezeh2o.com\\\/es\\\/tienda\\\/\"},{\"@type\":\"ListItem\",\"position\":3,\"name\":\"Gin Miel\"}]},{\"@type\":\"WebSite\",\"@id\":\"https:\\\/\\\/breezeh2o.com\\\/es\\\/#website\",\"url\":\"https:\\\/\\\/breezeh2o.com\\\/es\\\/\",\"name\":\"Breeze\",\"description\":\"Breeze, agua de niebla\",\"publisher\":{\"@id\":\"https:\\\/\\\/breezeh2o.com\\\/es\\\/#organization\"},\"potentialAction\":[{\"@type\":\"SearchAction\",\"target\":{\"@type\":\"EntryPoint\",\"urlTemplate\":\"https:\\\/\\\/breezeh2o.com\\\/es\\\/?s={search_term_string}\"},\"query-input\":{\"@type\":\"PropertyValueSpecification\",\"valueRequired\":true,\"valueName\":\"search_term_string\"}}],\"inLanguage\":\"es\"},{\"@type\":\"Organization\",\"@id\":\"https:\\\/\\\/breezeh2o.com\\\/es\\\/#organization\",\"name\":\"Breeze h2o\",\"url\":\"https:\\\/\\\/breezeh2o.com\\\/es\\\/\",\"logo\":{\"@type\":\"ImageObject\",\"inLanguage\":\"es\",\"@id\":\"https:\\\/\\\/breezeh2o.com\\\/es\\\/#\\\/schema\\\/logo\\\/image\\\/\",\"url\":\"https:\\\/\\\/i0.wp.com\\\/breezeh2o.com\\\/wp-content\\\/uploads\\\/2020\\\/05\\\/BreezeV.png?fit=912%2C826&ssl=1\",\"contentUrl\":\"https:\\\/\\\/i0.wp.com\\\/breezeh2o.com\\\/wp-content\\\/uploads\\\/2020\\\/05\\\/BreezeV.png?fit=912%2C826&ssl=1\",\"width\":912,\"height\":826,\"caption\":\"Breeze h2o\"},\"image\":{\"@id\":\"https:\\\/\\\/breezeh2o.com\\\/es\\\/#\\\/schema\\\/logo\\\/image\\\/\"},\"sameAs\":[\"https:\\\/\\\/www.facebook.com\\\/Breeze-probablemente-el-agua-mas-pura-del-mundo-100210431687988\",\"https:\\\/\\\/www.instagram.com\\\/breezeh2o\\\/\"]}]}<\/script>\n<!-- \/ Yoast SEO Premium plugin. -->","yoast_head_json":{"title":"Gin Miel - Breeze La primera ginebra del mundo con miel entre sus bot\u00e1nicos","robots":{"index":"index","follow":"follow","max-snippet":"max-snippet:-1","max-image-preview":"max-image-preview:large","max-video-preview":"max-video-preview:-1"},"canonical":"https:\/\/breezeh2o.com\/es\/producto\/gin-miel\/","og_locale":"es_ES","og_type":"article","og_title":"Gin Miel","og_description":"Gin Miel","og_url":"https:\/\/breezeh2o.com\/es\/producto\/gin-miel\/","og_site_name":"Breeze","article_publisher":"https:\/\/www.facebook.com\/Breeze-probablemente-el-agua-mas-pura-del-mundo-100210431687988","article_modified_time":"2025-12-14T17:34:58+00:00","og_image":[{"width":300,"height":300,"url":"https:\/\/i0.wp.com\/breezeh2o.com\/wp-content\/uploads\/2020\/04\/gin-miel-bottle.jpg?fit=300%2C300&ssl=1","type":"image\/jpeg"}],"twitter_card":"summary_large_image","twitter_misc":{"Tiempo de lectura":"1 minuto"},"schema":{"@context":"https:\/\/schema.org","@graph":[{"@type":"WebPage","@id":"https:\/\/breezeh2o.com\/producto\/gin-miel\/","url":"https:\/\/breezeh2o.com\/producto\/gin-miel\/","name":"Gin Miel - Breeze La primera ginebra del mundo con miel entre sus bot\u00e1nicos","isPartOf":{"@id":"https:\/\/breezeh2o.com\/es\/#website"},"primaryImageOfPage":{"@id":"https:\/\/breezeh2o.com\/producto\/gin-miel\/#primaryimage"},"image":{"@id":"https:\/\/breezeh2o.com\/producto\/gin-miel\/#primaryimage"},"thumbnailUrl":"https:\/\/i0.wp.com\/breezeh2o.com\/wp-content\/uploads\/2020\/04\/gin-miel-bottle.jpg?fit=300%2C300&ssl=1","datePublished":"2020-06-08T14:08:43+00:00","dateModified":"2025-12-14T17:34:58+00:00","breadcrumb":{"@id":"https:\/\/breezeh2o.com\/producto\/gin-miel\/#breadcrumb"},"inLanguage":"es","potentialAction":[{"@type":"ReadAction","target":["https:\/\/breezeh2o.com\/producto\/gin-miel\/"]}]},{"@type":"ImageObject","inLanguage":"es","@id":"https:\/\/breezeh2o.com\/producto\/gin-miel\/#primaryimage","url":"https:\/\/i0.wp.com\/breezeh2o.com\/wp-content\/uploads\/2020\/04\/gin-miel-bottle.jpg?fit=300%2C300&ssl=1","contentUrl":"https:\/\/i0.wp.com\/breezeh2o.com\/wp-content\/uploads\/2020\/04\/gin-miel-bottle.jpg?fit=300%2C300&ssl=1","width":300,"height":300,"caption":"gin miel"},{"@type":"BreadcrumbList","@id":"https:\/\/breezeh2o.com\/producto\/gin-miel\/#breadcrumb","itemListElement":[{"@type":"ListItem","position":1,"name":"Portada","item":"https:\/\/breezeh2o.com\/"},{"@type":"ListItem","position":2,"name":"Tienda","item":"https:\/\/breezeh2o.com\/es\/tienda\/"},{"@type":"ListItem","position":3,"name":"Gin Miel"}]},{"@type":"WebSite","@id":"https:\/\/breezeh2o.com\/es\/#website","url":"https:\/\/breezeh2o.com\/es\/","name":"Breeze","description":"Breeze, agua de niebla","publisher":{"@id":"https:\/\/breezeh2o.com\/es\/#organization"},"potentialAction":[{"@type":"SearchAction","target":{"@type":"EntryPoint","urlTemplate":"https:\/\/breezeh2o.com\/es\/?s={search_term_string}"},"query-input":{"@type":"PropertyValueSpecification","valueRequired":true,"valueName":"search_term_string"}}],"inLanguage":"es"},{"@type":"Organization","@id":"https:\/\/breezeh2o.com\/es\/#organization","name":"Breeze h2o","url":"https:\/\/breezeh2o.com\/es\/","logo":{"@type":"ImageObject","inLanguage":"es","@id":"https:\/\/breezeh2o.com\/es\/#\/schema\/logo\/image\/","url":"https:\/\/i0.wp.com\/breezeh2o.com\/wp-content\/uploads\/2020\/05\/BreezeV.png?fit=912%2C826&ssl=1","contentUrl":"https:\/\/i0.wp.com\/breezeh2o.com\/wp-content\/uploads\/2020\/05\/BreezeV.png?fit=912%2C826&ssl=1","width":912,"height":826,"caption":"Breeze h2o"},"image":{"@id":"https:\/\/breezeh2o.com\/es\/#\/schema\/logo\/image\/"},"sameAs":["https:\/\/www.facebook.com\/Breeze-probablemente-el-agua-mas-pura-del-mundo-100210431687988","https:\/\/www.instagram.com\/breezeh2o\/"]}]}},"jetpack_sharing_enabled":true,"_links":{"self":[{"href":"https:\/\/breezeh2o.com\/es\/wp-json\/wp\/v2\/product\/6450","targetHints":{"allow":["GET"]}}],"collection":[{"href":"https:\/\/breezeh2o.com\/es\/wp-json\/wp\/v2\/product"}],"about":[{"href":"https:\/\/breezeh2o.com\/es\/wp-json\/wp\/v2\/types\/product"}],"replies":[{"embeddable":true,"href":"https:\/\/breezeh2o.com\/es\/wp-json\/wp\/v2\/comments?post=6450"}],"wp:featuredmedia":[{"embeddable":true,"href":"https:\/\/breezeh2o.com\/es\/wp-json\/wp\/v2\/media\/6772"}],"wp:attachment":[{"href":"https:\/\/breezeh2o.com\/es\/wp-json\/wp\/v2\/media?parent=6450"}],"wp:term":[{"taxonomy":"product_brand","embeddable":true,"href":"https:\/\/breezeh2o.com\/es\/wp-json\/wp\/v2\/product_brand?post=6450"},{"taxonomy":"product_cat","embeddable":true,"href":"https:\/\/breezeh2o.com\/es\/wp-json\/wp\/v2\/product_cat?post=6450"},{"taxonomy":"product_tag","embeddable":true,"href":"https:\/\/breezeh2o.com\/es\/wp-json\/wp\/v2\/product_tag?post=6450"}],"curies":[{"name":"wp","href":"https:\/\/api.w.org\/{rel}","templated":true}]}}