{"id":6432,"date":"2020-06-08T15:11:01","date_gmt":"2020-06-08T14:11:01","guid":{"rendered":"https:\/\/breezeh2o.com\/?post_type=product&#038;p=6432"},"modified":"2026-03-02T10:10:44","modified_gmt":"2026-03-02T09:10:44","slug":"taller-de-cata-de-aguas","status":"publish","type":"product","link":"https:\/\/breezeh2o.com\/es\/producto\/taller-de-cata-de-aguas\/","title":{"rendered":"Taller de cata de aguas"},"content":{"rendered":"<p>Si te gustar\u00eda participar en una cata de aguas de la mano de un reconocido experto has venido al lugar indicado. Tendr\u00e1s la oportunidad de degustar algunas de las mejores aguas del mundo y saborear sus diferencias.<\/p>\n<p>Organizamos las catas cuando tenemos un n\u00famero m\u00ednimo de personas en tu ciudad. Si est\u00e1s interesado, compra este art\u00edculo y en el proceso de compra introduce tu e-mail para que te incluyamos en lista de espera. Contactaremos contigo m\u00e1s adelante facilit\u00e1ndote los detalles de la cata para que puedas decidir entonces si sigues interesado en participar.<\/p>\n","protected":false},"excerpt":{"rendered":"<p>Cata de aguas<\/p>\n","protected":false},"featured_media":6442,"comment_status":"open","ping_status":"closed","template":"","meta":{"ngg_post_thumbnail":0},"product_brand":[],"product_cat":[224,229],"product_tag":[225,226,227,230],"class_list":{"0":"post-6432","1":"product","2":"type-product","3":"status-publish","4":"has-post-thumbnail","6":"product_cat-agua","7":"product_cat-catas-de-aguas-y-ginebras-disfruta-de-una-experiencia-sensorial-unica","8":"product_tag-breeze","9":"product_tag-agua","10":"product_tag-bebidas","11":"product_tag-cata","13":"first","14":"instock","15":"sale","16":"virtual","17":"purchasable","18":"product-type-simple"},"yoast_head":"<!-- This site is optimized with the Yoast SEO Premium plugin v21.7 (Yoast SEO v27.3) - https:\/\/yoast.com\/product\/yoast-seo-premium-wordpress\/ -->\n<title>Taller de cata de aguas - Breeze Apuntate a uno de nuestras catas de agua.<\/title>\n<meta name=\"robots\" content=\"index, follow, max-snippet:-1, max-image-preview:large, max-video-preview:-1\" \/>\n<link rel=\"canonical\" href=\"https:\/\/breezeh2o.com\/es\/producto\/taller-de-cata-de-aguas\/\" \/>\n<meta property=\"og:locale\" content=\"es_ES\" \/>\n<meta property=\"og:type\" content=\"article\" \/>\n<meta property=\"og:title\" content=\"Taller de cata de aguas\" \/>\n<meta property=\"og:description\" content=\"Cata de aguas\" \/>\n<meta property=\"og:url\" content=\"https:\/\/breezeh2o.com\/es\/producto\/taller-de-cata-de-aguas\/\" \/>\n<meta property=\"og:site_name\" content=\"Breeze\" \/>\n<meta property=\"article:publisher\" content=\"https:\/\/www.facebook.com\/Breeze-probablemente-el-agua-mas-pura-del-mundo-100210431687988\" \/>\n<meta property=\"article:modified_time\" content=\"2026-03-02T09:10:44+00:00\" \/>\n<meta property=\"og:image\" content=\"https:\/\/breezeh2o.com\/wp-content\/uploads\/2020\/05\/margarita-zueva-vfcTND7lWLU-unsplash-scaled.jpg\" \/>\n\t<meta property=\"og:image:width\" content=\"1706\" \/>\n\t<meta property=\"og:image:height\" content=\"2560\" \/>\n\t<meta property=\"og:image:type\" content=\"image\/jpeg\" \/>\n<meta name=\"twitter:card\" content=\"summary_large_image\" \/>\n<meta name=\"twitter:label1\" content=\"Tiempo de lectura\" \/>\n\t<meta name=\"twitter:data1\" content=\"1 minuto\" \/>\n<script type=\"application\/ld+json\" class=\"yoast-schema-graph\">{\"@context\":\"https:\\\/\\\/schema.org\",\"@graph\":[{\"@type\":\"WebPage\",\"@id\":\"https:\\\/\\\/breezeh2o.com\\\/producto\\\/taller-de-cata-de-aguas\\\/\",\"url\":\"https:\\\/\\\/breezeh2o.com\\\/producto\\\/taller-de-cata-de-aguas\\\/\",\"name\":\"Taller de cata de aguas - Breeze Apuntate a uno de nuestras catas de agua.\",\"isPartOf\":{\"@id\":\"https:\\\/\\\/breezeh2o.com\\\/es\\\/#website\"},\"primaryImageOfPage\":{\"@id\":\"https:\\\/\\\/breezeh2o.com\\\/producto\\\/taller-de-cata-de-aguas\\\/#primaryimage\"},\"image\":{\"@id\":\"https:\\\/\\\/breezeh2o.com\\\/producto\\\/taller-de-cata-de-aguas\\\/#primaryimage\"},\"thumbnailUrl\":\"https:\\\/\\\/i0.wp.com\\\/breezeh2o.com\\\/wp-content\\\/uploads\\\/2020\\\/05\\\/margarita-zueva-vfcTND7lWLU-unsplash-scaled.jpg?fit=1706%2C2560&ssl=1\",\"datePublished\":\"2020-06-08T14:11:01+00:00\",\"dateModified\":\"2026-03-02T09:10:44+00:00\",\"breadcrumb\":{\"@id\":\"https:\\\/\\\/breezeh2o.com\\\/producto\\\/taller-de-cata-de-aguas\\\/#breadcrumb\"},\"inLanguage\":\"es\",\"potentialAction\":[{\"@type\":\"ReadAction\",\"target\":[\"https:\\\/\\\/breezeh2o.com\\\/producto\\\/taller-de-cata-de-aguas\\\/\"]}]},{\"@type\":\"ImageObject\",\"inLanguage\":\"es\",\"@id\":\"https:\\\/\\\/breezeh2o.com\\\/producto\\\/taller-de-cata-de-aguas\\\/#primaryimage\",\"url\":\"https:\\\/\\\/i0.wp.com\\\/breezeh2o.com\\\/wp-content\\\/uploads\\\/2020\\\/05\\\/margarita-zueva-vfcTND7lWLU-unsplash-scaled.jpg?fit=1706%2C2560&ssl=1\",\"contentUrl\":\"https:\\\/\\\/i0.wp.com\\\/breezeh2o.com\\\/wp-content\\\/uploads\\\/2020\\\/05\\\/margarita-zueva-vfcTND7lWLU-unsplash-scaled.jpg?fit=1706%2C2560&ssl=1\",\"width\":1706,\"height\":2560,\"caption\":\"Copa con agua\"},{\"@type\":\"BreadcrumbList\",\"@id\":\"https:\\\/\\\/breezeh2o.com\\\/producto\\\/taller-de-cata-de-aguas\\\/#breadcrumb\",\"itemListElement\":[{\"@type\":\"ListItem\",\"position\":1,\"name\":\"Portada\",\"item\":\"https:\\\/\\\/breezeh2o.com\\\/\"},{\"@type\":\"ListItem\",\"position\":2,\"name\":\"Tienda\",\"item\":\"https:\\\/\\\/breezeh2o.com\\\/es\\\/tienda\\\/\"},{\"@type\":\"ListItem\",\"position\":3,\"name\":\"Taller de cata de aguas\"}]},{\"@type\":\"WebSite\",\"@id\":\"https:\\\/\\\/breezeh2o.com\\\/es\\\/#website\",\"url\":\"https:\\\/\\\/breezeh2o.com\\\/es\\\/\",\"name\":\"Breeze\",\"description\":\"Breeze, agua de niebla\",\"publisher\":{\"@id\":\"https:\\\/\\\/breezeh2o.com\\\/es\\\/#organization\"},\"potentialAction\":[{\"@type\":\"SearchAction\",\"target\":{\"@type\":\"EntryPoint\",\"urlTemplate\":\"https:\\\/\\\/breezeh2o.com\\\/es\\\/?s={search_term_string}\"},\"query-input\":{\"@type\":\"PropertyValueSpecification\",\"valueRequired\":true,\"valueName\":\"search_term_string\"}}],\"inLanguage\":\"es\"},{\"@type\":\"Organization\",\"@id\":\"https:\\\/\\\/breezeh2o.com\\\/es\\\/#organization\",\"name\":\"Breeze h2o\",\"url\":\"https:\\\/\\\/breezeh2o.com\\\/es\\\/\",\"logo\":{\"@type\":\"ImageObject\",\"inLanguage\":\"es\",\"@id\":\"https:\\\/\\\/breezeh2o.com\\\/es\\\/#\\\/schema\\\/logo\\\/image\\\/\",\"url\":\"https:\\\/\\\/i0.wp.com\\\/breezeh2o.com\\\/wp-content\\\/uploads\\\/2020\\\/05\\\/BreezeV.png?fit=912%2C826&ssl=1\",\"contentUrl\":\"https:\\\/\\\/i0.wp.com\\\/breezeh2o.com\\\/wp-content\\\/uploads\\\/2020\\\/05\\\/BreezeV.png?fit=912%2C826&ssl=1\",\"width\":912,\"height\":826,\"caption\":\"Breeze h2o\"},\"image\":{\"@id\":\"https:\\\/\\\/breezeh2o.com\\\/es\\\/#\\\/schema\\\/logo\\\/image\\\/\"},\"sameAs\":[\"https:\\\/\\\/www.facebook.com\\\/Breeze-probablemente-el-agua-mas-pura-del-mundo-100210431687988\",\"https:\\\/\\\/www.instagram.com\\\/breezeh2o\\\/\"]}]}<\/script>\n<!-- \/ Yoast SEO Premium plugin. -->","yoast_head_json":{"title":"Taller de cata de aguas - Breeze Apuntate a uno de nuestras catas de agua.","robots":{"index":"index","follow":"follow","max-snippet":"max-snippet:-1","max-image-preview":"max-image-preview:large","max-video-preview":"max-video-preview:-1"},"canonical":"https:\/\/breezeh2o.com\/es\/producto\/taller-de-cata-de-aguas\/","og_locale":"es_ES","og_type":"article","og_title":"Taller de cata de aguas","og_description":"Cata de aguas","og_url":"https:\/\/breezeh2o.com\/es\/producto\/taller-de-cata-de-aguas\/","og_site_name":"Breeze","article_publisher":"https:\/\/www.facebook.com\/Breeze-probablemente-el-agua-mas-pura-del-mundo-100210431687988","article_modified_time":"2026-03-02T09:10:44+00:00","og_image":[{"width":1706,"height":2560,"url":"https:\/\/breezeh2o.com\/wp-content\/uploads\/2020\/05\/margarita-zueva-vfcTND7lWLU-unsplash-scaled.jpg","type":"image\/jpeg"}],"twitter_card":"summary_large_image","twitter_misc":{"Tiempo de lectura":"1 minuto"},"schema":{"@context":"https:\/\/schema.org","@graph":[{"@type":"WebPage","@id":"https:\/\/breezeh2o.com\/producto\/taller-de-cata-de-aguas\/","url":"https:\/\/breezeh2o.com\/producto\/taller-de-cata-de-aguas\/","name":"Taller de cata de aguas - Breeze Apuntate a uno de nuestras catas de agua.","isPartOf":{"@id":"https:\/\/breezeh2o.com\/es\/#website"},"primaryImageOfPage":{"@id":"https:\/\/breezeh2o.com\/producto\/taller-de-cata-de-aguas\/#primaryimage"},"image":{"@id":"https:\/\/breezeh2o.com\/producto\/taller-de-cata-de-aguas\/#primaryimage"},"thumbnailUrl":"https:\/\/i0.wp.com\/breezeh2o.com\/wp-content\/uploads\/2020\/05\/margarita-zueva-vfcTND7lWLU-unsplash-scaled.jpg?fit=1706%2C2560&ssl=1","datePublished":"2020-06-08T14:11:01+00:00","dateModified":"2026-03-02T09:10:44+00:00","breadcrumb":{"@id":"https:\/\/breezeh2o.com\/producto\/taller-de-cata-de-aguas\/#breadcrumb"},"inLanguage":"es","potentialAction":[{"@type":"ReadAction","target":["https:\/\/breezeh2o.com\/producto\/taller-de-cata-de-aguas\/"]}]},{"@type":"ImageObject","inLanguage":"es","@id":"https:\/\/breezeh2o.com\/producto\/taller-de-cata-de-aguas\/#primaryimage","url":"https:\/\/i0.wp.com\/breezeh2o.com\/wp-content\/uploads\/2020\/05\/margarita-zueva-vfcTND7lWLU-unsplash-scaled.jpg?fit=1706%2C2560&ssl=1","contentUrl":"https:\/\/i0.wp.com\/breezeh2o.com\/wp-content\/uploads\/2020\/05\/margarita-zueva-vfcTND7lWLU-unsplash-scaled.jpg?fit=1706%2C2560&ssl=1","width":1706,"height":2560,"caption":"Copa con agua"},{"@type":"BreadcrumbList","@id":"https:\/\/breezeh2o.com\/producto\/taller-de-cata-de-aguas\/#breadcrumb","itemListElement":[{"@type":"ListItem","position":1,"name":"Portada","item":"https:\/\/breezeh2o.com\/"},{"@type":"ListItem","position":2,"name":"Tienda","item":"https:\/\/breezeh2o.com\/es\/tienda\/"},{"@type":"ListItem","position":3,"name":"Taller de cata de aguas"}]},{"@type":"WebSite","@id":"https:\/\/breezeh2o.com\/es\/#website","url":"https:\/\/breezeh2o.com\/es\/","name":"Breeze","description":"Breeze, agua de niebla","publisher":{"@id":"https:\/\/breezeh2o.com\/es\/#organization"},"potentialAction":[{"@type":"SearchAction","target":{"@type":"EntryPoint","urlTemplate":"https:\/\/breezeh2o.com\/es\/?s={search_term_string}"},"query-input":{"@type":"PropertyValueSpecification","valueRequired":true,"valueName":"search_term_string"}}],"inLanguage":"es"},{"@type":"Organization","@id":"https:\/\/breezeh2o.com\/es\/#organization","name":"Breeze h2o","url":"https:\/\/breezeh2o.com\/es\/","logo":{"@type":"ImageObject","inLanguage":"es","@id":"https:\/\/breezeh2o.com\/es\/#\/schema\/logo\/image\/","url":"https:\/\/i0.wp.com\/breezeh2o.com\/wp-content\/uploads\/2020\/05\/BreezeV.png?fit=912%2C826&ssl=1","contentUrl":"https:\/\/i0.wp.com\/breezeh2o.com\/wp-content\/uploads\/2020\/05\/BreezeV.png?fit=912%2C826&ssl=1","width":912,"height":826,"caption":"Breeze h2o"},"image":{"@id":"https:\/\/breezeh2o.com\/es\/#\/schema\/logo\/image\/"},"sameAs":["https:\/\/www.facebook.com\/Breeze-probablemente-el-agua-mas-pura-del-mundo-100210431687988","https:\/\/www.instagram.com\/breezeh2o\/"]}]}},"jetpack_sharing_enabled":true,"_links":{"self":[{"href":"https:\/\/breezeh2o.com\/es\/wp-json\/wp\/v2\/product\/6432","targetHints":{"allow":["GET"]}}],"collection":[{"href":"https:\/\/breezeh2o.com\/es\/wp-json\/wp\/v2\/product"}],"about":[{"href":"https:\/\/breezeh2o.com\/es\/wp-json\/wp\/v2\/types\/product"}],"replies":[{"embeddable":true,"href":"https:\/\/breezeh2o.com\/es\/wp-json\/wp\/v2\/comments?post=6432"}],"wp:featuredmedia":[{"embeddable":true,"href":"https:\/\/breezeh2o.com\/es\/wp-json\/wp\/v2\/media\/6442"}],"wp:attachment":[{"href":"https:\/\/breezeh2o.com\/es\/wp-json\/wp\/v2\/media?parent=6432"}],"wp:term":[{"taxonomy":"product_brand","embeddable":true,"href":"https:\/\/breezeh2o.com\/es\/wp-json\/wp\/v2\/product_brand?post=6432"},{"taxonomy":"product_cat","embeddable":true,"href":"https:\/\/breezeh2o.com\/es\/wp-json\/wp\/v2\/product_cat?post=6432"},{"taxonomy":"product_tag","embeddable":true,"href":"https:\/\/breezeh2o.com\/es\/wp-json\/wp\/v2\/product_tag?post=6432"}],"curies":[{"name":"wp","href":"https:\/\/api.w.org\/{rel}","templated":true}]}}