{"id":6456,"date":"2020-06-08T13:41:35","date_gmt":"2020-06-08T12:41:35","guid":{"rendered":"https:\/\/breezeh2o.com\/?post_type=product&#038;p=6456"},"modified":"2021-02-16T17:40:59","modified_gmt":"2021-02-16T16:40:59","slug":"gin-miel-caja-6-uds","status":"publish","type":"product","link":"https:\/\/breezeh2o.com\/en\/product\/gin-miel-caja-6-uds\/","title":{"rendered":"Gin Miel Box 6 units"},"content":{"rendered":"<p>Legend has it that the Witches of Gualba enchanted the bees so that they would go in search of the strangest flowers in the thick forest. The bewitched bees obeyed them by bringing them the best pollen that they transformed into the form of honey. With this honey the sorceresses prepared their most secret concoctions. Inspired by the Witches of Gualba, GIN MIEL from Finca La Morilla is born, the first gin in the world that among its botanists carries honey.<\/p>\n<p>Juniper, Coriander, Angelica, Lemon Skin, Ginger, Licorice and also Honey. ALC.40%<\/p>\n<p class=\"font_8\">Gin Miel, from Finca La Morilla, has obtained a score of 91 out of 100 in the 2019 edition of the Pe\u00f1\u00edn Guide to Spirits, Cocktails and Vermouth.<\/p>\n<p class=\"font_8\">With this score, GIN MIEL breaks into this prestigious manual for the first time and is classified as a &quot;Premium&quot; gin, thus ranking as one of the best gins and not only in Spain, during 2019 it has obtained 2 Bronze medals (Berlin International Spirits Competition and the World Gin Awards of the United Kingdom).<\/p>\n<p>Box 6 units<\/p>","protected":false},"excerpt":{"rendered":"<p>Cuenta la leyenda que las Brujas de Gualba hechizaban a las abejas para que estas fueran en busca de las flores m\u00e1s extra\u00f1as del espeso bosque. Las abejas embrujadas las obedec\u00edan tray\u00e9ndoles el mejor polen que transformaban en forma de [&hellip;]<\/p>\n","protected":false},"featured_media":6772,"comment_status":"open","ping_status":"closed","template":"","meta":{"ngg_post_thumbnail":0},"product_brand":[],"product_cat":[231],"product_tag":[227,228,232,234],"class_list":{"0":"post-6456","1":"product","2":"type-product","3":"status-publish","4":"has-post-thumbnail","6":"product_cat-ginebra","7":"product_tag-bebidas","8":"product_tag-caja","9":"product_tag-ginebra","10":"product_tag-gin-miel","11":"product_shipping_class-caja-grande-6-unidades","13":"first","14":"instock","15":"taxable","16":"shipping-taxable","17":"purchasable","18":"product-type-woosb"},"yoast_head":"<!-- This site is optimized with the Yoast SEO Premium plugin v21.7 (Yoast SEO v27.3) - https:\/\/yoast.com\/product\/yoast-seo-premium-wordpress\/ -->\n<title>Gin Miel Caja 6 uds - Breeze La primera ginebra del mundo con miel entre sus bot\u00e1nicos<\/title>\n<meta name=\"robots\" content=\"index, follow, max-snippet:-1, max-image-preview:large, max-video-preview:-1\" \/>\n<link rel=\"canonical\" href=\"https:\/\/breezeh2o.com\/en\/product\/gin-miel-caja-6-uds\/\" \/>\n<meta property=\"og:locale\" content=\"en_GB\" \/>\n<meta property=\"og:type\" content=\"article\" \/>\n<meta property=\"og:title\" content=\"Gin Miel Caja 6 uds\" \/>\n<meta property=\"og:description\" content=\"Cuenta la leyenda que las Brujas de Gualba hechizaban a las abejas para que estas fueran en busca de las flores m\u00e1s extra\u00f1as del espeso bosque. Las abejas embrujadas las obedec\u00edan tray\u00e9ndoles el mejor polen que transformaban en forma de [&hellip;]\" \/>\n<meta property=\"og:url\" content=\"https:\/\/breezeh2o.com\/en\/product\/gin-miel-caja-6-uds\/\" \/>\n<meta property=\"og:site_name\" content=\"Breeze\" \/>\n<meta property=\"article:publisher\" content=\"https:\/\/www.facebook.com\/Breeze-probablemente-el-agua-mas-pura-del-mundo-100210431687988\" \/>\n<meta property=\"article:modified_time\" content=\"2021-02-16T16:40:59+00:00\" \/>\n<meta property=\"og:image\" content=\"https:\/\/i0.wp.com\/breezeh2o.com\/wp-content\/uploads\/2020\/04\/gin-miel-bottle.jpg?fit=300%2C300&ssl=1\" \/>\n\t<meta property=\"og:image:width\" content=\"300\" \/>\n\t<meta property=\"og:image:height\" content=\"300\" \/>\n\t<meta property=\"og:image:type\" content=\"image\/jpeg\" \/>\n<meta name=\"twitter:card\" content=\"summary_large_image\" \/>\n<meta name=\"twitter:label1\" content=\"Estimated reading time\" \/>\n\t<meta name=\"twitter:data1\" content=\"1 minute\" \/>\n<script type=\"application\/ld+json\" class=\"yoast-schema-graph\">{\"@context\":\"https:\\\/\\\/schema.org\",\"@graph\":[{\"@type\":\"WebPage\",\"@id\":\"https:\\\/\\\/breezeh2o.com\\\/producto\\\/gin-miel-caja-6-uds\\\/\",\"url\":\"https:\\\/\\\/breezeh2o.com\\\/producto\\\/gin-miel-caja-6-uds\\\/\",\"name\":\"Gin Miel Caja 6 uds - Breeze La primera ginebra del mundo con miel entre sus bot\u00e1nicos\",\"isPartOf\":{\"@id\":\"https:\\\/\\\/breezeh2o.com\\\/es\\\/#website\"},\"primaryImageOfPage\":{\"@id\":\"https:\\\/\\\/breezeh2o.com\\\/producto\\\/gin-miel-caja-6-uds\\\/#primaryimage\"},\"image\":{\"@id\":\"https:\\\/\\\/breezeh2o.com\\\/producto\\\/gin-miel-caja-6-uds\\\/#primaryimage\"},\"thumbnailUrl\":\"https:\\\/\\\/i0.wp.com\\\/breezeh2o.com\\\/wp-content\\\/uploads\\\/2020\\\/04\\\/gin-miel-bottle.jpg?fit=300%2C300&ssl=1\",\"datePublished\":\"2020-06-08T12:41:35+00:00\",\"dateModified\":\"2021-02-16T16:40:59+00:00\",\"breadcrumb\":{\"@id\":\"https:\\\/\\\/breezeh2o.com\\\/producto\\\/gin-miel-caja-6-uds\\\/#breadcrumb\"},\"inLanguage\":\"en-GB\",\"potentialAction\":[{\"@type\":\"ReadAction\",\"target\":[\"https:\\\/\\\/breezeh2o.com\\\/producto\\\/gin-miel-caja-6-uds\\\/\"]}]},{\"@type\":\"ImageObject\",\"inLanguage\":\"en-GB\",\"@id\":\"https:\\\/\\\/breezeh2o.com\\\/producto\\\/gin-miel-caja-6-uds\\\/#primaryimage\",\"url\":\"https:\\\/\\\/i0.wp.com\\\/breezeh2o.com\\\/wp-content\\\/uploads\\\/2020\\\/04\\\/gin-miel-bottle.jpg?fit=300%2C300&ssl=1\",\"contentUrl\":\"https:\\\/\\\/i0.wp.com\\\/breezeh2o.com\\\/wp-content\\\/uploads\\\/2020\\\/04\\\/gin-miel-bottle.jpg?fit=300%2C300&ssl=1\",\"width\":300,\"height\":300,\"caption\":\"gin miel\"},{\"@type\":\"BreadcrumbList\",\"@id\":\"https:\\\/\\\/breezeh2o.com\\\/producto\\\/gin-miel-caja-6-uds\\\/#breadcrumb\",\"itemListElement\":[{\"@type\":\"ListItem\",\"position\":1,\"name\":\"Portada\",\"item\":\"https:\\\/\\\/breezeh2o.com\\\/\"},{\"@type\":\"ListItem\",\"position\":2,\"name\":\"Tienda\",\"item\":\"https:\\\/\\\/breezeh2o.com\\\/es\\\/tienda\\\/\"},{\"@type\":\"ListItem\",\"position\":3,\"name\":\"Gin Miel Caja 6 uds\"}]},{\"@type\":\"WebSite\",\"@id\":\"https:\\\/\\\/breezeh2o.com\\\/es\\\/#website\",\"url\":\"https:\\\/\\\/breezeh2o.com\\\/es\\\/\",\"name\":\"Breeze\",\"description\":\"Breeze, agua de niebla\",\"publisher\":{\"@id\":\"https:\\\/\\\/breezeh2o.com\\\/es\\\/#organization\"},\"potentialAction\":[{\"@type\":\"SearchAction\",\"target\":{\"@type\":\"EntryPoint\",\"urlTemplate\":\"https:\\\/\\\/breezeh2o.com\\\/es\\\/?s={search_term_string}\"},\"query-input\":{\"@type\":\"PropertyValueSpecification\",\"valueRequired\":true,\"valueName\":\"search_term_string\"}}],\"inLanguage\":\"en-GB\"},{\"@type\":\"Organization\",\"@id\":\"https:\\\/\\\/breezeh2o.com\\\/es\\\/#organization\",\"name\":\"Breeze h2o\",\"url\":\"https:\\\/\\\/breezeh2o.com\\\/es\\\/\",\"logo\":{\"@type\":\"ImageObject\",\"inLanguage\":\"en-GB\",\"@id\":\"https:\\\/\\\/breezeh2o.com\\\/es\\\/#\\\/schema\\\/logo\\\/image\\\/\",\"url\":\"https:\\\/\\\/i0.wp.com\\\/breezeh2o.com\\\/wp-content\\\/uploads\\\/2020\\\/05\\\/BreezeV.png?fit=912%2C826&ssl=1\",\"contentUrl\":\"https:\\\/\\\/i0.wp.com\\\/breezeh2o.com\\\/wp-content\\\/uploads\\\/2020\\\/05\\\/BreezeV.png?fit=912%2C826&ssl=1\",\"width\":912,\"height\":826,\"caption\":\"Breeze h2o\"},\"image\":{\"@id\":\"https:\\\/\\\/breezeh2o.com\\\/es\\\/#\\\/schema\\\/logo\\\/image\\\/\"},\"sameAs\":[\"https:\\\/\\\/www.facebook.com\\\/Breeze-probablemente-el-agua-mas-pura-del-mundo-100210431687988\",\"https:\\\/\\\/www.instagram.com\\\/breezeh2o\\\/\"]}]}<\/script>\n<!-- \/ Yoast SEO Premium plugin. -->","yoast_head_json":{"title":"Gin Honey Box 6 units - Breeze The world&#039;s first gin with honey among its botanicals","robots":{"index":"index","follow":"follow","max-snippet":"max-snippet:-1","max-image-preview":"max-image-preview:large","max-video-preview":"max-video-preview:-1"},"canonical":"https:\/\/breezeh2o.com\/en\/product\/gin-miel-caja-6-uds\/","og_locale":"en_GB","og_type":"article","og_title":"Gin Miel Caja 6 uds","og_description":"Cuenta la leyenda que las Brujas de Gualba hechizaban a las abejas para que estas fueran en busca de las flores m\u00e1s extra\u00f1as del espeso bosque. Las abejas embrujadas las obedec\u00edan tray\u00e9ndoles el mejor polen que transformaban en forma de [&hellip;]","og_url":"https:\/\/breezeh2o.com\/en\/product\/gin-miel-caja-6-uds\/","og_site_name":"Breeze","article_publisher":"https:\/\/www.facebook.com\/Breeze-probablemente-el-agua-mas-pura-del-mundo-100210431687988","article_modified_time":"2021-02-16T16:40:59+00:00","og_image":[{"width":300,"height":300,"url":"https:\/\/i0.wp.com\/breezeh2o.com\/wp-content\/uploads\/2020\/04\/gin-miel-bottle.jpg?fit=300%2C300&ssl=1","type":"image\/jpeg"}],"twitter_card":"summary_large_image","twitter_misc":{"Estimated reading time":"1 minute"},"schema":{"@context":"https:\/\/schema.org","@graph":[{"@type":"WebPage","@id":"https:\/\/breezeh2o.com\/producto\/gin-miel-caja-6-uds\/","url":"https:\/\/breezeh2o.com\/producto\/gin-miel-caja-6-uds\/","name":"Gin Honey Box 6 units - Breeze The world&#039;s first gin with honey among its botanicals","isPartOf":{"@id":"https:\/\/breezeh2o.com\/es\/#website"},"primaryImageOfPage":{"@id":"https:\/\/breezeh2o.com\/producto\/gin-miel-caja-6-uds\/#primaryimage"},"image":{"@id":"https:\/\/breezeh2o.com\/producto\/gin-miel-caja-6-uds\/#primaryimage"},"thumbnailUrl":"https:\/\/i0.wp.com\/breezeh2o.com\/wp-content\/uploads\/2020\/04\/gin-miel-bottle.jpg?fit=300%2C300&ssl=1","datePublished":"2020-06-08T12:41:35+00:00","dateModified":"2021-02-16T16:40:59+00:00","breadcrumb":{"@id":"https:\/\/breezeh2o.com\/producto\/gin-miel-caja-6-uds\/#breadcrumb"},"inLanguage":"en-GB","potentialAction":[{"@type":"ReadAction","target":["https:\/\/breezeh2o.com\/producto\/gin-miel-caja-6-uds\/"]}]},{"@type":"ImageObject","inLanguage":"en-GB","@id":"https:\/\/breezeh2o.com\/producto\/gin-miel-caja-6-uds\/#primaryimage","url":"https:\/\/i0.wp.com\/breezeh2o.com\/wp-content\/uploads\/2020\/04\/gin-miel-bottle.jpg?fit=300%2C300&ssl=1","contentUrl":"https:\/\/i0.wp.com\/breezeh2o.com\/wp-content\/uploads\/2020\/04\/gin-miel-bottle.jpg?fit=300%2C300&ssl=1","width":300,"height":300,"caption":"gin miel"},{"@type":"BreadcrumbList","@id":"https:\/\/breezeh2o.com\/producto\/gin-miel-caja-6-uds\/#breadcrumb","itemListElement":[{"@type":"ListItem","position":1,"name":"Portada","item":"https:\/\/breezeh2o.com\/"},{"@type":"ListItem","position":2,"name":"Tienda","item":"https:\/\/breezeh2o.com\/es\/tienda\/"},{"@type":"ListItem","position":3,"name":"Gin Miel Caja 6 uds"}]},{"@type":"WebSite","@id":"https:\/\/breezeh2o.com\/es\/#website","url":"https:\/\/breezeh2o.com\/es\/","name":"Breeze","description":"Breeze, mist water","publisher":{"@id":"https:\/\/breezeh2o.com\/es\/#organization"},"potentialAction":[{"@type":"SearchAction","target":{"@type":"EntryPoint","urlTemplate":"https:\/\/breezeh2o.com\/es\/?s={search_term_string}"},"query-input":{"@type":"PropertyValueSpecification","valueRequired":true,"valueName":"search_term_string"}}],"inLanguage":"en-GB"},{"@type":"Organization","@id":"https:\/\/breezeh2o.com\/es\/#organization","name":"Breeze h2o","url":"https:\/\/breezeh2o.com\/es\/","logo":{"@type":"ImageObject","inLanguage":"en-GB","@id":"https:\/\/breezeh2o.com\/es\/#\/schema\/logo\/image\/","url":"https:\/\/i0.wp.com\/breezeh2o.com\/wp-content\/uploads\/2020\/05\/BreezeV.png?fit=912%2C826&ssl=1","contentUrl":"https:\/\/i0.wp.com\/breezeh2o.com\/wp-content\/uploads\/2020\/05\/BreezeV.png?fit=912%2C826&ssl=1","width":912,"height":826,"caption":"Breeze h2o"},"image":{"@id":"https:\/\/breezeh2o.com\/es\/#\/schema\/logo\/image\/"},"sameAs":["https:\/\/www.facebook.com\/Breeze-probablemente-el-agua-mas-pura-del-mundo-100210431687988","https:\/\/www.instagram.com\/breezeh2o\/"]}]}},"jetpack_sharing_enabled":true,"_links":{"self":[{"href":"https:\/\/breezeh2o.com\/en\/wp-json\/wp\/v2\/product\/6456","targetHints":{"allow":["GET"]}}],"collection":[{"href":"https:\/\/breezeh2o.com\/en\/wp-json\/wp\/v2\/product"}],"about":[{"href":"https:\/\/breezeh2o.com\/en\/wp-json\/wp\/v2\/types\/product"}],"replies":[{"embeddable":true,"href":"https:\/\/breezeh2o.com\/en\/wp-json\/wp\/v2\/comments?post=6456"}],"wp:featuredmedia":[{"embeddable":true,"href":"https:\/\/breezeh2o.com\/en\/wp-json\/wp\/v2\/media\/6772"}],"wp:attachment":[{"href":"https:\/\/breezeh2o.com\/en\/wp-json\/wp\/v2\/media?parent=6456"}],"wp:term":[{"taxonomy":"product_brand","embeddable":true,"href":"https:\/\/breezeh2o.com\/en\/wp-json\/wp\/v2\/product_brand?post=6456"},{"taxonomy":"product_cat","embeddable":true,"href":"https:\/\/breezeh2o.com\/en\/wp-json\/wp\/v2\/product_cat?post=6456"},{"taxonomy":"product_tag","embeddable":true,"href":"https:\/\/breezeh2o.com\/en\/wp-json\/wp\/v2\/product_tag?post=6456"}],"curies":[{"name":"wp","href":"https:\/\/api.w.org\/{rel}","templated":true}]}}