{"id":6843,"date":"2022-08-06T14:23:03","date_gmt":"2022-08-06T13:23:03","guid":{"rendered":"https:\/\/breezeh2o.com\/?page_id=6843"},"modified":"2022-08-06T14:23:07","modified_gmt":"2022-08-06T13:23:07","slug":"politica-de-cookies","status":"publish","type":"page","link":"https:\/\/breezeh2o.com\/en\/politica-de-cookies\/","title":{"rendered":"Cookies policy"},"content":{"rendered":"<p style=\"font-weight: 400;\"><strong>COOKIES POLICY<\/strong><\/p>\n<p style=\"font-weight: 400;\"><em>Last update:<\/em><em> June 28, 2022<\/em><em>&nbsp;<\/em><\/p>\n<p style=\"font-weight: 400;\"><strong>Summary<\/strong><\/p>\n<ul>\n<li>Cookies used: <strong>Own and Third Parties<\/strong><\/li>\n<li>Are they used for statistics? <strong>Yes<\/strong><\/li>\n<li>Are they used for advertising? <strong>Yes<\/strong><\/li>\n<li>Third-party services that install cookies through this website: <strong>Google Analytics, Facebook, Stripe, WordPress and Woocommerce.<\/strong><\/li>\n<\/ul>\n<p style=\"font-weight: 400;\">&nbsp;<\/p>\n<p style=\"font-weight: 400;\"><strong>How to configure and disable cookies<\/strong><\/p>\n<p style=\"font-weight: 400;\">You can allow, block or delete the cookies installed on your device from your web browser. If you do not allow the installation of cookies on your device, the browsing experience may worsen. Below you can find how to configure cookies in each browser:<\/p>\n<p style=\"font-weight: 400;\">\u2013 <a href=\"http:\/\/windows.microsoft.com\/es-es\/windows-10\/edge-privacy-faq\">Edge<\/a><\/p>\n<p style=\"font-weight: 400;\">\u2013 <a href=\"https:\/\/support.google.com\/chrome\/answer\/95647?hl=es\">Google Chrome<\/a><\/p>\n<p style=\"font-weight: 400;\">\u2013<a href=\"https:\/\/support.google.com\/chrome\/answer\/114662?hl=es&amp;visit_id=1-636664625754483085-1648636281&amp;rd=1&amp;co=GENIE.Platform%3DAndroid&amp;oco=1\"> google-android<\/a><\/p>\n<p style=\"font-weight: 400;\">\u2013<a href=\"https:\/\/support.microsoft.com\/es-es\/help\/17442\/windows-internet-explorer-delete-manage-cookies\"> internet explorer 8<\/a><\/p>\n<p style=\"font-weight: 400;\">\u2013<a href=\"https:\/\/support.microsoft.com\/es-es\/help\/278835\/how-to-delete-cookie-files-in-internet-explorer\"> internet explorer 9<\/a><\/p>\n<p style=\"font-weight: 400;\">\u2013<a href=\"https:\/\/support.microsoft.com\/es-es\/help\/17442\/windows-internet-explorer-delete-manage-cookies#ie=ie-10\"> internet explorer 11<\/a><\/p>\n<p style=\"font-weight: 400;\">\u2013 <a href=\"https:\/\/support.mozilla.org\/es\/kb\/habilitar-y-deshabilitar-cookies-que-los-sitios-we\">MozillaFirefox<\/a><\/p>\n<p style=\"font-weight: 400;\">\u2013<a href=\"https:\/\/help.opera.com\/en\/latest\/web-preferences\/#cookies\"> Opera<\/a><\/p>\n<p style=\"font-weight: 400;\">\u2013 <a href=\"https:\/\/support.apple.com\/es-es\/guide\/safari\/sfri11471\/mac\">Safari<\/a><\/p>\n<p style=\"font-weight: 400;\">\u2013 <a href=\"https:\/\/support.apple.com\/es-es\/HT201265\">Safari Mobile<\/a><\/p>\n<p style=\"font-weight: 400;\">\u2013 <a href=\"https:\/\/support.brave.com\/hc\/en-us\/articles\/360050634931-How-Do-I-Manage-Cookies-In-Brave-\">brave<\/a><\/p>\n<p style=\"font-weight: 400;\"><u><a href=\"https:\/\/support.apple.com\/es-es\/HT201265\">&nbsp;<\/a><\/u><\/p>\n<p style=\"font-weight: 400;\"><strong>1.- Types and uses<\/strong><\/p>\n<p style=\"font-weight: 400;\">The service uses its own and third-party cookies to improve navigation, provide the service and obtain statistics on the use of the website.<\/p>\n<p style=\"font-weight: 400;\">&nbsp;<\/p>\n<p style=\"font-weight: 400;\"><strong>2.- What is a cookie and what is it for?<\/strong><\/p>\n<p style=\"font-weight: 400;\">A cookie is a text file that is sent to the web browser of your computer, mobile or tablet and that is used to store and retrieve information about the navigation carried out. For example, remembering your username and password or your profile preferences.<\/p>\n<p style=\"font-weight: 400;\">&nbsp;&nbsp;&nbsp;&nbsp;&nbsp;&nbsp;&nbsp;&nbsp;&nbsp;&nbsp;&nbsp;<\/p>\n<p style=\"font-weight: 400;\"><strong>3.- What types of cookies are there?<\/strong><\/p>\n<p style=\"font-weight: 400;\">According to who manages them:<\/p>\n<ul>\n<li><u>Own cookies<\/u>; are sent to your browser from our computers or web domains.<\/li>\n<li><u>Third party cookies<\/u>; They are sent to your browser from a computer or web domain that is not managed directly by us, but by a third party such as Google.<\/li>\n<\/ul>\n<p style=\"font-weight: 400;\">Depending on how long they are active, there are:<\/p>\n<ul>\n<li><u>session cookies;<\/u> They remain in your browser&#039;s cookie file until you leave the web page, so none remain on your device.<\/li>\n<li><u>Persistent cookies;<\/u> they remain on your device and our website reads them every time you make a new visit. These cookies stop working after a specific date.<\/li>\n<\/ul>\n<p style=\"font-weight: 400;\">Finally, and according to its purpose, we have:<\/p>\n<ul>\n<li><u>Technical cookies;<\/u> They improve navigation and the proper functioning of the website.<\/li>\n<li><u>Personalization cookies;<\/u> They allow access to the service with predefined characteristics based on a series of criteria.<\/li>\n<li><u>Analysis cookies;<\/u> They allow statistical measurement and analysis of the use made of the service provided.<\/li>\n<\/ul>\n<p style=\"font-weight: 400;\">Cookies used by <strong>Breezeh2o<\/strong>:<\/p>\n<table style=\"font-weight: 400;\" width=\"591\">\n<tbody>\n<tr>\n<td width=\"152\"><strong>Name<\/strong><\/td>\n<td width=\"158\"><strong>Source<\/strong><\/td>\n<td width=\"120\"><strong>Purpose<\/strong><\/td>\n<td width=\"69\"><strong>Type<\/strong><\/td>\n<td width=\"92\"><strong>Expiration<\/strong><\/td>\n<\/tr>\n<tr>\n<td width=\"152\">_gat<\/td>\n<td width=\"158\">.breezeh2o.com<\/td>\n<td width=\"120\">Analytics (performance)<\/td>\n<td width=\"69\">Third<\/td>\n<td width=\"92\">Session<\/td>\n<\/tr>\n<tr>\n<td width=\"152\">_gid<\/td>\n<td width=\"158\">.breezeh2o.com<\/td>\n<td width=\"120\">Analytics (functionality)<\/td>\n<td width=\"69\">Third<\/td>\n<td width=\"92\">1 day<\/td>\n<\/tr>\n<tr>\n<td width=\"152\">_ga<\/td>\n<td width=\"158\">.breezeh2o.com<\/td>\n<td width=\"120\">Analytics (performance)<\/td>\n<td width=\"69\">Third<\/td>\n<td width=\"92\">2 years<\/td>\n<\/tr>\n<tr>\n<td width=\"152\">_fbp<\/td>\n<td width=\"158\">.breezeh2o.com<\/td>\n<td width=\"120\">Analytics (Segmentation\/&nbsp;<\/p>\n<p>advertising)<\/td>\n<td width=\"69\">Third<\/td>\n<td width=\"92\">3 months<\/td>\n<\/tr>\n<tr>\n<td width=\"152\">_swa_u<\/td>\n<td width=\"158\">.breezeh2o.com<\/td>\n<td width=\"120\">Analytics (Segmentation\/&nbsp;<\/p>\n<p>advertising)<\/td>\n<td width=\"69\">own<\/td>\n<td width=\"92\">3 years<\/td>\n<\/tr>\n<tr>\n<td width=\"152\">catAccCookies<\/td>\n<td width=\"158\">.breezeh2o.com<\/td>\n<td width=\"120\">Technique (functionality)<\/td>\n<td width=\"69\">own<\/td>\n<td width=\"92\">1 month<\/td>\n<\/tr>\n<tr>\n<td width=\"152\">tk_lr<\/td>\n<td width=\"158\">.breezeh2o.com<\/td>\n<td width=\"120\">Analytics (performance)<\/td>\n<td width=\"69\">own<\/td>\n<td width=\"92\">1 year<\/td>\n<\/tr>\n<tr>\n<td width=\"152\">tk_r3d<\/td>\n<td width=\"158\">.breezeh2o.com<\/td>\n<td width=\"120\">Analytics (performance)<\/td>\n<td width=\"69\">own<\/td>\n<td width=\"92\">3 days<\/td>\n<\/tr>\n<tr>\n<td width=\"152\">tk_or<\/td>\n<td width=\"158\">.breezeh2o.com<\/td>\n<td width=\"120\">Analytics (performance)<\/td>\n<td width=\"69\">own<\/td>\n<td width=\"92\">5 years<\/td>\n<\/tr>\n<tr>\n<td width=\"152\">PHPSESSID<\/td>\n<td width=\"158\">.breezeh2o.com<\/td>\n<td width=\"120\">Technique (functionality)<\/td>\n<td width=\"69\">own<\/td>\n<td width=\"92\">Session<\/td>\n<\/tr>\n<tr>\n<td width=\"152\">__stripe_sid<\/td>\n<td width=\"158\">.breezeh2o.com<\/td>\n<td width=\"120\">Analytics<\/td>\n<td width=\"69\">Third<\/td>\n<td width=\"92\">Session<\/td>\n<\/tr>\n<tr>\n<td width=\"152\">tk_qs<\/td>\n<td width=\"158\">.breezeh2o.com<\/td>\n<td width=\"120\">Analytics (performance)<\/td>\n<td width=\"69\">own<\/td>\n<td width=\"92\">Session<\/td>\n<\/tr>\n<tr>\n<td width=\"152\">tk_ai<\/td>\n<td width=\"158\">.breezeh2o.com<\/td>\n<td width=\"120\">Analytics (performance)<\/td>\n<td width=\"69\">own<\/td>\n<td width=\"92\">5 years<\/td>\n<\/tr>\n<tr>\n<td width=\"152\">woocommerce_cart_hash<\/td>\n<td width=\"158\">.breezeh2o.com<\/td>\n<td width=\"120\">Analytics (functionality)<\/td>\n<td width=\"69\">Third<\/td>\n<td width=\"92\">Session<\/td>\n<\/tr>\n<tr>\n<td width=\"152\">wp_woocommerce_session_c3cd008591f113f6e8c69ac56a9b5a96<\/td>\n<td width=\"158\">.breezeh2o.com<\/td>\n<td width=\"120\">Analytics (functionality)<\/td>\n<td width=\"69\">Third<\/td>\n<td width=\"92\">2 days<\/td>\n<\/tr>\n<tr>\n<td width=\"152\">woocommerce_items_in_cart<\/td>\n<td width=\"158\">.breezeh2o.com<\/td>\n<td width=\"120\">Analytics (functionality)<\/td>\n<td width=\"69\">Third<\/td>\n<td width=\"92\">Session<\/td>\n<\/tr>\n<tr>\n<td width=\"152\">__stripe_mid<\/td>\n<td width=\"158\">.breezeh2o.com<\/td>\n<td width=\"120\">Analytics<\/td>\n<td width=\"69\">Third<\/td>\n<td width=\"92\">1 year and 1 month<\/td>\n<\/tr>\n<tr>\n<td width=\"152\">mailchimp_landing_site<\/td>\n<td width=\"158\">.breezeh2o.com<\/td>\n<td width=\"120\">Analytics<\/td>\n<td width=\"69\">Third<\/td>\n<td width=\"92\">1 month<\/td>\n<\/tr>\n<\/tbody>\n<\/table>\n<p style=\"font-weight: 400;\">&nbsp;<\/p>\n<p style=\"font-weight: 400;\">List of third party cookies:<\/p>\n<p style=\"font-weight: 400;\"><a href=\"https:\/\/developers.google.com\/analytics\/devguides\/collection\/analyticsjs\/cookie-usage\">Google Analytics<\/a>: Its cookies (such as _ga) allow us to count how many times a user visits a website, how, when and from where they do so.<\/p>\n<p style=\"font-weight: 400;\">In any case, you can disable Google Analytics cookies from <a href=\"https:\/\/tools.google.com\/dlpage\/gaoptout\">here.<\/a><\/p>\n<p style=\"font-weight: 400;\"><a href=\"https:\/\/www.facebook.com\/policies\/cookies\/\">Facebook<\/a>: Your cookies (such as _fbp) are used to offer a series of advertising products, such as real-time offers from third-party advertisers.<\/p>\n<p style=\"font-weight: 400;\"><a href=\"https:\/\/stripe.com\/cookies-policy\/legal\">Stripe:<\/a> Your cookies (eg nsr) are used for the processing of order payments through the website.<\/p>\n<p style=\"font-weight: 400;\"><a href=\"https:\/\/automattic.com\/es\/cookies\/\">wordpress<\/a>: Your cookies (such as wp-wpml_current_language) allow the website to operate efficiently. They help to adapt the language so that the user can use all the elements of the web correctly.<\/p>\n<p style=\"font-weight: 400;\"><a href=\"https:\/\/woocommerce.com\/document\/woocommerce-cookies\/\">woocommerce<\/a>: Your cookies (such as woocommerce_cart_hash) allow WooCommerce to determine when cart content\/data changes.<\/p>\n<p style=\"font-weight: 400;\">&nbsp;<\/p>\n<p style=\"font-weight: 400;\">&nbsp;<\/p>","protected":false},"excerpt":{"rendered":"<p>POL\u00cdTICA DE COOKIES \u00daltima actualizaci\u00f3n: 28 de junio de 2022&nbsp; Sumario Cookies usadas: Propias y de Terceros \u00bfSe usan para obtener estad\u00edsticas? S\u00ed \u00bfSe usan para publicidad? S\u00ed Servicios de terceros que instalan cookies a trav\u00e9s de esta web: Google [&hellip;]<\/p>\n","protected":false},"author":2,"featured_media":0,"parent":0,"menu_order":0,"comment_status":"closed","ping_status":"closed","template":"","meta":{"ngg_post_thumbnail":0,"inspiro_page_layout":"narrow","inspiro_hide_title":false,"footnotes":""},"class_list":["post-6843","page","type-page","status-publish","hentry"],"yoast_head":"<!-- This site is optimized with the Yoast SEO Premium plugin v21.7 (Yoast SEO v27.3) - https:\/\/yoast.com\/product\/yoast-seo-premium-wordpress\/ -->\n<title>Pol\u00edtica de cookies - Breeze<\/title>\n<meta name=\"description\" content=\"POL\u00cdTICA DE COOKIES \u00daltima actualizaci\u00f3n: 28 de junio de 2022&nbsp; Sumario Cookies usadas: Propias y de Terceros \u00bfSe usan para obtener estad\u00edsticas? S\u00ed\" \/>\n<meta name=\"robots\" content=\"noindex, nofollow\" \/>\n<meta property=\"og:locale\" content=\"en_GB\" \/>\n<meta property=\"og:type\" content=\"article\" \/>\n<meta property=\"og:title\" content=\"Pol\u00edtica de cookies\" \/>\n<meta property=\"og:description\" content=\"POL\u00cdTICA DE COOKIES \u00daltima actualizaci\u00f3n: 28 de junio de 2022&nbsp; Sumario Cookies usadas: Propias y de Terceros \u00bfSe usan para obtener estad\u00edsticas? S\u00ed\" \/>\n<meta property=\"og:url\" content=\"https:\/\/breezeh2o.com\/en\/politica-de-cookies\/\" \/>\n<meta property=\"og:site_name\" content=\"Breeze\" \/>\n<meta property=\"article:publisher\" content=\"https:\/\/www.facebook.com\/Breeze-probablemente-el-agua-mas-pura-del-mundo-100210431687988\" \/>\n<meta property=\"article:modified_time\" content=\"2022-08-06T13:23:07+00:00\" \/>\n<meta name=\"twitter:card\" content=\"summary_large_image\" \/>\n<meta name=\"twitter:label1\" content=\"Estimated reading time\" \/>\n\t<meta name=\"twitter:data1\" content=\"3 minutes\" \/>\n<script type=\"application\/ld+json\" class=\"yoast-schema-graph\">{\"@context\":\"https:\\\/\\\/schema.org\",\"@graph\":[{\"@type\":\"WebPage\",\"@id\":\"https:\\\/\\\/breezeh2o.com\\\/politica-de-cookies\\\/\",\"url\":\"https:\\\/\\\/breezeh2o.com\\\/politica-de-cookies\\\/\",\"name\":\"Pol\u00edtica de cookies - Breeze\",\"isPartOf\":{\"@id\":\"https:\\\/\\\/breezeh2o.com\\\/es\\\/#website\"},\"datePublished\":\"2022-08-06T13:23:03+00:00\",\"dateModified\":\"2022-08-06T13:23:07+00:00\",\"description\":\"POL\u00cdTICA DE COOKIES \u00daltima actualizaci\u00f3n: 28 de junio de 2022&nbsp; Sumario Cookies usadas: Propias y de Terceros \u00bfSe usan para obtener estad\u00edsticas? S\u00ed\",\"breadcrumb\":{\"@id\":\"https:\\\/\\\/breezeh2o.com\\\/politica-de-cookies\\\/#breadcrumb\"},\"inLanguage\":\"en-GB\",\"potentialAction\":[{\"@type\":\"ReadAction\",\"target\":[\"https:\\\/\\\/breezeh2o.com\\\/politica-de-cookies\\\/\"]}]},{\"@type\":\"BreadcrumbList\",\"@id\":\"https:\\\/\\\/breezeh2o.com\\\/politica-de-cookies\\\/#breadcrumb\",\"itemListElement\":[{\"@type\":\"ListItem\",\"position\":1,\"name\":\"Portada\",\"item\":\"https:\\\/\\\/breezeh2o.com\\\/\"},{\"@type\":\"ListItem\",\"position\":2,\"name\":\"Pol\u00edtica de cookies\"}]},{\"@type\":\"WebSite\",\"@id\":\"https:\\\/\\\/breezeh2o.com\\\/es\\\/#website\",\"url\":\"https:\\\/\\\/breezeh2o.com\\\/es\\\/\",\"name\":\"Breeze\",\"description\":\"Breeze, agua de niebla\",\"publisher\":{\"@id\":\"https:\\\/\\\/breezeh2o.com\\\/es\\\/#organization\"},\"potentialAction\":[{\"@type\":\"SearchAction\",\"target\":{\"@type\":\"EntryPoint\",\"urlTemplate\":\"https:\\\/\\\/breezeh2o.com\\\/es\\\/?s={search_term_string}\"},\"query-input\":{\"@type\":\"PropertyValueSpecification\",\"valueRequired\":true,\"valueName\":\"search_term_string\"}}],\"inLanguage\":\"en-GB\"},{\"@type\":\"Organization\",\"@id\":\"https:\\\/\\\/breezeh2o.com\\\/es\\\/#organization\",\"name\":\"Breeze h2o\",\"url\":\"https:\\\/\\\/breezeh2o.com\\\/es\\\/\",\"logo\":{\"@type\":\"ImageObject\",\"inLanguage\":\"en-GB\",\"@id\":\"https:\\\/\\\/breezeh2o.com\\\/es\\\/#\\\/schema\\\/logo\\\/image\\\/\",\"url\":\"https:\\\/\\\/i0.wp.com\\\/breezeh2o.com\\\/wp-content\\\/uploads\\\/2020\\\/05\\\/BreezeV.png?fit=912%2C826&ssl=1\",\"contentUrl\":\"https:\\\/\\\/i0.wp.com\\\/breezeh2o.com\\\/wp-content\\\/uploads\\\/2020\\\/05\\\/BreezeV.png?fit=912%2C826&ssl=1\",\"width\":912,\"height\":826,\"caption\":\"Breeze h2o\"},\"image\":{\"@id\":\"https:\\\/\\\/breezeh2o.com\\\/es\\\/#\\\/schema\\\/logo\\\/image\\\/\"},\"sameAs\":[\"https:\\\/\\\/www.facebook.com\\\/Breeze-probablemente-el-agua-mas-pura-del-mundo-100210431687988\",\"https:\\\/\\\/www.instagram.com\\\/breezeh2o\\\/\"]}]}<\/script>\n<!-- \/ Yoast SEO Premium plugin. -->","yoast_head_json":{"title":"Cookie Policy - Breeze","description":"POL\u00cdTICA DE COOKIES \u00daltima actualizaci\u00f3n: 28 de junio de 2022&nbsp; Sumario Cookies usadas: Propias y de Terceros \u00bfSe usan para obtener estad\u00edsticas? S\u00ed","robots":{"index":"noindex","follow":"nofollow"},"og_locale":"en_GB","og_type":"article","og_title":"Pol\u00edtica de cookies","og_description":"POL\u00cdTICA DE COOKIES \u00daltima actualizaci\u00f3n: 28 de junio de 2022&nbsp; Sumario Cookies usadas: Propias y de Terceros \u00bfSe usan para obtener estad\u00edsticas? S\u00ed","og_url":"https:\/\/breezeh2o.com\/en\/politica-de-cookies\/","og_site_name":"Breeze","article_publisher":"https:\/\/www.facebook.com\/Breeze-probablemente-el-agua-mas-pura-del-mundo-100210431687988","article_modified_time":"2022-08-06T13:23:07+00:00","twitter_card":"summary_large_image","twitter_misc":{"Estimated reading time":"3 minutes"},"schema":{"@context":"https:\/\/schema.org","@graph":[{"@type":"WebPage","@id":"https:\/\/breezeh2o.com\/politica-de-cookies\/","url":"https:\/\/breezeh2o.com\/politica-de-cookies\/","name":"Cookie Policy - Breeze","isPartOf":{"@id":"https:\/\/breezeh2o.com\/es\/#website"},"datePublished":"2022-08-06T13:23:03+00:00","dateModified":"2022-08-06T13:23:07+00:00","description":"POL\u00cdTICA DE COOKIES \u00daltima actualizaci\u00f3n: 28 de junio de 2022&nbsp; Sumario Cookies usadas: Propias y de Terceros \u00bfSe usan para obtener estad\u00edsticas? S\u00ed","breadcrumb":{"@id":"https:\/\/breezeh2o.com\/politica-de-cookies\/#breadcrumb"},"inLanguage":"en-GB","potentialAction":[{"@type":"ReadAction","target":["https:\/\/breezeh2o.com\/politica-de-cookies\/"]}]},{"@type":"BreadcrumbList","@id":"https:\/\/breezeh2o.com\/politica-de-cookies\/#breadcrumb","itemListElement":[{"@type":"ListItem","position":1,"name":"Portada","item":"https:\/\/breezeh2o.com\/"},{"@type":"ListItem","position":2,"name":"Pol\u00edtica de cookies"}]},{"@type":"WebSite","@id":"https:\/\/breezeh2o.com\/es\/#website","url":"https:\/\/breezeh2o.com\/es\/","name":"Breeze","description":"Breeze, mist water","publisher":{"@id":"https:\/\/breezeh2o.com\/es\/#organization"},"potentialAction":[{"@type":"SearchAction","target":{"@type":"EntryPoint","urlTemplate":"https:\/\/breezeh2o.com\/es\/?s={search_term_string}"},"query-input":{"@type":"PropertyValueSpecification","valueRequired":true,"valueName":"search_term_string"}}],"inLanguage":"en-GB"},{"@type":"Organization","@id":"https:\/\/breezeh2o.com\/es\/#organization","name":"Breeze h2o","url":"https:\/\/breezeh2o.com\/es\/","logo":{"@type":"ImageObject","inLanguage":"en-GB","@id":"https:\/\/breezeh2o.com\/es\/#\/schema\/logo\/image\/","url":"https:\/\/i0.wp.com\/breezeh2o.com\/wp-content\/uploads\/2020\/05\/BreezeV.png?fit=912%2C826&ssl=1","contentUrl":"https:\/\/i0.wp.com\/breezeh2o.com\/wp-content\/uploads\/2020\/05\/BreezeV.png?fit=912%2C826&ssl=1","width":912,"height":826,"caption":"Breeze h2o"},"image":{"@id":"https:\/\/breezeh2o.com\/es\/#\/schema\/logo\/image\/"},"sameAs":["https:\/\/www.facebook.com\/Breeze-probablemente-el-agua-mas-pura-del-mundo-100210431687988","https:\/\/www.instagram.com\/breezeh2o\/"]}]}},"jetpack_sharing_enabled":true,"_links":{"self":[{"href":"https:\/\/breezeh2o.com\/en\/wp-json\/wp\/v2\/pages\/6843","targetHints":{"allow":["GET"]}}],"collection":[{"href":"https:\/\/breezeh2o.com\/en\/wp-json\/wp\/v2\/pages"}],"about":[{"href":"https:\/\/breezeh2o.com\/en\/wp-json\/wp\/v2\/types\/page"}],"author":[{"embeddable":true,"href":"https:\/\/breezeh2o.com\/en\/wp-json\/wp\/v2\/users\/2"}],"replies":[{"embeddable":true,"href":"https:\/\/breezeh2o.com\/en\/wp-json\/wp\/v2\/comments?post=6843"}],"version-history":[{"count":1,"href":"https:\/\/breezeh2o.com\/en\/wp-json\/wp\/v2\/pages\/6843\/revisions"}],"predecessor-version":[{"id":6844,"href":"https:\/\/breezeh2o.com\/en\/wp-json\/wp\/v2\/pages\/6843\/revisions\/6844"}],"wp:attachment":[{"href":"https:\/\/breezeh2o.com\/en\/wp-json\/wp\/v2\/media?parent=6843"}],"curies":[{"name":"wp","href":"https:\/\/api.w.org\/{rel}","templated":true}]}}