{"id":5990,"date":"2018-02-11T22:54:59","date_gmt":"2018-02-11T21:54:59","guid":{"rendered":"https:\/\/breezeh2o.com\/beta\/?page_id=5990"},"modified":"2024-02-26T01:14:26","modified_gmt":"2024-02-26T00:14:26","slug":"agua-de-niebla","status":"publish","type":"page","link":"https:\/\/breezeh2o.com\/en\/mist-water\/","title":{"rendered":"Mist water"},"content":{"rendered":"\n<figure>\n\t\t\t\t<img data-recalc-dims=\"1\" height=\"150\" width=\"150\" decoding=\"async\" src=\"https:\/\/i0.wp.com\/breezeh2o.com\/wp-content\/uploads\/2018\/09\/Teide-Olas.mp4_snapshot_00.00_2018.09.17_12.03.16.jpg?resize=150%2C150&#038;ssl=1\" alt=\"Teide Olas.mp4_snapshot_00.00_[2018.09.17_12.03.16]\" itemprop=\"image\">\n\t\t\t<figcaption>\n\t\t\t\t<h3>Pureza<\/h3>\n\t\t\t\t\t\t\t\t\t\t\t\t\t<p>Breeze se obtiene directamente de la niebla de las Islas Canarias, uno de los cielos m\u00e1s limpios del planeta.<\/p>\n\t\t\t<a target=\"_self\" role=\"button\" rel=\"noopener\">\n\t\t<\/a>\n\t\t\t\t<\/figcaption>\n\t\t<\/figure>\n\t\t\t\t<figure>\n\t\t\t\t<img data-recalc-dims=\"1\" height=\"300\" width=\"200\" decoding=\"async\" src=\"https:\/\/i0.wp.com\/breezeh2o.com\/wp-content\/uploads\/2021\/01\/pexels-elly-fairytale-3823184.jpg?resize=200%2C300&#038;ssl=1\" alt=\"pexels-elly-fairytale-3823184\" itemprop=\"image\">\n\t\t\t<figcaption>\n\t\t\t\t<h3>Salud<\/h3>\n\t\t\t\t\t\t\t\t\t\t\t\t\t<p>Breeze es sana y neutra, con una mineralizaci\u00f3n extremadamente baja (el agua nunca toca el suelo).<\/p>\n\t\t\t<a target=\"_self\" role=\"button\" rel=\"noopener\">\n\t\t<\/a>\n\t\t\t\t<\/figcaption>\n\t\t<\/figure>\n\t\t\t\t<figure>\n\t\t\t\t<img data-recalc-dims=\"1\" height=\"193\" width=\"300\" decoding=\"async\" src=\"https:\/\/i0.wp.com\/breezeh2o.com\/wp-content\/uploads\/2021\/01\/pexels-alena-koval-886521.jpg?resize=300%2C193&#038;ssl=1\" alt=\"pexels-alena-koval-886521\" itemprop=\"image\">\n\t\t\t<figcaption>\n\t\t\t\t<h3>Sostenibilidad<\/h3>\n\t\t\t\t\t\t\t\t\t\t\t\t\t<p>Breeze es 100% sostenible y ecol\u00f3gico: el viento es la \u00fanica fuente de energ\u00eda utilizada en el proceso.<\/p>\n\t\t\t<a target=\"_self\" role=\"button\" rel=\"noopener\">\n\t\t<\/a>\n\t\t\t\t<\/figcaption>\n\t\t<\/figure>\n\t\t\t\t<figure>\n\t\t\t\t<img data-recalc-dims=\"1\" height=\"150\" width=\"150\" decoding=\"async\" src=\"https:\/\/i0.wp.com\/breezeh2o.com\/wp-content\/uploads\/2021\/01\/pexels-joAo-jesus-2480072.jpg?resize=150%2C150&#038;ssl=1\" alt=\"pexels-jo\u00c3\u00a3o-jesus-2480072\" itemprop=\"image\">\n\t\t\t<figcaption>\n\t\t\t\t<h3>Exclusividad<\/h3>\n\t\t\t\t\t\t\t\t\t\t\t\t\t<p>Su producci\u00f3n es limitada, ya que se recoge s\u00f3lo durante unos meses del a\u00f1o. Es agua de niebla, y sin ella no hay agua.<\/p>\n\t\t\t<a target=\"_self\" role=\"button\" rel=\"noopener\">\n\t\t<\/a>\n\t\t\t\t<\/figcaption>\n\t\t<\/figure>\n\t\t\t<a href=\"https:\/\/breezeh2o.com\/es\/tienda\/\" target=\"_self\" role=\"button\" rel=\"noopener\">\n\t\t\t\t\t\t\tCOMPRAR\n\t\t\t\t\t<\/a>\n\t\t\t<a href=\"https:\/\/breezeh2o.com\/es\/tienda\/\" target=\"_self\" role=\"button\" rel=\"noopener\">\n\t\t\t\t\t\t\tCOMPRAR\n\t\t\t\t\t<\/a>\n\t\t\t<a href=\"https:\/\/breezeh2o.com\/es\/tienda\/\" target=\"_self\" role=\"button\" rel=\"noopener\">\n\t\t\t\t\t\t\tCOMPRAR\n\t\t\t\t\t<\/a>\n","protected":false},"excerpt":{"rendered":"<p>Pureza Breeze se obtiene directamente de la niebla de las Islas Canarias, uno de los cielos m\u00e1s limpios del planeta. Salud Breeze es sana y neutra, con una mineralizaci\u00f3n extremadamente baja (el agua nunca toca el suelo). Sostenibilidad Breeze es [&hellip;]<\/p>\n","protected":false},"author":4,"featured_media":6078,"parent":0,"menu_order":0,"comment_status":"closed","ping_status":"closed","template":"","meta":{"ngg_post_thumbnail":0,"inspiro_page_layout":"narrow","inspiro_hide_title":false,"footnotes":""},"class_list":["post-5990","page","type-page","status-publish","has-post-thumbnail","hentry"],"yoast_head":"<!-- This site is optimized with the Yoast SEO Premium plugin v21.7 (Yoast SEO v27.3) - https:\/\/yoast.com\/product\/yoast-seo-premium-wordpress\/ -->\n<title>Agua de niebla - Breeze Probablemente el agua m\u00e1s pura del mundo<\/title>\n<meta name=\"description\" content=\"Breeze es agua obtenida directamente de la filtraci\u00f3n de la niebla de uno de los cielos m\u00e1s limpios del planeta, sin tocar el suelo, pura.\" \/>\n<meta name=\"robots\" content=\"index, follow, max-snippet:-1, max-image-preview:large, max-video-preview:-1\" \/>\n<link rel=\"canonical\" href=\"https:\/\/breezeh2o.com\/en\/agua-de-niebla\/\" \/>\n<meta property=\"og:locale\" content=\"en_GB\" \/>\n<meta property=\"og:type\" content=\"article\" \/>\n<meta property=\"og:title\" content=\"Agua de niebla\" \/>\n<meta property=\"og:description\" content=\"Breeze es agua obtenida directamente de la filtraci\u00f3n de la niebla de uno de los cielos m\u00e1s limpios del planeta, sin tocar el suelo, pura.\" \/>\n<meta property=\"og:url\" content=\"https:\/\/breezeh2o.com\/en\/agua-de-niebla\/\" \/>\n<meta property=\"og:site_name\" content=\"Breeze\" \/>\n<meta property=\"article:publisher\" content=\"https:\/\/www.facebook.com\/Breeze-probablemente-el-agua-mas-pura-del-mundo-100210431687988\" \/>\n<meta property=\"article:modified_time\" content=\"2024-02-26T00:14:26+00:00\" \/>\n<meta property=\"og:image\" content=\"https:\/\/breezeh2o.com\/wp-content\/uploads\/2018\/02\/banner-nuestra-agua.jpg\" \/>\n\t<meta property=\"og:image:width\" content=\"2000\" \/>\n\t<meta property=\"og:image:height\" content=\"1325\" \/>\n\t<meta property=\"og:image:type\" content=\"image\/jpeg\" \/>\n<meta name=\"twitter:card\" content=\"summary_large_image\" \/>\n<meta name=\"twitter:label1\" content=\"Estimated reading time\" \/>\n\t<meta name=\"twitter:data1\" content=\"7 minutes\" \/>\n<script type=\"application\/ld+json\" class=\"yoast-schema-graph\">{\"@context\":\"https:\\\/\\\/schema.org\",\"@graph\":[{\"@type\":\"WebPage\",\"@id\":\"https:\\\/\\\/breezeh2o.com\\\/agua-de-niebla\\\/\",\"url\":\"https:\\\/\\\/breezeh2o.com\\\/agua-de-niebla\\\/\",\"name\":\"Agua de niebla - Breeze Probablemente el agua m\u00e1s pura del mundo\",\"isPartOf\":{\"@id\":\"https:\\\/\\\/breezeh2o.com\\\/es\\\/#website\"},\"primaryImageOfPage\":{\"@id\":\"https:\\\/\\\/breezeh2o.com\\\/agua-de-niebla\\\/#primaryimage\"},\"image\":{\"@id\":\"https:\\\/\\\/breezeh2o.com\\\/agua-de-niebla\\\/#primaryimage\"},\"thumbnailUrl\":\"https:\\\/\\\/i0.wp.com\\\/breezeh2o.com\\\/wp-content\\\/uploads\\\/2018\\\/02\\\/banner-nuestra-agua.jpg?fit=2000%2C1325&ssl=1\",\"datePublished\":\"2018-02-11T21:54:59+00:00\",\"dateModified\":\"2024-02-26T00:14:26+00:00\",\"description\":\"Breeze es agua obtenida directamente de la filtraci\u00f3n de la niebla de uno de los cielos m\u00e1s limpios del planeta, sin tocar el suelo, pura.\",\"breadcrumb\":{\"@id\":\"https:\\\/\\\/breezeh2o.com\\\/agua-de-niebla\\\/#breadcrumb\"},\"inLanguage\":\"en-GB\",\"potentialAction\":[{\"@type\":\"ReadAction\",\"target\":[\"https:\\\/\\\/breezeh2o.com\\\/agua-de-niebla\\\/\"]}]},{\"@type\":\"ImageObject\",\"inLanguage\":\"en-GB\",\"@id\":\"https:\\\/\\\/breezeh2o.com\\\/agua-de-niebla\\\/#primaryimage\",\"url\":\"https:\\\/\\\/i0.wp.com\\\/breezeh2o.com\\\/wp-content\\\/uploads\\\/2018\\\/02\\\/banner-nuestra-agua.jpg?fit=2000%2C1325&ssl=1\",\"contentUrl\":\"https:\\\/\\\/i0.wp.com\\\/breezeh2o.com\\\/wp-content\\\/uploads\\\/2018\\\/02\\\/banner-nuestra-agua.jpg?fit=2000%2C1325&ssl=1\",\"width\":2000,\"height\":1325},{\"@type\":\"BreadcrumbList\",\"@id\":\"https:\\\/\\\/breezeh2o.com\\\/agua-de-niebla\\\/#breadcrumb\",\"itemListElement\":[{\"@type\":\"ListItem\",\"position\":1,\"name\":\"Portada\",\"item\":\"https:\\\/\\\/breezeh2o.com\\\/\"},{\"@type\":\"ListItem\",\"position\":2,\"name\":\"Agua de niebla\"}]},{\"@type\":\"WebSite\",\"@id\":\"https:\\\/\\\/breezeh2o.com\\\/es\\\/#website\",\"url\":\"https:\\\/\\\/breezeh2o.com\\\/es\\\/\",\"name\":\"Breeze\",\"description\":\"Breeze, agua de niebla\",\"publisher\":{\"@id\":\"https:\\\/\\\/breezeh2o.com\\\/es\\\/#organization\"},\"potentialAction\":[{\"@type\":\"SearchAction\",\"target\":{\"@type\":\"EntryPoint\",\"urlTemplate\":\"https:\\\/\\\/breezeh2o.com\\\/es\\\/?s={search_term_string}\"},\"query-input\":{\"@type\":\"PropertyValueSpecification\",\"valueRequired\":true,\"valueName\":\"search_term_string\"}}],\"inLanguage\":\"en-GB\"},{\"@type\":\"Organization\",\"@id\":\"https:\\\/\\\/breezeh2o.com\\\/es\\\/#organization\",\"name\":\"Breeze h2o\",\"url\":\"https:\\\/\\\/breezeh2o.com\\\/es\\\/\",\"logo\":{\"@type\":\"ImageObject\",\"inLanguage\":\"en-GB\",\"@id\":\"https:\\\/\\\/breezeh2o.com\\\/es\\\/#\\\/schema\\\/logo\\\/image\\\/\",\"url\":\"https:\\\/\\\/i0.wp.com\\\/breezeh2o.com\\\/wp-content\\\/uploads\\\/2020\\\/05\\\/BreezeV.png?fit=912%2C826&ssl=1\",\"contentUrl\":\"https:\\\/\\\/i0.wp.com\\\/breezeh2o.com\\\/wp-content\\\/uploads\\\/2020\\\/05\\\/BreezeV.png?fit=912%2C826&ssl=1\",\"width\":912,\"height\":826,\"caption\":\"Breeze h2o\"},\"image\":{\"@id\":\"https:\\\/\\\/breezeh2o.com\\\/es\\\/#\\\/schema\\\/logo\\\/image\\\/\"},\"sameAs\":[\"https:\\\/\\\/www.facebook.com\\\/Breeze-probablemente-el-agua-mas-pura-del-mundo-100210431687988\",\"https:\\\/\\\/www.instagram.com\\\/breezeh2o\\\/\"]}]}<\/script>\n<!-- \/ Yoast SEO Premium plugin. -->","yoast_head_json":{"title":"Fog Water - Breeze Probably the purest water in the world","description":"Breeze is water obtained directly from the filtration of the mist of one of the cleanest skies on the planet, without touching the ground, pure.","robots":{"index":"index","follow":"follow","max-snippet":"max-snippet:-1","max-image-preview":"max-image-preview:large","max-video-preview":"max-video-preview:-1"},"canonical":"https:\/\/breezeh2o.com\/en\/agua-de-niebla\/","og_locale":"en_GB","og_type":"article","og_title":"Agua de niebla","og_description":"Breeze es agua obtenida directamente de la filtraci\u00f3n de la niebla de uno de los cielos m\u00e1s limpios del planeta, sin tocar el suelo, pura.","og_url":"https:\/\/breezeh2o.com\/en\/agua-de-niebla\/","og_site_name":"Breeze","article_publisher":"https:\/\/www.facebook.com\/Breeze-probablemente-el-agua-mas-pura-del-mundo-100210431687988","article_modified_time":"2024-02-26T00:14:26+00:00","og_image":[{"width":2000,"height":1325,"url":"https:\/\/breezeh2o.com\/wp-content\/uploads\/2018\/02\/banner-nuestra-agua.jpg","type":"image\/jpeg"}],"twitter_card":"summary_large_image","twitter_misc":{"Estimated reading time":"7 minutes"},"schema":{"@context":"https:\/\/schema.org","@graph":[{"@type":"WebPage","@id":"https:\/\/breezeh2o.com\/agua-de-niebla\/","url":"https:\/\/breezeh2o.com\/agua-de-niebla\/","name":"Fog Water - Breeze Probably the purest water in the world","isPartOf":{"@id":"https:\/\/breezeh2o.com\/es\/#website"},"primaryImageOfPage":{"@id":"https:\/\/breezeh2o.com\/agua-de-niebla\/#primaryimage"},"image":{"@id":"https:\/\/breezeh2o.com\/agua-de-niebla\/#primaryimage"},"thumbnailUrl":"https:\/\/i0.wp.com\/breezeh2o.com\/wp-content\/uploads\/2018\/02\/banner-nuestra-agua.jpg?fit=2000%2C1325&ssl=1","datePublished":"2018-02-11T21:54:59+00:00","dateModified":"2024-02-26T00:14:26+00:00","description":"Breeze is water obtained directly from the filtration of the mist of one of the cleanest skies on the planet, without touching the ground, pure.","breadcrumb":{"@id":"https:\/\/breezeh2o.com\/agua-de-niebla\/#breadcrumb"},"inLanguage":"en-GB","potentialAction":[{"@type":"ReadAction","target":["https:\/\/breezeh2o.com\/agua-de-niebla\/"]}]},{"@type":"ImageObject","inLanguage":"en-GB","@id":"https:\/\/breezeh2o.com\/agua-de-niebla\/#primaryimage","url":"https:\/\/i0.wp.com\/breezeh2o.com\/wp-content\/uploads\/2018\/02\/banner-nuestra-agua.jpg?fit=2000%2C1325&ssl=1","contentUrl":"https:\/\/i0.wp.com\/breezeh2o.com\/wp-content\/uploads\/2018\/02\/banner-nuestra-agua.jpg?fit=2000%2C1325&ssl=1","width":2000,"height":1325},{"@type":"BreadcrumbList","@id":"https:\/\/breezeh2o.com\/agua-de-niebla\/#breadcrumb","itemListElement":[{"@type":"ListItem","position":1,"name":"Portada","item":"https:\/\/breezeh2o.com\/"},{"@type":"ListItem","position":2,"name":"Agua de niebla"}]},{"@type":"WebSite","@id":"https:\/\/breezeh2o.com\/es\/#website","url":"https:\/\/breezeh2o.com\/es\/","name":"Breeze","description":"Breeze, mist water","publisher":{"@id":"https:\/\/breezeh2o.com\/es\/#organization"},"potentialAction":[{"@type":"SearchAction","target":{"@type":"EntryPoint","urlTemplate":"https:\/\/breezeh2o.com\/es\/?s={search_term_string}"},"query-input":{"@type":"PropertyValueSpecification","valueRequired":true,"valueName":"search_term_string"}}],"inLanguage":"en-GB"},{"@type":"Organization","@id":"https:\/\/breezeh2o.com\/es\/#organization","name":"Breeze h2o","url":"https:\/\/breezeh2o.com\/es\/","logo":{"@type":"ImageObject","inLanguage":"en-GB","@id":"https:\/\/breezeh2o.com\/es\/#\/schema\/logo\/image\/","url":"https:\/\/i0.wp.com\/breezeh2o.com\/wp-content\/uploads\/2020\/05\/BreezeV.png?fit=912%2C826&ssl=1","contentUrl":"https:\/\/i0.wp.com\/breezeh2o.com\/wp-content\/uploads\/2020\/05\/BreezeV.png?fit=912%2C826&ssl=1","width":912,"height":826,"caption":"Breeze h2o"},"image":{"@id":"https:\/\/breezeh2o.com\/es\/#\/schema\/logo\/image\/"},"sameAs":["https:\/\/www.facebook.com\/Breeze-probablemente-el-agua-mas-pura-del-mundo-100210431687988","https:\/\/www.instagram.com\/breezeh2o\/"]}]}},"jetpack_sharing_enabled":true,"_links":{"self":[{"href":"https:\/\/breezeh2o.com\/en\/wp-json\/wp\/v2\/pages\/5990","targetHints":{"allow":["GET"]}}],"collection":[{"href":"https:\/\/breezeh2o.com\/en\/wp-json\/wp\/v2\/pages"}],"about":[{"href":"https:\/\/breezeh2o.com\/en\/wp-json\/wp\/v2\/types\/page"}],"author":[{"embeddable":true,"href":"https:\/\/breezeh2o.com\/en\/wp-json\/wp\/v2\/users\/4"}],"replies":[{"embeddable":true,"href":"https:\/\/breezeh2o.com\/en\/wp-json\/wp\/v2\/comments?post=5990"}],"version-history":[{"count":5,"href":"https:\/\/breezeh2o.com\/en\/wp-json\/wp\/v2\/pages\/5990\/revisions"}],"predecessor-version":[{"id":6790,"href":"https:\/\/breezeh2o.com\/en\/wp-json\/wp\/v2\/pages\/5990\/revisions\/6790"}],"wp:featuredmedia":[{"embeddable":true,"href":"https:\/\/breezeh2o.com\/en\/wp-json\/wp\/v2\/media\/6078"}],"wp:attachment":[{"href":"https:\/\/breezeh2o.com\/en\/wp-json\/wp\/v2\/media?parent=5990"}],"curies":[{"name":"wp","href":"https:\/\/api.w.org\/{rel}","templated":true}]}}